{"id":632,"date":"2022-03-21T07:42:33","date_gmt":"2022-03-21T07:42:33","guid":{"rendered":"https:\/\/albatrosendustri.com\/home\/"},"modified":"2025-02-11T00:02:33","modified_gmt":"2025-02-10T21:02:33","slug":"anasayfa","status":"publish","type":"page","link":"https:\/\/albatrosendustri.com\/ru\/","title":{"rendered":"\u0414\u043e\u043c"},"content":{"rendered":"<h2>\n\t\t\u041d\u0430\u0448\u0438 \u043f\u0440\u043e\u0434\u0443\u043a\u0442\u044b\n\t<\/h2>\n\t<p><strong>Albatros End\u00fcstri<\/strong> \u041c\u044b \u0440\u0430\u0437\u0440\u0430\u0431\u0430\u0442\u044b\u0432\u0430\u0435\u043c \u0438\u043d\u043d\u043e\u0432\u0430\u0446\u0438\u043e\u043d\u043d\u044b\u0435 \u043f\u0440\u043e\u0434\u0443\u043a\u0442\u044b, \u043a\u043e\u0442\u043e\u0440\u044b\u0435 \u043e\u0431\u0435\u0441\u043f\u0435\u0447\u0438\u0432\u0430\u044e\u0442 \u0432\u044b\u0441\u043e\u043a\u043e\u0435 \u043a\u0430\u0447\u0435\u0441\u0442\u0432\u043e \u0438 \u044d\u0444\u0444\u0435\u043a\u0442\u0438\u0432\u043d\u043e\u0441\u0442\u044c \u0434\u043b\u044f \u0432\u0430\u0448\u0438\u0445 \u043f\u0440\u043e\u043c\u044b\u0448\u043b\u0435\u043d\u043d\u044b\u0445 \u0440\u0435\u0448\u0435\u043d\u0438\u0439. \u0410\u0441\u0441\u043e\u0440\u0442\u0438\u043c\u0435\u043d\u0442 \u043d\u0430\u0448\u0435\u0439 \u043f\u0440\u043e\u0434\u0443\u043a\u0446\u0438\u0438 \u0441\u043e\u0441\u0442\u043e\u0438\u0442 \u0438\u0437 \u0442\u0449\u0430\u0442\u0435\u043b\u044c\u043d\u043e \u0440\u0430\u0437\u0440\u0430\u0431\u043e\u0442\u0430\u043d\u043d\u044b\u0445 \u0438 \u0438\u0437\u0433\u043e\u0442\u043e\u0432\u043b\u0435\u043d\u043d\u044b\u0445 \u043c\u0430\u0448\u0438\u043d, \u043e\u0442\u0432\u0435\u0447\u0430\u044e\u0449\u0438\u0445 \u043f\u043e\u0442\u0440\u0435\u0431\u043d\u043e\u0441\u0442\u044f\u043c \u0440\u0430\u0437\u043b\u0438\u0447\u043d\u044b\u0445 \u043e\u0442\u0440\u0430\u0441\u043b\u0435\u0439.<\/p>\n\t\t\t<a href=\"https:\/\/albatrosendustri.com\/ru\/urunlerimiz\/\" target=\"_self\">\n\t\t\t\t\t\t\t\u041f\u043e\u0441\u043c\u043e\u0442\u0440\u0435\u0442\u044c \u043d\u0430\u0448\u0438 \u0442\u043e\u0432\u0430\u0440\u044b\n\t\t\t<\/a>\n\t\t\t\t<img decoding=\"async\" src=\"https:\/\/albatrosendustri.com\/wp-content\/uploads\/2025\/02\/c9aa8ba0-f4cb-4a60-9656-e94f13dfa179.png\" alt=\"c9aa8ba0-f4cb-4a60-9656-e94f13dfa179\" itemprop=\"image\" height=\"768\" width=\"768\" title=\"c9aa8ba0-f4cb-4a60-9656-e94f13dfa179\" onerror=\"this.style.display='none'\"  \/>\n\t<h3>\u041c\u0430\u0448\u0438\u043d\u0430 \u0434\u043b\u044f \u0443\u043f\u0430\u043a\u043e\u0432\u043a\u0438 \u0438 \u0444\u0430\u0441\u043e\u0432\u043a\u0438 \u0441\u0442\u0438\u043a\u043e\u0432<\/h3>\n<p><a href=\"https:\/\/albatrosendustri.com\/ru\/urunlerimiz\/stick-paketleme-ve-dolum-makinesi\/\">\u041e\u0431\u0437\u043e\u0440 \u043f\u0440\u043e\u0434\u0443\u043a\u0446\u0438\u0438\u00a0<\/a><\/p>\n\t\t\t\t<img decoding=\"async\" src=\"https:\/\/albatrosendustri.com\/wp-content\/uploads\/2024\/08\/Adsiz-tasarim-8-1.png\" alt=\"Zeytinya\u011f\u0131 Deplama Tank\u0131\" itemprop=\"image\" height=\"768\" width=\"768\" title=\"Ads\u0131z tasar\u0131m (8)\" onerror=\"this.style.display='none'\"  \/>\n\t<h3 class=\" translation-block\">\u0417\u0430\u043f\u0430\u0441\n\u0442\u0430\u043d\u043a\u0438<\/h3>\n<p><a href=\"https:\/\/albatrosendustri.com\/ru\/urunlerimiz\/stok-tanklari\/\">\u041e\u0431\u0437\u043e\u0440 \u043f\u0440\u043e\u0434\u0443\u043a\u0446\u0438\u0438<\/a><\/p>\n\t\t\t\t<img decoding=\"async\" src=\"https:\/\/albatrosendustri.com\/wp-content\/uploads\/2024\/08\/Adsiz-tasarim-7-2.png\" alt=\"Ads\u0131z tasar\u0131m (7)\" itemprop=\"image\" height=\"768\" width=\"768\" title=\"Ads\u0131z tasar\u0131m (7)\" onerror=\"this.style.display='none'\"  \/>\n\t<h3>\u0421\u0436\u0430\u0442\u044b\u0439 \u0432\u043e\u0437\u0434\u0443\u0445 <br \/>\u0423\u0441\u0442\u0430\u043d\u043e\u0432\u043a\u0430<\/h3>\n<p><a href=\"https:\/\/albatrosendustri.com\/ru\/urunlerimiz\/mekanik-tesisat\/basincli-hava-tesisati\/\">\u041e\u0431\u0437\u043e\u0440 \u043f\u0440\u043e\u0434\u0443\u043a\u0446\u0438\u0438<\/a><\/p>\n\t\t\t\t<img decoding=\"async\" src=\"https:\/\/albatrosendustri.com\/wp-content\/uploads\/2024\/08\/Adsiz-tasarim-6-3.png\" alt=\"Ads\u0131z tasar\u0131m (6)\" itemprop=\"image\" height=\"768\" width=\"768\" title=\"Ads\u0131z tasar\u0131m (6)\" onerror=\"this.style.display='none'\"  \/>\n\t<h3>\u041f\u0430\u0440<br \/> \u0423\u0441\u0442\u0430\u043d\u043e\u0432\u043a\u0430<\/h3>\n<p><a href=\"https:\/\/albatrosendustri.com\/ru\/urunlerimiz\/mekanik-tesisat\/buhar-tesisati\/\">\u041e\u0431\u0437\u043e\u0440 \u043f\u0440\u043e\u0434\u0443\u043a\u0446\u0438\u0438<\/a><\/p>\n\t\t\t\t<img decoding=\"async\" src=\"https:\/\/albatrosendustri.com\/wp-content\/uploads\/2024\/08\/Adsiz-tasarim-3-2.png\" alt=\"L \u041a\u043e\u043d\u0432\u0435\u0439\u0435\u0440\u043d\u0430\u044f \u043b\u0435\u043d\u0442\u0430\" itemprop=\"image\" height=\"768\" width=\"768\" title=\"Ads\u0131z tasar\u0131m (3)\" onerror=\"this.style.display='none'\"  \/>\n\t<h3 class=\" translation-block\">\u0422\u0440\u0430\u043d\u0441\u043f\u043e\u0440\u0442\n\u0433\u0440\u0443\u043f\u043f\u044b<\/h3>\n<p><a href=\"https:\/\/albatrosendustri.com\/ru\/urunlerimiz\/tasima-bantlari\/\">\u041e\u0431\u0437\u043e\u0440 \u043f\u0440\u043e\u0434\u0443\u043a\u0446\u0438\u0438<\/a><\/p>\n\t\t\t\t<img decoding=\"async\" src=\"https:\/\/albatrosendustri.com\/wp-content\/uploads\/2024\/08\/Adsiz-tasarim-4-4.png\" alt=\"Ads\u0131z tasar\u0131m (4)\" itemprop=\"image\" height=\"768\" width=\"768\" title=\"Ads\u0131z tasar\u0131m (4)\" onerror=\"this.style.display='none'\"  \/>\n\t<h3>\u0413\u043e\u0440\u044f\u0447\u0435\u0435 \u043c\u0430\u0441\u043b\u043e <br \/>\u0423\u0441\u0442\u0430\u043d\u043e\u0432\u043a\u0430<\/h3>\n<p><a href=\"https:\/\/albatrosendustri.com\/ru\/urunlerimiz\/mekanik-tesisat\/kizgin-yag-tesisati\/\">\u041e\u0431\u0437\u043e\u0440 \u043f\u0440\u043e\u0434\u0443\u043a\u0446\u0438\u0438<\/a><\/p>\n\t\t\t\t<img decoding=\"async\" src=\"https:\/\/albatrosendustri.com\/wp-content\/uploads\/2024\/08\/Adsiz-tasarim-5-4.png\" alt=\"Ads\u0131z tasar\u0131m (5)\" itemprop=\"image\" height=\"768\" width=\"768\" title=\"Ads\u0131z tasar\u0131m (5)\" onerror=\"this.style.display='none'\"  \/>\n\t<h3>\u0421\u0442\u043e\u043a \u0441 \u043c\u0438\u043a\u0441\u0435\u0440\u043e\u043c<br \/> \u0420\u0435\u0437\u0435\u0440\u0432\u0443\u0430\u0440<\/h3>\n<p><a href=\"https:\/\/albatrosendustri.com\/ru\/urunlerimiz\/gida-makineleri\/mikser\/\">\u041e\u0431\u0437\u043e\u0440 \u043f\u0440\u043e\u0434\u0443\u043a\u0446\u0438\u0438<\/a><\/p>\n\t\t\t\t<img decoding=\"async\" src=\"https:\/\/albatrosendustri.com\/wp-content\/uploads\/2024\/08\/Adsiz-tasarim-4-3.png\" alt=\"Ads\u0131z tasar\u0131m (4)\" itemprop=\"image\" height=\"768\" width=\"768\" title=\"Ads\u0131z tasar\u0131m (4)\" onerror=\"this.style.display='none'\"  \/>\n\t<h3>\u041c\u0430\u0448\u0438\u043d\u0430 \u0434\u043b\u044f \u0437\u0430\u043c\u0435\u0448\u0438\u0432\u0430\u043d\u0438\u044f \u0442\u0435\u0441\u0442\u0430 \u0434\u043b\u044f \u0445\u043b\u0435\u0431\u0430<\/h3>\n<p><a href=\"https:\/\/albatrosendustri.com\/ru\/urunlerimiz\/gida-makineleri\/ekmek-hamuru-yogurma-makinesi\/\">\u041e\u0431\u0437\u043e\u0440 \u043f\u0440\u043e\u0434\u0443\u043a\u0446\u0438\u0438<\/a><\/p>\n<h2>\n\t\t\u041c\u044b \u0440\u0430\u0441\u043f\u0440\u0430\u0432\u043b\u044f\u0435\u043c \u043a\u0440\u044b\u043b\u044c\u044f \u0434\u043b\u044f \u0432\u0430\u0441\n\t<\/h2>\n\t<p>\u041a\u043e\u043c\u043f\u0430\u043d\u0438\u044f Albatros End\u00fcstri \u0433\u043e\u0442\u043e\u0432\u0430 \u0440\u0430\u0441\u0448\u0438\u0440\u0438\u0442\u044c \u0433\u043e\u0440\u0438\u0437\u043e\u043d\u0442\u044b \u0432\u0430\u0448\u0435\u0433\u043e \u0431\u0438\u0437\u043d\u0435\u0441\u0430 \u0431\u043b\u0430\u0433\u043e\u0434\u0430\u0440\u044f \u0448\u0438\u0440\u043e\u043a\u043e\u043c\u0443 \u0441\u043f\u0435\u043a\u0442\u0440\u0443 \u0440\u0435\u0448\u0435\u043d\u0438\u0439 \u0434\u043b\u044f \u0443\u043f\u0430\u043a\u043e\u0432\u043a\u0438 \u0438 \u0440\u043e\u0437\u043b\u0438\u0432\u0430. \u0421 \u043d\u0430\u0448\u0438\u043c\u0438 \u043c\u0430\u0448\u0438\u043d\u0430\u043c\u0438, \u043a\u043e\u0442\u043e\u0440\u044b\u0435 \u043e\u0442\u0440\u0430\u0436\u0430\u044e\u0442 \u0441\u0438\u043b\u0443 \u0438 \u0434\u043e\u043b\u0433\u043e\u0432\u0435\u0447\u043d\u043e\u0441\u0442\u044c \u043f\u0442\u0438\u0446\u044b Albatros, \u043c\u044b \u043f\u0440\u0435\u0434\u043b\u0430\u0433\u0430\u0435\u043c \u0441\u0430\u043c\u044b\u0435 \u044d\u0444\u0444\u0435\u043a\u0442\u0438\u0432\u043d\u044b\u0435 \u0440\u0435\u0448\u0435\u043d\u0438\u044f, \u0440\u0430\u0441\u0448\u0438\u0440\u044f\u044f \u0433\u0440\u0430\u043d\u0438\u0446\u044b \u0432\u043e\u0437\u043c\u043e\u0436\u043d\u043e\u0441\u0442\u0435\u0439. \u0411\u0443\u0434\u044c \u0442\u043e \u043f\u0440\u0430\u043a\u0442\u0438\u0447\u043d\u044b\u0435 \u0440\u0435\u0448\u0435\u043d\u0438\u044f \u0434\u043b\u044f \u043d\u0435\u0431\u043e\u043b\u044c\u0448\u0438\u0445 \u043f\u0440\u043e\u0435\u043a\u0442\u043e\u0432 \u0438\u043b\u0438 \u0441\u043f\u0435\u0446\u0438\u0430\u043b\u044c\u043d\u044b\u0435 \u0440\u0430\u0437\u0440\u0430\u0431\u043e\u0442\u043a\u0438 \u0434\u043b\u044f \u043a\u0440\u0443\u043f\u043d\u044b\u0445 \u043f\u0440\u043e\u043c\u044b\u0448\u043b\u0435\u043d\u043d\u044b\u0445 \u043f\u0440\u0435\u0434\u043f\u0440\u0438\u044f\u0442\u0438\u0439 - \u043c\u044b \u0433\u043e\u0442\u043e\u0432\u044b \u043f\u0440\u0435\u0434\u043b\u043e\u0436\u0438\u0442\u044c \u0432\u0430\u043c \u043f\u0440\u0435\u0434\u043b\u043e\u0436\u0435\u043d\u0438\u044f, \u0441\u043e\u043e\u0442\u0432\u0435\u0442\u0441\u0442\u0432\u0443\u044e\u0449\u0438\u0435 \u0432\u0430\u0448\u0438\u043c \u043f\u043e\u0442\u0440\u0435\u0431\u043d\u043e\u0441\u0442\u044f\u043c.<\/p>\n<p><strong>\u0422\u0435\u043f\u0435\u0440\u044c \u0440\u0430\u0441\u043f\u0440\u0430\u0432\u044c\u0442\u0435 \u043a\u0440\u044b\u043b\u044c\u044f,<\/strong> \u0438 \u0437\u0430\u043f\u043e\u043b\u043d\u0438\u0442\u0435 \u0444\u043e\u0440\u043c\u0443, \u0447\u0442\u043e\u0431\u044b \u043f\u043e\u0437\u043d\u0430\u043a\u043e\u043c\u0438\u0442\u044c\u0441\u044f \u0441 \u0440\u0435\u0448\u0435\u043d\u0438\u044f\u043c\u0438, \u043a\u043e\u0442\u043e\u0440\u044b\u0435 \u043f\u0435\u0440\u0435\u0441\u0435\u043a\u0430\u044e\u0442 \u0433\u0440\u0430\u043d\u0438\u0446\u044b.<\/p>\n\t\t\t<a href=\"https:\/\/albatrosendustri.com\/ru\/teklif-al\/\" target=\"_self\">\n\t\t\t\t\t\t\t\u0421\u043e\u0437\u0434\u0430\u0442\u044c \u043f\u0440\u0435\u0434\u043b\u043e\u0436\u0435\u043d\u0438\u0435\n\t\t\t<\/a>\n\t\t\t\t<img decoding=\"async\" src=\"https:\/\/albatrosendustri.com\/wp-content\/uploads\/2024\/08\/c.png\" alt=\"c\" itemprop=\"image\" height=\"600\" width=\"768\" title=\"c\" onerror=\"this.style.display='none'\"  \/>\n<h2>\n\t\tAlbatros&#8217;un \u0130zinde\n\t<\/h2>\n\t<p>Albatros Industry - \u043f\u0438\u043e\u043d\u0435\u0440, \u043f\u0440\u0435\u0434\u043b\u0430\u0433\u0430\u044e\u0449\u0438\u0439 \u043f\u0440\u043e\u043c\u044b\u0448\u043b\u0435\u043d\u043d\u044b\u0435 \u0440\u0435\u0448\u0435\u043d\u0438\u044f, \u043e\u0431\u043b\u0430\u0434\u0430\u044e\u0449\u0438\u0439 \u0448\u0438\u0440\u043e\u043a\u0438\u043c \u043a\u0440\u0443\u0433\u043e\u0437\u043e\u0440\u043e\u043c \u0438 \u0434\u043e\u043b\u0433\u043e\u0432\u0435\u0447\u043d\u043e\u0441\u0442\u044c\u044e, \u043a\u0430\u043a \u043f\u0442\u0438\u0446\u0430 \u0430\u043b\u044c\u0431\u0430\u0442\u0440\u043e\u0441, \u043e\u0442 \u043a\u043e\u0442\u043e\u0440\u043e\u0439 \u043e\u043d \u043f\u043e\u043b\u0443\u0447\u0438\u043b \u0441\u0432\u043e\u0435 \u043d\u0430\u0437\u0432\u0430\u043d\u0438\u0435. \u041c\u044b \u0432\u043d\u043e\u0441\u0438\u043c \u0438\u0437\u043c\u0435\u043d\u0435\u043d\u0438\u044f \u0432 \u0441\u0435\u043a\u0442\u043e\u0440 \u0443\u043f\u0430\u043a\u043e\u0432\u043e\u0447\u043d\u043e\u0433\u043e \u0438 \u0444\u0430\u0441\u043e\u0432\u043e\u0447\u043d\u043e\u0433\u043e \u043e\u0431\u043e\u0440\u0443\u0434\u043e\u0432\u0430\u043d\u0438\u044f \u0431\u043b\u0430\u0433\u043e\u0434\u0430\u0440\u044f \u043d\u0430\u0448\u0438\u043c \u0432\u044b\u0441\u043e\u043a\u043e\u044d\u0444\u0444\u0435\u043a\u0442\u0438\u0432\u043d\u044b\u043c \u0438 \u0438\u043d\u043d\u043e\u0432\u0430\u0446\u0438\u043e\u043d\u043d\u044b\u043c \u043f\u0440\u043e\u0434\u0443\u043a\u0442\u0430\u043c. \u041d\u0430\u0448 \u0430\u0441\u0441\u043e\u0440\u0442\u0438\u043c\u0435\u043d\u0442 \u043f\u0440\u043e\u0434\u0443\u043a\u0446\u0438\u0438 \u043f\u043e\u043c\u043e\u0436\u0435\u0442 \u0432\u0430\u043c \u043e\u043f\u0442\u0438\u043c\u0438\u0437\u0438\u0440\u043e\u0432\u0430\u0442\u044c \u0431\u0438\u0437\u043d\u0435\u0441-\u043f\u0440\u043e\u0446\u0435\u0441\u0441\u044b, \u043f\u0440\u0435\u0434\u043b\u0430\u0433\u0430\u044f \u0441\u043e\u0432\u0440\u0435\u043c\u0435\u043d\u043d\u044b\u0435 \u0438 \u044d\u0444\u0444\u0435\u043a\u0442\u0438\u0432\u043d\u044b\u0435 \u0440\u0435\u0448\u0435\u043d\u0438\u044f \u0434\u043b\u044f \u0440\u0430\u0437\u043b\u0438\u0447\u043d\u044b\u0445 \u043e\u0442\u0440\u0430\u0441\u043b\u0435\u0439 \u043f\u0440\u043e\u043c\u044b\u0448\u043b\u0435\u043d\u043d\u043e\u0441\u0442\u0438.<\/p>\n\t\t\t<a href=\"https:\/\/albatrosendustri.com\/ru\/hakkimizda\/\" target=\"_self\">\n\t\t\t\t\t\t\t\u0423\u0437\u043d\u0430\u0439\u0442\u0435 \u043d\u0430\u0441\n\t\t\t<\/a>\n<h2>\n\t\t\u0427\u0430\u0441\u0442\u043e \u0437\u0430\u0434\u0430\u0432\u0430\u0435\u043c\u044b\u0435 \u0432\u043e\u043f\u0440\u043e\u0441\u044b\n\t<\/h2>\n\t<p>\u0427\u0442\u043e\u0431\u044b \u043d\u0430\u0448\u0438 \u0443\u0432\u0430\u0436\u0430\u0435\u043c\u044b\u0435 \u043a\u043b\u0438\u0435\u043d\u0442\u044b \u043c\u043e\u0433\u043b\u0438 \u043d\u0430\u0438\u043b\u0443\u0447\u0448\u0438\u043c \u043e\u0431\u0440\u0430\u0437\u043e\u043c \u0438\u0441\u043f\u043e\u043b\u044c\u0437\u043e\u0432\u0430\u0442\u044c \u0441\u0432\u043e\u0435 \u0432\u0440\u0435\u043c\u044f, \u043c\u044b \u0440\u0435\u0448\u0438\u043b\u0438 \u043e\u0442\u0432\u0435\u0442\u0438\u0442\u044c \u043d\u0430 \u0447\u0430\u0441\u0442\u043e \u0437\u0430\u0434\u0430\u0432\u0430\u0435\u043c\u044b\u0435 \u0432\u043e\u043f\u0440\u043e\u0441\u044b \u0437\u0434\u0435\u0441\u044c.<\/p>\n\t\t\t\t\t\t\t\t\t\t<h4 tabindex=\"0\">\u0412 \u043a\u0430\u043a\u0438\u0445 \u043e\u0442\u0440\u0430\u0441\u043b\u044f\u0445 \u043c\u043e\u0436\u0435\u0442 \u0438\u0441\u043f\u043e\u043b\u044c\u0437\u043e\u0432\u0430\u0442\u044c\u0441\u044f \u0432\u0430\u0448\u0435 \u043e\u0431\u043e\u0440\u0443\u0434\u043e\u0432\u0430\u043d\u0438\u0435?<\/h4>\n\t\t\t\t\t<p>\u041d\u0430\u0448\u0435 \u043e\u0431\u043e\u0440\u0443\u0434\u043e\u0432\u0430\u043d\u0438\u0435 \u043c\u043e\u0436\u0435\u0442 \u0438\u0441\u043f\u043e\u043b\u044c\u0437\u043e\u0432\u0430\u0442\u044c\u0441\u044f \u0432 \u043f\u0438\u0449\u0435\u0432\u043e\u0439, \u043a\u043e\u0441\u043c\u0435\u0442\u0438\u0447\u0435\u0441\u043a\u043e\u0439, \u0445\u0438\u043c\u0438\u0447\u0435\u0441\u043a\u043e\u0439 \u0438 \u0434\u0440\u0443\u0433\u0438\u0445 \u043e\u0442\u0440\u0430\u0441\u043b\u044f\u0445 \u043f\u0440\u043e\u043c\u044b\u0448\u043b\u0435\u043d\u043d\u043e\u0441\u0442\u0438. \u041d\u0430\u0448\u0430 \u043f\u0440\u043e\u0434\u0443\u043a\u0446\u0438\u044f \u043f\u0440\u0435\u0434\u043b\u0430\u0433\u0430\u0435\u0442 \u0438\u043d\u0434\u0438\u0432\u0438\u0434\u0443\u0430\u043b\u044c\u043d\u044b\u0435 \u0438 \u0432\u044b\u0441\u043e\u043a\u043e\u043f\u0440\u043e\u0438\u0437\u0432\u043e\u0434\u0438\u0442\u0435\u043b\u044c\u043d\u044b\u0435 \u0440\u0435\u0448\u0435\u043d\u0438\u044f \u0432 \u0441\u043e\u043e\u0442\u0432\u0435\u0442\u0441\u0442\u0432\u0438\u0438 \u0441 \u043a\u043e\u043d\u043a\u0440\u0435\u0442\u043d\u044b\u043c\u0438 \u043f\u043e\u0442\u0440\u0435\u0431\u043d\u043e\u0441\u0442\u044f\u043c\u0438 \u043a\u0430\u0436\u0434\u043e\u0433\u043e \u0441\u0435\u043a\u0442\u043e\u0440\u0430.<\/p>\n\t\t\t\t\t\t\t\t\t\t<h4 tabindex=\"0\">\u041a\u0430\u043a\u043e\u0432 \u0441\u0440\u043e\u043a \u043f\u043e\u0441\u0442\u0430\u0432\u043a\u0438 \u0432\u0430\u0448\u0435\u0439 \u043f\u0440\u043e\u0434\u0443\u043a\u0446\u0438\u0438?<\/h4>\n\t\t\t\t\t<p>\u0421\u0440\u043e\u043a \u0434\u043e\u0441\u0442\u0430\u0432\u043a\u0438 \u043c\u043e\u0436\u0435\u0442 \u0432\u0430\u0440\u044c\u0438\u0440\u043e\u0432\u0430\u0442\u044c\u0441\u044f \u0432 \u0437\u0430\u0432\u0438\u0441\u0438\u043c\u043e\u0441\u0442\u0438 \u043e\u0442 \u0442\u0438\u043f\u0430 \u0442\u043e\u0432\u0430\u0440\u0430 \u0438 \u0440\u0430\u0437\u043c\u0435\u0440\u0430 \u0437\u0430\u043a\u0430\u0437\u0430. \u041e\u0431\u044b\u0447\u043d\u043e \u0434\u043e\u0441\u0442\u0430\u0432\u043a\u0430 \u043e\u0441\u0443\u0449\u0435\u0441\u0442\u0432\u043b\u044f\u0435\u0442\u0441\u044f \u0432 \u0442\u0435\u0447\u0435\u043d\u0438\u0435 4-6 \u043d\u0435\u0434\u0435\u043b\u044c \u0441 \u043c\u043e\u043c\u0435\u043d\u0442\u0430 \u043f\u043e\u0434\u0442\u0432\u0435\u0440\u0436\u0434\u0435\u043d\u0438\u044f \u0437\u0430\u043a\u0430\u0437\u0430. \u0414\u043b\u044f \u043f\u043e\u043b\u0443\u0447\u0435\u043d\u0438\u044f \u043f\u043e\u0434\u0440\u043e\u0431\u043d\u043e\u0439 \u0438\u043d\u0444\u043e\u0440\u043c\u0430\u0446\u0438\u0438 \u0432\u044b \u043c\u043e\u0436\u0435\u0442\u0435 \u0441\u0432\u044f\u0437\u0430\u0442\u044c\u0441\u044f \u0441 \u043d\u0430\u0448\u0438\u043c \u043e\u0442\u0434\u0435\u043b\u043e\u043c \u043f\u0440\u043e\u0434\u0430\u0436.<\/p>\n\t\t\t\t\t\t\t\t\t\t<h4 tabindex=\"0\">\u041a\u0430\u043a\u043e\u0432 \u0441\u0440\u043e\u043a \u0433\u0430\u0440\u0430\u043d\u0442\u0438\u0438 \u043d\u0430 \u0432\u0430\u0448\u0438 \u043c\u0430\u0448\u0438\u043d\u044b?<\/h4>\n\t\t\t\t\t<p>\u041d\u0430 \u0432\u0441\u0435 \u043d\u0430\u0448\u0438 \u043c\u0430\u0448\u0438\u043d\u044b \u043f\u0440\u0435\u0434\u043e\u0441\u0442\u0430\u0432\u043b\u044f\u0435\u0442\u0441\u044f \u0433\u0430\u0440\u0430\u043d\u0442\u0438\u044f 1 \u0433\u043e\u0434 \u0441 \u043c\u043e\u043c\u0435\u043d\u0442\u0430 \u043f\u043e\u043a\u0443\u043f\u043a\u0438. \u0412 \u0442\u0435\u0447\u0435\u043d\u0438\u0435 \u0433\u0430\u0440\u0430\u043d\u0442\u0438\u0439\u043d\u043e\u0433\u043e \u0441\u0440\u043e\u043a\u0430 \u0432\u044b \u043c\u043e\u0436\u0435\u0442\u0435 \u0441\u0432\u044f\u0437\u0430\u0442\u044c\u0441\u044f \u0441 \u043d\u0430\u0448\u0435\u0439 \u0441\u043b\u0443\u0436\u0431\u043e\u0439 \u043f\u043e\u0434\u0434\u0435\u0440\u0436\u043a\u0438, \u0435\u0441\u043b\u0438 \u0443 \u0432\u0430\u0441 \u0432\u043e\u0437\u043d\u0438\u043a\u043d\u0443\u0442 \u043a\u0430\u043a\u0438\u0435-\u043b\u0438\u0431\u043e \u043f\u0440\u043e\u0431\u043b\u0435\u043c\u044b \u0441 \u043d\u0430\u0448\u0435\u0439 \u043f\u0440\u043e\u0434\u0443\u043a\u0446\u0438\u0435\u0439.<\/p>\n\t\t\t\t\t\t\t\t\t\t<h4 tabindex=\"0\">\u0418\u0437\u0433\u043e\u0442\u0430\u0432\u043b\u0438\u0432\u0430\u0435\u0442\u0435 \u043b\u0438 \u0432\u044b \u043c\u0430\u0448\u0438\u043d\u044b \u043f\u043e \u0438\u043d\u0434\u0438\u0432\u0438\u0434\u0443\u0430\u043b\u044c\u043d\u044b\u043c \u0437\u0430\u043a\u0430\u0437\u0430\u043c?<\/h4>\n\t\t\t\t\t<p>\u0414\u0430, \u043c\u044b \u043f\u0440\u0435\u0434\u043b\u0430\u0433\u0430\u0435\u043c \u0433\u0438\u0431\u043a\u043e\u0441\u0442\u044c \u0432 \u043f\u0440\u043e\u0438\u0437\u0432\u043e\u0434\u0441\u0442\u0432\u0435 \u043c\u0430\u0448\u0438\u043d \u043d\u0430 \u0437\u0430\u043a\u0430\u0437 \u0432 \u0441\u043e\u043e\u0442\u0432\u0435\u0442\u0441\u0442\u0432\u0438\u0438 \u0441 \u0432\u0430\u0448\u0438\u043c\u0438 \u043a\u043e\u043d\u043a\u0440\u0435\u0442\u043d\u044b\u043c\u0438 \u043f\u043e\u0442\u0440\u0435\u0431\u043d\u043e\u0441\u0442\u044f\u043c\u0438 \u0438 \u0437\u0430\u043f\u0440\u043e\u0441\u0430\u043c\u0438. \u0412\u044b \u043c\u043e\u0436\u0435\u0442\u0435 \u0441\u0432\u044f\u0437\u0430\u0442\u044c\u0441\u044f \u0441 \u043d\u0430\u043c\u0438, \u0447\u0442\u043e\u0431\u044b \u043f\u043e\u0434\u0440\u043e\u0431\u043d\u043e \u043e\u043f\u0438\u0441\u0430\u0442\u044c \u0441\u0432\u043e\u0438 \u043f\u043e\u0442\u0440\u0435\u0431\u043d\u043e\u0441\u0442\u0438 \u0438 \u043f\u043e\u043b\u0443\u0447\u0438\u0442\u044c \u0438\u043d\u0434\u0438\u0432\u0438\u0434\u0443\u0430\u043b\u044c\u043d\u044b\u0435 \u0440\u0435\u0448\u0435\u043d\u0438\u044f, \u0441\u043e\u043e\u0442\u0432\u0435\u0442\u0441\u0442\u0432\u0443\u044e\u0449\u0438\u0435 \u0442\u0440\u0435\u0431\u043e\u0432\u0430\u043d\u0438\u044f\u043c \u0432\u0430\u0448\u0435\u0433\u043e \u043f\u0440\u043e\u0435\u043a\u0442\u0430.<\/p>\n\t\t\t\t\t\t\t\t\t\t<h4 tabindex=\"0\">\u041a\u0430\u043a\u043e\u0432\u0430 \u043f\u0440\u043e\u0438\u0437\u0432\u043e\u0434\u0438\u0442\u0435\u043b\u044c\u043d\u043e\u0441\u0442\u044c \u0432\u0430\u0448\u0438\u0445 \u043c\u0430\u0448\u0438\u043d?<\/h4>\n<p>\u041d\u0430\u0448\u0438 \u043c\u0430\u0448\u0438\u043d\u044b \u0440\u0430\u0437\u043b\u0438\u0447\u0430\u044e\u0442\u0441\u044f \u0432 \u0437\u0430\u0432\u0438\u0441\u0438\u043c\u043e\u0441\u0442\u0438 \u043e\u0442 \u043c\u043e\u0434\u0435\u043b\u0438 \u0438 \u043f\u043e\u0442\u0440\u0435\u0431\u043d\u043e\u0441\u0442\u0435\u0439. \u041c\u044b \u043f\u0440\u0435\u0434\u043b\u0430\u0433\u0430\u0435\u043c \u0432\u0430\u0440\u0438\u0430\u043d\u0442\u044b \u043f\u0440\u043e\u0438\u0437\u0432\u043e\u0434\u0438\u0442\u0435\u043b\u044c\u043d\u043e\u0441\u0442\u0438, \u0441\u043e\u043e\u0442\u0432\u0435\u0442\u0441\u0442\u0432\u0443\u044e\u0449\u0438\u0435 \u0432\u0430\u0448\u0438\u043c \u043f\u043e\u0442\u0440\u0435\u0431\u043d\u043e\u0441\u0442\u044f\u043c.<\/p>\n\t\t\t<a href=\"https:\/\/albatrosendustri.com\/ru\/iletisim\/\" target=\"_self\">\n\t\t\t\t\t\t\t\u0423 \u0432\u0430\u0441 \u0435\u0441\u0442\u044c \u0435\u0449\u0435 \u0432\u043e\u043f\u0440\u043e\u0441\u044b?\n\t\t\t<\/a>","protected":false},"excerpt":{"rendered":"<p>\u00dcr\u00fcnlerimiz Albatros End\u00fcstri olarak, end\u00fcstriyel [&hellip;]<\/p>","protected":false},"author":3,"featured_media":0,"parent":0,"menu_order":0,"comment_status":"closed","ping_status":"closed","template":"","meta":{"site-sidebar-layout":"no-sidebar","site-content-layout":"page-builder","ast-site-content-layout":"full-width-container","site-content-style":"unboxed","site-sidebar-style":"unboxed","ast-global-header-display":"","ast-banner-title-visibility":"","ast-main-header-display":"","ast-hfb-above-header-display":"","ast-hfb-below-header-display":"","ast-hfb-mobile-header-display":"","site-post-title":"disabled","ast-breadcrumbs-content":"","ast-featured-img":"disabled","footer-sml-layout":"","theme-transparent-header-meta":"default","adv-header-id-meta":"","stick-header-meta":"","header-above-stick-meta":"","header-main-stick-meta":"","header-below-stick-meta":"","astra-migrate-meta-layouts":"set","ast-page-background-enabled":"default","ast-page-background-meta":{"desktop":{"background-color":"","background-image":"","background-repeat":"repeat","background-position":"center center","background-size":"auto","background-attachment":"scroll","background-type":"","background-media":"","overlay-type":"","overlay-color":"","overlay-opacity":"","overlay-gradient":""},"tablet":{"background-color":"","background-image":"","background-repeat":"repeat","background-position":"center center","background-size":"auto","background-attachment":"scroll","background-type":"","background-media":"","overlay-type":"","overlay-color":"","overlay-opacity":"","overlay-gradient":""},"mobile":{"background-color":"","background-image":"","background-repeat":"repeat","background-position":"center center","background-size":"auto","background-attachment":"scroll","background-type":"","background-media":"","overlay-type":"","overlay-color":"","overlay-opacity":"","overlay-gradient":""}},"ast-content-background-meta":{"desktop":{"background-color":"var(--ast-global-color-5)","background-image":"","background-repeat":"repeat","background-position":"center center","background-size":"auto","background-attachment":"scroll","background-type":"","background-media":"","overlay-type":"","overlay-color":"","overlay-opacity":"","overlay-gradient":""},"tablet":{"background-color":"var(--ast-global-color-5)","background-image":"","background-repeat":"repeat","background-position":"center center","background-size":"auto","background-attachment":"scroll","background-type":"","background-media":"","overlay-type":"","overlay-color":"","overlay-opacity":"","overlay-gradient":""},"mobile":{"background-color":"var(--ast-global-color-5)","background-image":"","background-repeat":"repeat","background-position":"center center","background-size":"auto","background-attachment":"scroll","background-type":"","background-media":"","overlay-type":"","overlay-color":"","overlay-opacity":"","overlay-gradient":""}},"footnotes":""},"class_list":["post-632","page","type-page","status-publish","hentry"],"_links":{"self":[{"href":"https:\/\/albatrosendustri.com\/ru\/wp-json\/wp\/v2\/pages\/632","targetHints":{"allow":["GET"]}}],"collection":[{"href":"https:\/\/albatrosendustri.com\/ru\/wp-json\/wp\/v2\/pages"}],"about":[{"href":"https:\/\/albatrosendustri.com\/ru\/wp-json\/wp\/v2\/types\/page"}],"author":[{"embeddable":true,"href":"https:\/\/albatrosendustri.com\/ru\/wp-json\/wp\/v2\/users\/3"}],"replies":[{"embeddable":true,"href":"https:\/\/albatrosendustri.com\/ru\/wp-json\/wp\/v2\/comments?post=632"}],"version-history":[{"count":2,"href":"https:\/\/albatrosendustri.com\/ru\/wp-json\/wp\/v2\/pages\/632\/revisions"}],"predecessor-version":[{"id":5395,"href":"https:\/\/albatrosendustri.com\/ru\/wp-json\/wp\/v2\/pages\/632\/revisions\/5395"}],"wp:attachment":[{"href":"https:\/\/albatrosendustri.com\/ru\/wp-json\/wp\/v2\/media?parent=632"}],"curies":[{"name":"wp","href":"https:\/\/api.w.org\/{rel}","templated":true}]}}