{"id":5010,"date":"2024-08-19T14:50:09","date_gmt":"2024-08-19T11:50:09","guid":{"rendered":"https:\/\/albatrosendustri.com\/?page_id=5010"},"modified":"2024-08-21T10:53:05","modified_gmt":"2024-08-21T07:53:05","slug":"ekmek-hamuru-yogurma-makinesi","status":"publish","type":"page","link":"https:\/\/albatrosendustri.com\/ru\/urunlerimiz\/gida-makineleri\/ekmek-hamuru-yogurma-makinesi\/","title":{"rendered":"\u041c\u0430\u0448\u0438\u043d\u0430 \u0434\u043b\u044f \u0437\u0430\u043c\u0435\u0448\u0438\u0432\u0430\u043d\u0438\u044f \u0442\u0435\u0441\u0442\u0430 \u0434\u043b\u044f \u0445\u043b\u0435\u0431\u0430"},"content":{"rendered":"<h2>\n\t\t\u041c\u0430\u0448\u0438\u043d\u0430 \u0434\u043b\u044f \u0437\u0430\u043c\u0435\u0448\u0438\u0432\u0430\u043d\u0438\u044f \u0442\u0435\u0441\u0442\u0430 \u0434\u043b\u044f \u0445\u043b\u0435\u0431\u0430\n\t<\/h2>\n\t<div class=\"ast-breadcrumbs-wrapper\">\r\n\t\t\t<div class=\"ast-breadcrumbs-inner\"><nav role=\"navigation\" aria-label=\"\u041d\u0430\u0432\u0438\u0433\u0430\u0446\u0438\u043e\u043d\u043d\u044b\u0435 \u0446\u0435\u043f\u043e\u0447\u043a\u0438\" class=\"breadcrumb-trail breadcrumbs\" ><div class=\"ast-breadcrumbs\"><ul class=\"trail-items\" ><li  class=\"trail-item trail-end\"><span><a href=\"https:\/\/albatrosendustri.com\/ru\/\" rel=\"home\"><span >\u0413\u043b\u0430\u0432\u043d\u0430\u044f<\/span><\/a><\/span><\/li><\/ul><\/div><\/nav><\/div>\r\n\t\t<\/div>\n\t<h3>\n\t\t\t\t\u041c\u0430\u0448\u0438\u043d\u0430 \u0434\u043b\u044f \u0437\u0430\u043c\u0435\u0448\u0438\u0432\u0430\u043d\u0438\u044f \u0442\u0435\u0441\u0442\u0430 \u0434\u043b\u044f \u0445\u043b\u0435\u0431\u0430\n\t\t\t<\/h3>\n\t\t<p>Albatros End\u00fcstri&#8217;nin Ekmek Hamuru Yo\u011furma Makinesi, y\u00fcksek kapasiteye sahip ve tutarl\u0131 sonu\u00e7lar sunan, profesyonel f\u0131r\u0131nlar ve g\u0131da \u00fcreticileri i\u00e7in ideal bir \u00e7\u00f6z\u00fcmd\u00fcr. Bu makine, hamurun m\u00fckemmel bir k\u0131vamda yo\u011frulmas\u0131n\u0131 sa\u011flayarak ekmek \u00fcretim s\u00fcre\u00e7lerinizi optimize eder. G\u00fc\u00e7l\u00fc motoru ve dayan\u0131kl\u0131 yap\u0131s\u0131 ile zorlu \u00fcretim ko\u015fullar\u0131nda bile g\u00fcvenilir bir performans sunar.<\/p>\t\n\t<table border=\"1\" cellspacing=\"1\" cellpadding=\"1\">\n<tbody>\n<tr>\n<td><strong>\u0418\u0434\u0435\u0430\u043b\u044c\u043d\u0430\u044f \u043a\u043e\u043d\u0441\u0438\u0441\u0442\u0435\u043d\u0446\u0438\u044f:<\/strong> \u042d\u0442\u043e \u0433\u0430\u0440\u0430\u043d\u0442\u0438\u0440\u0443\u0435\u0442, \u0447\u0442\u043e \u0442\u0435\u0441\u0442\u043e \u043a\u0430\u0436\u0434\u044b\u0439 \u0440\u0430\u0437 \u0437\u0430\u043c\u0435\u0448\u0438\u0432\u0430\u0435\u0442\u0441\u044f \u0434\u043e \u0438\u0434\u0435\u0430\u043b\u044c\u043d\u043e\u0439 \u043a\u043e\u043d\u0441\u0438\u0441\u0442\u0435\u043d\u0446\u0438\u0438, \u043f\u043e\u044d\u0442\u043e\u043c\u0443 \u043a\u0430\u0447\u0435\u0441\u0442\u0432\u043e \u0438 \u043a\u043e\u043d\u0441\u0438\u0441\u0442\u0435\u043d\u0446\u0438\u044f \u0432\u0430\u0448\u0435\u0433\u043e \u0445\u043b\u0435\u0431\u0430 \u0441\u043e\u0445\u0440\u0430\u043d\u044f\u044e\u0442\u0441\u044f.<\/td>\n<\/tr>\n<tr>\n<td><strong>\u0412\u044b\u0441\u043e\u043a\u0430\u044f \u0435\u043c\u043a\u043e\u0441\u0442\u044c:<\/strong> \u0411\u043b\u0430\u0433\u043e\u0434\u0430\u0440\u044f \u0431\u043e\u043b\u044c\u0448\u043e\u0439 \u043a\u0430\u043c\u0435\u0440\u0435 \u043e\u043d \u043c\u043e\u0436\u0435\u0442 \u0431\u044b\u0441\u0442\u0440\u043e \u0438 \u044d\u0444\u0444\u0435\u043a\u0442\u0438\u0432\u043d\u043e \u0437\u0430\u043c\u0435\u0448\u0438\u0432\u0430\u0442\u044c \u0431\u043e\u043b\u044c\u0448\u043e\u0435 \u043a\u043e\u043b\u0438\u0447\u0435\u0441\u0442\u0432\u043e \u0442\u0435\u0441\u0442\u0430, \u0443\u0432\u0435\u043b\u0438\u0447\u0438\u0432\u0430\u044f \u0432\u0430\u0448\u0438 \u043f\u0440\u043e\u0438\u0437\u0432\u043e\u0434\u0441\u0442\u0432\u0435\u043d\u043d\u044b\u0435 \u043c\u043e\u0449\u043d\u043e\u0441\u0442\u0438.<\/td>\n<\/tr>\n<tr>\n<td><strong>\u041f\u0440\u043e\u0447\u043d\u044b\u0439 \u043c\u0430\u0442\u0435\u0440\u0438\u0430\u043b:<\/strong> \u0418\u0437\u0433\u043e\u0442\u043e\u0432\u043b\u0435\u043d\u043d\u0430\u044f \u0438\u0437 \u043d\u0435\u0440\u0436\u0430\u0432\u0435\u044e\u0449\u0435\u0439 \u0441\u0442\u0430\u043b\u0438, \u044d\u0442\u0430 \u043c\u0430\u0448\u0438\u043d\u0430 \u043e\u0431\u0435\u0441\u043f\u0435\u0447\u0438\u0432\u0430\u0435\u0442 \u0434\u043b\u0438\u0442\u0435\u043b\u044c\u043d\u044b\u0439 \u0441\u0440\u043e\u043a \u0441\u043b\u0443\u0436\u0431\u044b \u0438 \u0433\u0438\u0433\u0438\u0435\u043d\u0438\u0447\u0435\u0441\u043a\u0438\u0435 \u0443\u0441\u043b\u043e\u0432\u0438\u044f \u044d\u043a\u0441\u043f\u043b\u0443\u0430\u0442\u0430\u0446\u0438\u0438.<\/td>\n<\/tr>\n<tr>\n<td><strong>\u041f\u0440\u043e\u0441\u0442\u043e\u0442\u0430 \u0438\u0441\u043f\u043e\u043b\u044c\u0437\u043e\u0432\u0430\u043d\u0438\u044f:<\/strong> \u0411\u043b\u0430\u0433\u043e\u0434\u0430\u0440\u044f \u044d\u0440\u0433\u043e\u043d\u043e\u043c\u0438\u0447\u043d\u043e\u043c\u0443 \u0434\u0438\u0437\u0430\u0439\u043d\u0443 \u0438 \u043f\u0440\u043e\u0441\u0442\u043e\u0439 \u043f\u0430\u043d\u0435\u043b\u0438 \u0443\u043f\u0440\u0430\u0432\u043b\u0435\u043d\u0438\u044f \u043e\u043d \u0443\u043f\u0440\u043e\u0449\u0430\u0435\u0442 \u0440\u0430\u0431\u043e\u0442\u0443 \u043e\u043f\u0435\u0440\u0430\u0442\u043e\u0440\u043e\u0432, \u044d\u043a\u043e\u043d\u043e\u043c\u0438\u0442 \u0432\u0440\u0435\u043c\u044f.<\/td>\n<\/tr>\n<tr>\n<td><strong>\u0422\u0438\u0445\u0430\u044f \u0438 \u043c\u043e\u0449\u043d\u0430\u044f \u043f\u0440\u043e\u0438\u0437\u0432\u043e\u0434\u0438\u0442\u0435\u043b\u044c\u043d\u043e\u0441\u0442\u044c:<\/strong> \u0415\u0433\u043e \u043c\u043e\u0449\u043d\u044b\u0439 \u0434\u0432\u0438\u0433\u0430\u0442\u0435\u043b\u044c \u0440\u0430\u0431\u043e\u0442\u0430\u0435\u0442 \u0431\u0435\u0441\u0448\u0443\u043c\u043d\u043e, \u043e\u0431\u0435\u0441\u043f\u0435\u0447\u0438\u0432\u0430\u044f \u043a\u043e\u043c\u0444\u043e\u0440\u0442 \u0432 \u043f\u0440\u043e\u0438\u0437\u0432\u043e\u0434\u0441\u0442\u0432\u0435\u043d\u043d\u043e\u0439 \u0441\u0440\u0435\u0434\u0435 \u0438 \u043e\u0431\u0435\u0441\u043f\u0435\u0447\u0438\u0432\u0430\u044f \u0432\u044b\u0441\u043e\u043a\u0443\u044e \u044d\u0444\u0444\u0435\u043a\u0442\u0438\u0432\u043d\u043e\u0441\u0442\u044c.<\/td>\n<\/tr>\n<\/tbody>\n<\/table>\n\t<p>\u041d\u0430\u0448\u0430 \u0442\u0435\u0441\u0442\u043e\u043c\u0435\u0441\u0438\u043b\u043a\u0430 \u0434\u043b\u044f \u0445\u043b\u0435\u0431\u043d\u043e\u0433\u043e \u0442\u0435\u0441\u0442\u0430 - \u044d\u0442\u043e \u043d\u0430\u0434\u0435\u0436\u043d\u043e\u0435 \u0438 \u044d\u0444\u0444\u0435\u043a\u0442\u0438\u0432\u043d\u043e\u0435 \u0440\u0435\u0448\u0435\u043d\u0438\u0435, \u043d\u0435\u043e\u0431\u0445\u043e\u0434\u0438\u043c\u043e\u0435 \u0434\u043b\u044f \u043f\u0440\u043e\u0438\u0437\u0432\u043e\u0434\u0441\u0442\u0432\u0430 \u043a\u0430\u0447\u0435\u0441\u0442\u0432\u0435\u043d\u043d\u043e\u0433\u043e \u0445\u043b\u0435\u0431\u0430. \u042d\u0442\u043e \u0438\u0434\u0435\u0430\u043b\u044c\u043d\u044b\u0439 \u0432\u044b\u0431\u043e\u0440 \u0434\u043b\u044f \u0443\u043b\u0443\u0447\u0448\u0435\u043d\u0438\u044f \u0432\u0430\u0448\u0438\u0445 \u043f\u0440\u043e\u0438\u0437\u0432\u043e\u0434\u0441\u0442\u0432\u0435\u043d\u043d\u044b\u0445 \u043f\u0440\u043e\u0446\u0435\u0441\u0441\u043e\u0432.<\/p>","protected":false},"excerpt":{"rendered":"<p>Ekmek Hamuru Yo\u011furma Makinesi Albatros [&hellip;]<\/p>","protected":false},"author":11,"featured_media":0,"parent":4987,"menu_order":0,"comment_status":"closed","ping_status":"closed","template":"","meta":{"site-sidebar-layout":"no-sidebar","site-content-layout":"page-builder","ast-site-content-layout":"full-width-container","site-content-style":"unboxed","site-sidebar-style":"unboxed","ast-global-header-display":"","ast-banner-title-visibility":"","ast-main-header-display":"","ast-hfb-above-header-display":"","ast-hfb-below-header-display":"","ast-hfb-mobile-header-display":"","site-post-title":"disabled","ast-breadcrumbs-content":"","ast-featured-img":"disabled","footer-sml-layout":"","theme-transparent-header-meta":"disabled","adv-header-id-meta":"","stick-header-meta":"disabled","header-above-stick-meta":"","header-main-stick-meta":"","header-below-stick-meta":"","astra-migrate-meta-layouts":"set","ast-page-background-enabled":"default","ast-page-background-meta":{"desktop":{"background-color":"","background-image":"","background-repeat":"repeat","background-position":"center center","background-size":"auto","background-attachment":"scroll","background-type":"","background-media":"","overlay-type":"","overlay-color":"","overlay-opacity":"","overlay-gradient":""},"tablet":{"background-color":"","background-image":"","background-repeat":"repeat","background-position":"center center","background-size":"auto","background-attachment":"scroll","background-type":"","background-media":"","overlay-type":"","overlay-color":"","overlay-opacity":"","overlay-gradient":""},"mobile":{"background-color":"","background-image":"","background-repeat":"repeat","background-position":"center center","background-size":"auto","background-attachment":"scroll","background-type":"","background-media":"","overlay-type":"","overlay-color":"","overlay-opacity":"","overlay-gradient":""}},"ast-content-background-meta":{"desktop":{"background-color":"var(--ast-global-color-5)","background-image":"","background-repeat":"repeat","background-position":"center center","background-size":"auto","background-attachment":"scroll","background-type":"","background-media":"","overlay-type":"","overlay-color":"","overlay-opacity":"","overlay-gradient":""},"tablet":{"background-color":"var(--ast-global-color-5)","background-image":"","background-repeat":"repeat","background-position":"center center","background-size":"auto","background-attachment":"scroll","background-type":"","background-media":"","overlay-type":"","overlay-color":"","overlay-opacity":"","overlay-gradient":""},"mobile":{"background-color":"var(--ast-global-color-5)","background-image":"","background-repeat":"repeat","background-position":"center center","background-size":"auto","background-attachment":"scroll","background-type":"","background-media":"","overlay-type":"","overlay-color":"","overlay-opacity":"","overlay-gradient":""}},"footnotes":""},"class_list":["post-5010","page","type-page","status-publish","hentry"],"_links":{"self":[{"href":"https:\/\/albatrosendustri.com\/ru\/wp-json\/wp\/v2\/pages\/5010","targetHints":{"allow":["GET"]}}],"collection":[{"href":"https:\/\/albatrosendustri.com\/ru\/wp-json\/wp\/v2\/pages"}],"about":[{"href":"https:\/\/albatrosendustri.com\/ru\/wp-json\/wp\/v2\/types\/page"}],"author":[{"embeddable":true,"href":"https:\/\/albatrosendustri.com\/ru\/wp-json\/wp\/v2\/users\/11"}],"replies":[{"embeddable":true,"href":"https:\/\/albatrosendustri.com\/ru\/wp-json\/wp\/v2\/comments?post=5010"}],"version-history":[{"count":0,"href":"https:\/\/albatrosendustri.com\/ru\/wp-json\/wp\/v2\/pages\/5010\/revisions"}],"up":[{"embeddable":true,"href":"https:\/\/albatrosendustri.com\/ru\/wp-json\/wp\/v2\/pages\/4987"}],"wp:attachment":[{"href":"https:\/\/albatrosendustri.com\/ru\/wp-json\/wp\/v2\/media?parent=5010"}],"curies":[{"name":"wp","href":"https:\/\/api.w.org\/{rel}","templated":true}]}}