{"id":5006,"date":"2024-08-19T14:52:39","date_gmt":"2024-08-19T11:52:39","guid":{"rendered":"https:\/\/albatrosendustri.com\/?page_id=5006"},"modified":"2024-08-19T17:15:31","modified_gmt":"2024-08-19T14:15:31","slug":"fistik-kavurma-makinesi","status":"publish","type":"page","link":"https:\/\/albatrosendustri.com\/ru\/urunlerimiz\/gida-makineleri\/fistik-kavurma-makinesi\/","title":{"rendered":"\u041c\u0430\u0448\u0438\u043d\u0430 \u0434\u043b\u044f \u043e\u0431\u0436\u0438\u0433\u0430 \u0430\u0440\u0430\u0445\u0438\u0441\u0430"},"content":{"rendered":"<h2>\n\t\t\u041c\u0430\u0448\u0438\u043d\u0430 \u0434\u043b\u044f \u043e\u0431\u0436\u0438\u0433\u0430 \u0430\u0440\u0430\u0445\u0438\u0441\u0430\n\t<\/h2>\n\t<div class=\"ast-breadcrumbs-wrapper\">\r\n\t\t\t<div class=\"ast-breadcrumbs-inner\"><nav role=\"navigation\" aria-label=\"\u041d\u0430\u0432\u0438\u0433\u0430\u0446\u0438\u043e\u043d\u043d\u044b\u0435 \u0446\u0435\u043f\u043e\u0447\u043a\u0438\" class=\"breadcrumb-trail breadcrumbs\" ><div class=\"ast-breadcrumbs\"><ul class=\"trail-items\" ><li  class=\"trail-item trail-end\"><span><a href=\"https:\/\/albatrosendustri.com\/ru\/\" rel=\"home\"><span >\u0413\u043b\u0430\u0432\u043d\u0430\u044f<\/span><\/a><\/span><\/li><\/ul><\/div><\/nav><\/div>\r\n\t\t<\/div>\n\t<h3>\n\t\t\t\t\u041c\u0430\u0448\u0438\u043d\u0430 \u0434\u043b\u044f \u043e\u0431\u0436\u0438\u0433\u0430 \u0430\u0440\u0430\u0445\u0438\u0441\u0430\n\t\t\t<\/h3>\n\t\t<p>Albatros End\u00fcstri&#8217;nin F\u0131st\u0131k Kavurma Makinesi, f\u0131st\u0131klar\u0131n e\u015fit \u015fekilde kavrulmas\u0131n\u0131 sa\u011flayan, y\u00fcksek kapasiteli ve hassas bir makinedir. F\u0131st\u0131k i\u015fleme tesisleri i\u00e7in ideal olan bu makine, \u00fcr\u00fcnlerin m\u00fckemmel lezzet ve k\u0131vamda kavrulmas\u0131n\u0131 sa\u011flar. \u00dcretim s\u00fcrecinizi optimize ederken, f\u0131st\u0131klar\u0131n do\u011fal ya\u011flar\u0131n\u0131 ve aromas\u0131n\u0131 koruyarak y\u00fcksek kaliteli sonu\u00e7lar sunar.<\/p>\t\n\t<table border=\"1\" cellspacing=\"1\" cellpadding=\"1\">\n<tbody>\n<tr>\n<td><strong>\u0420\u0430\u0432\u043d\u043e\u043c\u0435\u0440\u043d\u043e\u0435 \u043e\u0431\u0436\u0430\u0440\u0438\u0432\u0430\u043d\u0438\u0435:<\/strong> \u041e\u0431\u0435\u0441\u043f\u0435\u0447\u0438\u0432\u0430\u044f \u0440\u0430\u0432\u043d\u043e\u043c\u0435\u0440\u043d\u043e\u0435 \u043e\u0431\u0436\u0430\u0440\u0438\u0432\u0430\u043d\u0438\u0435 \u0432\u0441\u0435\u0445 \u043f\u043e\u0432\u0435\u0440\u0445\u043d\u043e\u0441\u0442\u0435\u0439 \u0430\u0440\u0430\u0445\u0438\u0441\u0430, \u0434\u043e\u0441\u0442\u0438\u0433\u0430\u0435\u0442\u0441\u044f \u043e\u0434\u043d\u043e\u0440\u043e\u0434\u043d\u044b\u0439 \u0432\u043a\u0443\u0441 \u0438 \u0446\u0432\u0435\u0442.<\/td>\n<\/tr>\n<tr>\n<td><strong>\u0412\u044b\u0441\u043e\u043a\u0430\u044f \u0435\u043c\u043a\u043e\u0441\u0442\u044c:<\/strong> \u0411\u043b\u0430\u0433\u043e\u0434\u0430\u0440\u044f \u043a\u043e\u043d\u0441\u0442\u0440\u0443\u043a\u0446\u0438\u0438 \u0431\u0430\u0440\u0430\u0431\u0430\u043d\u0430 \u0431\u043e\u043b\u044c\u0448\u043e\u0433\u043e \u043e\u0431\u044a\u0435\u043c\u0430 \u0432\u044b \u043c\u043e\u0436\u0435\u0442\u0435 \u043e\u0431\u0436\u0430\u0440\u0438\u0442\u044c \u0431\u043e\u043b\u044c\u0448\u043e\u0435 \u043a\u043e\u043b\u0438\u0447\u0435\u0441\u0442\u0432\u043e \u043f\u0440\u043e\u0434\u0443\u043a\u0442\u0430 \u0437\u0430 \u043a\u043e\u0440\u043e\u0442\u043a\u043e\u0435 \u0432\u0440\u0435\u043c\u044f.<\/td>\n<\/tr>\n<tr>\n<td><strong>\u041f\u0440\u043e\u0447\u043d\u0430\u044f \u043a\u043e\u043d\u0441\u0442\u0440\u0443\u043a\u0446\u0438\u044f:<\/strong> \u0411\u043b\u0430\u0433\u043e\u0434\u0430\u0440\u044f \u043c\u0430\u0442\u0435\u0440\u0438\u0430\u043b\u0443 \u0438\u0437 \u043d\u0435\u0440\u0436\u0430\u0432\u0435\u044e\u0449\u0435\u0439 \u0441\u0442\u0430\u043b\u0438 \u043e\u043d \u043e\u0431\u0435\u0441\u043f\u0435\u0447\u0438\u0432\u0430\u0435\u0442 \u0434\u043b\u0438\u0442\u0435\u043b\u044c\u043d\u044b\u0439 \u0441\u0440\u043e\u043a \u0441\u043b\u0443\u0436\u0431\u044b \u0438 \u0433\u0438\u0433\u0438\u0435\u043d\u0438\u0447\u0435\u0441\u043a\u0443\u044e \u0440\u0430\u0431\u043e\u0447\u0443\u044e \u0441\u0440\u0435\u0434\u0443.<\/td>\n<\/tr>\n<tr>\n<td><strong>\u041f\u0440\u043e\u0441\u0442\u043e\u0442\u0430 \u0432 \u044d\u043a\u0441\u043f\u043b\u0443\u0430\u0442\u0430\u0446\u0438\u0438:<\/strong> \u0411\u043b\u0430\u0433\u043e\u0434\u0430\u0440\u044f \u0441\u0435\u043d\u0441\u043e\u0440\u043d\u043e\u0439 \u043f\u0430\u043d\u0435\u043b\u0438 \u0443\u043f\u0440\u0430\u0432\u043b\u0435\u043d\u0438\u044f \u043e\u043d \u043e\u0431\u0435\u0441\u043f\u0435\u0447\u0438\u0432\u0430\u0435\u0442 \u0443\u0434\u043e\u0431\u0441\u0442\u0432\u043e \u0438\u0441\u043f\u043e\u043b\u044c\u0437\u043e\u0432\u0430\u043d\u0438\u044f, \u0430 \u0442\u0430\u043a\u0438\u0435 \u043f\u0430\u0440\u0430\u043c\u0435\u0442\u0440\u044b, \u043a\u0430\u043a \u0432\u0440\u0435\u043c\u044f \u043e\u0431\u0436\u0430\u0440\u043a\u0438, \u0442\u0435\u043c\u043f\u0435\u0440\u0430\u0442\u0443\u0440\u0430 \u0438 \u0442. \u0414., \u041c\u043e\u0436\u043d\u043e \u043b\u0435\u0433\u043a\u043e \u0440\u0435\u0433\u0443\u043b\u0438\u0440\u043e\u0432\u0430\u0442\u044c.<\/td>\n<\/tr>\n<tr>\n<td><strong>\u042d\u043d\u0435\u0440\u0433\u043e\u044d\u0444\u0444\u0435\u043a\u0442\u0438\u0432\u043d\u043e\u0441\u0442\u044c:<\/strong> \u0411\u043b\u0430\u0433\u043e\u0434\u0430\u0440\u044f \u0443\u0441\u043e\u0432\u0435\u0440\u0448\u0435\u043d\u0441\u0442\u0432\u043e\u0432\u0430\u043d\u043d\u043e\u043c\u0443 \u0443\u043f\u0440\u0430\u0432\u043b\u0435\u043d\u0438\u044e \u0442\u0435\u043f\u043b\u043e\u043c \u043e\u043d \u044d\u043a\u043e\u043d\u043e\u043c\u0438\u0442 \u044d\u043d\u0435\u0440\u0433\u0438\u044e \u0438 \u043f\u0440\u0435\u0434\u043b\u0430\u0433\u0430\u0435\u0442 \u044d\u043a\u043e\u043b\u043e\u0433\u0438\u0447\u0435\u0441\u043a\u0438 \u0447\u0438\u0441\u0442\u043e\u0435 \u0440\u0435\u0448\u0435\u043d\u0438\u0435.<\/td>\n<\/tr>\n<tr>\n<td><strong>\u041d\u0438\u0437\u043a\u0438\u0435 \u0442\u0440\u0435\u0431\u043e\u0432\u0430\u043d\u0438\u044f \u043a \u0442\u0435\u0445\u043d\u0438\u0447\u0435\u0441\u043a\u043e\u043c\u0443 \u043e\u0431\u0441\u043b\u0443\u0436\u0438\u0432\u0430\u043d\u0438\u044e:<\/strong> \u0411\u043b\u0430\u0433\u043e\u0434\u0430\u0440\u044f \u0441\u0432\u043e\u0435\u0439 \u043f\u0440\u043e\u0447\u043d\u043e\u0439 \u043a\u043e\u043d\u0441\u0442\u0440\u0443\u043a\u0446\u0438\u0438 \u0438 \u0432\u044b\u0441\u043e\u043a\u043e\u043a\u0430\u0447\u0435\u0441\u0442\u0432\u0435\u043d\u043d\u044b\u043c \u043a\u043e\u043c\u043f\u043e\u043d\u0435\u043d\u0442\u0430\u043c \u043e\u043d \u043e\u0431\u0435\u0441\u043f\u0435\u0447\u0438\u0432\u0430\u0435\u0442 \u0434\u043b\u0438\u0442\u0435\u043b\u044c\u043d\u0443\u044e \u043f\u0440\u043e\u0438\u0437\u0432\u043e\u0434\u0438\u0442\u0435\u043b\u044c\u043d\u043e\u0441\u0442\u044c \u043f\u0440\u0438 \u043c\u0438\u043d\u0438\u043c\u0430\u043b\u044c\u043d\u044b\u0445 \u0442\u0440\u0435\u0431\u043e\u0432\u0430\u043d\u0438\u044f\u0445 \u043a \u0442\u0435\u0445\u043d\u0438\u0447\u0435\u0441\u043a\u043e\u043c\u0443 \u043e\u0431\u0441\u043b\u0443\u0436\u0438\u0432\u0430\u043d\u0438\u044e.<\/td>\n<\/tr>\n<\/tbody>\n<\/table>\n\t<p><strong>\u041c\u0430\u0448\u0438\u043d\u0430 \u0434\u043b\u044f \u043e\u0431\u0436\u0438\u0433\u0430 \u0430\u0440\u0430\u0445\u0438\u0441\u0430<\/strong> \u0412\u044b \u043c\u043e\u0436\u0435\u0442\u0435 \u0441\u0432\u044f\u0437\u0430\u0442\u044c\u0441\u044f \u0441 \u043d\u0430\u043c\u0438, \u0447\u0442\u043e\u0431\u044b \u043f\u043e\u043b\u0443\u0447\u0438\u0442\u044c \u0434\u043e\u043f\u043e\u043b\u043d\u0438\u0442\u0435\u043b\u044c\u043d\u0443\u044e \u0438\u043d\u0444\u043e\u0440\u043c\u0430\u0446\u0438\u044e \u043e \u043d\u0430\u0448\u0438\u0445 \u043f\u0440\u043e\u0434\u0443\u043a\u0442\u0430\u0445 \u0438 \u043d\u0430\u0439\u0442\u0438 \u0440\u0435\u0448\u0435\u043d\u0438\u044f, \u0441\u043e\u043e\u0442\u0432\u0435\u0442\u0441\u0442\u0432\u0443\u044e\u0449\u0438\u0435 \u0432\u0430\u0448\u0438\u043c \u043f\u043e\u0442\u0440\u0435\u0431\u043d\u043e\u0441\u0442\u044f\u043c. \u041d\u0430\u0448\u0438 \u043f\u0440\u043e\u0444\u0435\u0441\u0441\u0438\u043e\u043d\u0430\u043b\u044c\u043d\u044b\u0435 \u043a\u043e\u043c\u0430\u043d\u0434\u044b \u0433\u043e\u0442\u043e\u0432\u044b \u043f\u0440\u0435\u0434\u043e\u0441\u0442\u0430\u0432\u0438\u0442\u044c \u0432\u0430\u043c \u043d\u0430\u0438\u0431\u043e\u043b\u0435\u0435 \u043f\u043e\u0434\u0445\u043e\u0434\u044f\u0449\u0438\u0435 \u043f\u0440\u043e\u0434\u0443\u043a\u0442\u044b \u0438 \u0443\u0441\u043b\u0443\u0433\u0438.<\/p>","protected":false},"excerpt":{"rendered":"<p>F\u0131st\u0131k Kavurma Makinesi Albatros End\u00fcstri&#8217;nin [&hellip;]<\/p>","protected":false},"author":11,"featured_media":0,"parent":4987,"menu_order":0,"comment_status":"closed","ping_status":"closed","template":"","meta":{"site-sidebar-layout":"no-sidebar","site-content-layout":"page-builder","ast-site-content-layout":"full-width-container","site-content-style":"unboxed","site-sidebar-style":"unboxed","ast-global-header-display":"","ast-banner-title-visibility":"","ast-main-header-display":"","ast-hfb-above-header-display":"","ast-hfb-below-header-display":"","ast-hfb-mobile-header-display":"","site-post-title":"disabled","ast-breadcrumbs-content":"","ast-featured-img":"disabled","footer-sml-layout":"","theme-transparent-header-meta":"disabled","adv-header-id-meta":"","stick-header-meta":"disabled","header-above-stick-meta":"","header-main-stick-meta":"","header-below-stick-meta":"","astra-migrate-meta-layouts":"set","ast-page-background-enabled":"default","ast-page-background-meta":{"desktop":{"background-color":"","background-image":"","background-repeat":"repeat","background-position":"center center","background-size":"auto","background-attachment":"scroll","background-type":"","background-media":"","overlay-type":"","overlay-color":"","overlay-opacity":"","overlay-gradient":""},"tablet":{"background-color":"","background-image":"","background-repeat":"repeat","background-position":"center center","background-size":"auto","background-attachment":"scroll","background-type":"","background-media":"","overlay-type":"","overlay-color":"","overlay-opacity":"","overlay-gradient":""},"mobile":{"background-color":"","background-image":"","background-repeat":"repeat","background-position":"center center","background-size":"auto","background-attachment":"scroll","background-type":"","background-media":"","overlay-type":"","overlay-color":"","overlay-opacity":"","overlay-gradient":""}},"ast-content-background-meta":{"desktop":{"background-color":"var(--ast-global-color-5)","background-image":"","background-repeat":"repeat","background-position":"center center","background-size":"auto","background-attachment":"scroll","background-type":"","background-media":"","overlay-type":"","overlay-color":"","overlay-opacity":"","overlay-gradient":""},"tablet":{"background-color":"var(--ast-global-color-5)","background-image":"","background-repeat":"repeat","background-position":"center center","background-size":"auto","background-attachment":"scroll","background-type":"","background-media":"","overlay-type":"","overlay-color":"","overlay-opacity":"","overlay-gradient":""},"mobile":{"background-color":"var(--ast-global-color-5)","background-image":"","background-repeat":"repeat","background-position":"center center","background-size":"auto","background-attachment":"scroll","background-type":"","background-media":"","overlay-type":"","overlay-color":"","overlay-opacity":"","overlay-gradient":""}},"footnotes":""},"class_list":["post-5006","page","type-page","status-publish","hentry"],"_links":{"self":[{"href":"https:\/\/albatrosendustri.com\/ru\/wp-json\/wp\/v2\/pages\/5006","targetHints":{"allow":["GET"]}}],"collection":[{"href":"https:\/\/albatrosendustri.com\/ru\/wp-json\/wp\/v2\/pages"}],"about":[{"href":"https:\/\/albatrosendustri.com\/ru\/wp-json\/wp\/v2\/types\/page"}],"author":[{"embeddable":true,"href":"https:\/\/albatrosendustri.com\/ru\/wp-json\/wp\/v2\/users\/11"}],"replies":[{"embeddable":true,"href":"https:\/\/albatrosendustri.com\/ru\/wp-json\/wp\/v2\/comments?post=5006"}],"version-history":[{"count":0,"href":"https:\/\/albatrosendustri.com\/ru\/wp-json\/wp\/v2\/pages\/5006\/revisions"}],"up":[{"embeddable":true,"href":"https:\/\/albatrosendustri.com\/ru\/wp-json\/wp\/v2\/pages\/4987"}],"wp:attachment":[{"href":"https:\/\/albatrosendustri.com\/ru\/wp-json\/wp\/v2\/media?parent=5006"}],"curies":[{"name":"wp","href":"https:\/\/api.w.org\/{rel}","templated":true}]}}