{"id":4987,"date":"2024-08-19T14:09:41","date_gmt":"2024-08-19T11:09:41","guid":{"rendered":"https:\/\/albatrosendustri.com\/?page_id=4987"},"modified":"2025-01-31T11:33:46","modified_gmt":"2025-01-31T08:33:46","slug":"gida-makineleri","status":"publish","type":"page","link":"https:\/\/albatrosendustri.com\/ru\/urunlerimiz\/gida-makineleri\/","title":{"rendered":"\u041f\u0438\u0449\u0435\u0432\u043e\u0435 \u043e\u0431\u043e\u0440\u0443\u0434\u043e\u0432\u0430\u043d\u0438\u0435"},"content":{"rendered":"<h2>\n\t\t\u041f\u0438\u0449\u0435\u0432\u043e\u0435 \u043e\u0431\u043e\u0440\u0443\u0434\u043e\u0432\u0430\u043d\u0438\u0435\n\t<\/h2>\n\t<div class=\"ast-breadcrumbs-wrapper\">\r\n\t\t\t<div class=\"ast-breadcrumbs-inner\"><nav role=\"navigation\" aria-label=\"\u041d\u0430\u0432\u0438\u0433\u0430\u0446\u0438\u043e\u043d\u043d\u044b\u0435 \u0446\u0435\u043f\u043e\u0447\u043a\u0438\" class=\"breadcrumb-trail breadcrumbs\" ><div class=\"ast-breadcrumbs\"><ul class=\"trail-items\" ><li  class=\"trail-item trail-end\"><span><a href=\"https:\/\/albatrosendustri.com\/ru\/\" rel=\"home\"><span >\u0413\u043b\u0430\u0432\u043d\u0430\u044f<\/span><\/a><\/span><\/li><\/ul><\/div><\/nav><\/div>\r\n\t\t<\/div>\n\t<p><strong>Albatros End\u00fcstri,<\/strong> \u043f\u0440\u0435\u0434\u043b\u0430\u0433\u0430\u0435\u0442 \u0432\u044b\u0441\u043e\u043a\u043e\u043a\u0430\u0447\u0435\u0441\u0442\u0432\u0435\u043d\u043d\u043e\u0435 \u043f\u0438\u0449\u0435\u0432\u043e\u0435 \u043e\u0431\u043e\u0440\u0443\u0434\u043e\u0432\u0430\u043d\u0438\u0435, \u043a\u043e\u0442\u043e\u0440\u043e\u0435 \u043e\u043f\u0442\u0438\u043c\u0438\u0437\u0438\u0440\u0443\u0435\u0442 \u043f\u0440\u043e\u0446\u0435\u0441\u0441\u044b \u043e\u0431\u0440\u0430\u0431\u043e\u0442\u043a\u0438 \u043f\u0440\u043e\u0434\u0443\u043a\u0442\u043e\u0432 \u043f\u0438\u0442\u0430\u043d\u0438\u044f. \u0428\u0438\u0440\u043e\u043a\u0438\u0439 \u0430\u0441\u0441\u043e\u0440\u0442\u0438\u043c\u0435\u043d\u0442 \u043d\u0430\u0448\u0435\u0439 \u043f\u0440\u043e\u0434\u0443\u043a\u0446\u0438\u0438 \u043f\u0440\u0435\u0434\u043d\u0430\u0437\u043d\u0430\u0447\u0435\u043d \u0434\u043b\u044f \u043e\u0431\u0440\u0430\u0431\u043e\u0442\u043a\u0438 \u0438 \u043f\u0440\u0438\u0433\u043e\u0442\u043e\u0432\u043b\u0435\u043d\u0438\u044f \u0440\u0430\u0437\u043b\u0438\u0447\u043d\u044b\u0445 \u0432\u0438\u0434\u043e\u0432 \u043f\u0440\u043e\u0434\u0443\u043a\u0442\u043e\u0432 \u043f\u0438\u0442\u0430\u043d\u0438\u044f, \u043e\u0431\u0435\u0441\u043f\u0435\u0447\u0438\u0432\u0430\u044f \u043c\u0430\u043a\u0441\u0438\u043c\u0430\u043b\u044c\u043d\u0443\u044e \u044d\u0444\u0444\u0435\u043a\u0442\u0438\u0432\u043d\u043e\u0441\u0442\u044c \u0438 \u0433\u0438\u0433\u0438\u0435\u043d\u0443 \u043d\u0430 \u043a\u0430\u0436\u0434\u043e\u043c \u044d\u0442\u0430\u043f\u0435. \u041e\u043d\u0438 \u0432\u0430\u0440\u044c\u0438\u0440\u0443\u044e\u0442\u0441\u044f \u043e\u0442 \u043c\u0430\u0448\u0438\u043d \u0434\u043b\u044f \u043f\u0440\u043e\u0441\u0435\u0438\u0432\u0430\u043d\u0438\u044f \u043c\u0443\u043a\u0438 \u0434\u043e \u043c\u0430\u0448\u0438\u043d \u0434\u043b\u044f \u043f\u0435\u0440\u0435\u0440\u0430\u0431\u043e\u0442\u043a\u0438 \u0430\u0440\u0430\u0445\u0438\u0441\u0430. \u041d\u0430\u0448\u0438 \u043f\u0438\u0449\u0435\u0432\u044b\u0435 \u043c\u0430\u0448\u0438\u043d\u044b \u0438\u0437\u0433\u043e\u0442\u043e\u0432\u043b\u0435\u043d\u044b \u0438\u0437 \u043f\u0440\u043e\u0447\u043d\u044b\u0445 \u043c\u0430\u0442\u0435\u0440\u0438\u0430\u043b\u043e\u0432 \u0438 \u0441 \u0438\u0441\u043f\u043e\u043b\u044c\u0437\u043e\u0432\u0430\u043d\u0438\u0435\u043c \u043f\u0435\u0440\u0435\u0434\u043e\u0432\u044b\u0445 \u0442\u0435\u0445\u043d\u043e\u043b\u043e\u0433\u0438\u0439 \u0438 \u0440\u0430\u0437\u0440\u0430\u0431\u043e\u0442\u0430\u043d\u044b \u0432 \u0441\u043e\u043e\u0442\u0432\u0435\u0442\u0441\u0442\u0432\u0438\u0438 \u0441 \u0432\u0430\u0448\u0438\u043c\u0438 \u043f\u0440\u043e\u043c\u044b\u0448\u043b\u0435\u043d\u043d\u044b\u043c\u0438 \u0442\u0440\u0435\u0431\u043e\u0432\u0430\u043d\u0438\u044f\u043c\u0438.<\/p>\n\t\t\t\t<img decoding=\"async\" src=\"https:\/\/albatrosendustri.com\/wp-content\/uploads\/2024\/08\/Adsiz-tasarim-3-3.png\" alt=\"Ads\u0131z tasar\u0131m (3)\" itemprop=\"image\" height=\"768\" width=\"768\" title=\"Ads\u0131z tasar\u0131m (3)\" onerror=\"this.style.display='none'\"  \/>\n\t<h3>\u0411\u0443\u043d\u043a\u0435\u0440<br \/>\n\u041c\u0430\u0448\u0438\u043d\u0430<\/h3>\n<p><a href=\"https:\/\/albatrosendustri.com\/ru\/urunlerimiz\/gida-makineleri\/bunker\/\">\u041e\u0431\u0437\u043e\u0440 \u043f\u0440\u043e\u0434\u0443\u043a\u0446\u0438\u0438<\/a>\u00a0<\/p>\n\t\t\t\t<img decoding=\"async\" src=\"https:\/\/albatrosendustri.com\/wp-content\/uploads\/2024\/08\/Adsiz-tasarim-4-3.png\" alt=\"Ads\u0131z tasar\u0131m (4)\" itemprop=\"image\" height=\"768\" width=\"768\" title=\"Ads\u0131z tasar\u0131m (4)\" onerror=\"this.style.display='none'\"  \/>\n\t<h3>\u041c\u0430\u0448\u0438\u043d\u0430 \u0434\u043b\u044f \u0437\u0430\u043c\u0435\u0448\u0438\u0432\u0430\u043d\u0438\u044f \u0442\u0435\u0441\u0442\u0430 \u0434\u043b\u044f \u0445\u043b\u0435\u0431\u0430<\/h3>\n<p><a href=\"https:\/\/albatrosendustri.com\/ru\/urunlerimiz\/gida-makineleri\/ekmek-hamuru-yogurma-makinesi\/\">\u041e\u0431\u0437\u043e\u0440 \u043f\u0440\u043e\u0434\u0443\u043a\u0446\u0438\u0438<\/a><\/p>\n\t\t\t\t<img decoding=\"async\" src=\"https:\/\/albatrosendustri.com\/wp-content\/uploads\/2024\/08\/Adsiz-tasarim-8-2.png\" alt=\"Ads\u0131z tasar\u0131m (8)\" itemprop=\"image\" height=\"768\" width=\"768\" title=\"Ads\u0131z tasar\u0131m (8)\" onerror=\"this.style.display='none'\"  \/>\n\t<h3>\u0421\u0438\u0442\u043e<br \/>\n\u041c\u0430\u0448\u0438\u043d\u0430<\/h3>\n<p><a href=\"https:\/\/albatrosendustri.com\/ru\/urunlerimiz\/gida-makineleri\/elek-makinesi\/\">\u041e\u0431\u0437\u043e\u0440 \u043f\u0440\u043e\u0434\u0443\u043a\u0446\u0438\u0438<\/a><\/p>\n\t\t\t\t<img decoding=\"async\" src=\"https:\/\/albatrosendustri.com\/wp-content\/uploads\/2024\/08\/Adsiz-tasarim-11-2.png\" alt=\"Ads\u0131z tasar\u0131m (11)\" itemprop=\"image\" height=\"768\" width=\"768\" title=\"Ads\u0131z tasar\u0131m (11)\" onerror=\"this.style.display='none'\"  \/>\n\t<h3>\u0424\u0443\u043d\u0434\u0443\u043a \u0430\u0440\u0430\u0445\u0438\u0441 \u0441\u0443\u0448\u0438\u043b\u044c\u043d\u0430\u044f \u043c\u0430\u0448\u0438\u043d\u0430<\/h3>\n<p><a href=\"https:\/\/albatrosendustri.com\/ru\/urunlerimiz\/gida-makineleri\/findik-fistik-kurutma-makinesi\/\">\u041e\u0431\u0437\u043e\u0440 \u043f\u0440\u043e\u0434\u0443\u043a\u0446\u0438\u0438<\/a><\/p>\n\t\t\t\t<img decoding=\"async\" src=\"https:\/\/albatrosendustri.com\/wp-content\/uploads\/2024\/08\/Adsiz-tasarim-11-1.png\" alt=\"Ads\u0131z tasar\u0131m (11)\" itemprop=\"image\" height=\"768\" width=\"768\" title=\"Ads\u0131z tasar\u0131m (11)\" onerror=\"this.style.display='none'\"  \/>\n\t<h3>\u041e\u0431\u0436\u0430\u0440\u0438\u0432\u0430\u043d\u0438\u0435 \u0430\u0440\u0430\u0445\u0438\u0441\u0430<br \/> \u041c\u0430\u0448\u0438\u043d\u0430<\/h3>\n<p><a href=\"https:\/\/albatrosendustri.com\/ru\/urunlerimiz\/gida-makineleri\/fistik-kavlatma-makinesi-2\/\">\u041e\u0431\u0437\u043e\u0440 \u043f\u0440\u043e\u0434\u0443\u043a\u0446\u0438\u0438<\/a><\/p>\n\t\t\t\t<img decoding=\"async\" src=\"https:\/\/albatrosendustri.com\/wp-content\/uploads\/2024\/08\/Adsiz-tasarim-21-1.png\" alt=\"Ads\u0131z tasar\u0131m (21)\" itemprop=\"image\" height=\"768\" width=\"768\" title=\"Ads\u0131z tasar\u0131m (21)\" onerror=\"this.style.display='none'\"  \/>\n\t<h3>\u041e\u0431\u0436\u0430\u0440\u0438\u0432\u0430\u043d\u0438\u0435 \u0444\u0438\u0441\u0442\u0430\u0448\u0435\u043a<br \/>\n\u041c\u0430\u0448\u0438\u043d\u0430<\/h3>\n<p><a href=\"https:\/\/albatrosendustri.com\/ru\/urunlerimiz\/gida-makineleri\/fistik-kavurma-makinesi\/\">\u041e\u0431\u0437\u043e\u0440 \u043f\u0440\u043e\u0434\u0443\u043a\u0446\u0438\u0438<\/a><\/p>\n\t\t\t\t<img decoding=\"async\" src=\"https:\/\/albatrosendustri.com\/wp-content\/uploads\/2024\/08\/Adsiz-tasarim-8-4.png\" alt=\"Ads\u0131z tasar\u0131m (8)\" itemprop=\"image\" height=\"768\" width=\"768\" title=\"Ads\u0131z tasar\u0131m (8)\" onerror=\"this.style.display='none'\"  \/>\n\t<h3>\u0414\u0440\u043e\u0431\u043b\u0435\u043d\u0438\u0435 \u0430\u0440\u0430\u0445\u0438\u0441\u0430<br \/>\n\u041c\u0430\u0448\u0438\u043d\u0430<\/h3>\n<p><a href=\"https:\/\/albatrosendustri.com\/ru\/urunlerimiz\/gida-makineleri\/fistik-kirma-makinesi\/\">\u041e\u0431\u0437\u043e\u0440 \u043f\u0440\u043e\u0434\u0443\u043a\u0446\u0438\u0438<\/a><\/p>\n\t\t\t\t<img decoding=\"async\" src=\"https:\/\/albatrosendustri.com\/wp-content\/uploads\/2024\/08\/Adsiz-tasarim-14-1.png\" alt=\"Ads\u0131z tasar\u0131m (14)\" itemprop=\"image\" height=\"768\" width=\"768\" title=\"Ads\u0131z tasar\u0131m (14)\" onerror=\"this.style.display='none'\"  \/>\n\t<h3>\u0410\u0440\u0430\u0445\u0438\u0441\u043e\u0432\u044b\u0439 \u0440\u0438\u0441<br \/>\n\u041c\u0430\u0448\u0438\u043d\u0430<\/h3>\n<p><a href=\"https:\/\/albatrosendustri.com\/ru\/urunlerimiz\/gida-makineleri\/fistik-pirinc-makinesi\/\">\u041e\u0431\u0437\u043e\u0440 \u043f\u0440\u043e\u0434\u0443\u043a\u0446\u0438\u0438<\/a><\/p>\n\t\t\t\t<img decoding=\"async\" src=\"https:\/\/albatrosendustri.com\/wp-content\/uploads\/2024\/08\/Adsiz-tasarim-19-1.png\" alt=\"Ads\u0131z tasar\u0131m (19)\" itemprop=\"image\" height=\"768\" width=\"768\" title=\"Ads\u0131z tasar\u0131m (19)\" onerror=\"this.style.display='none'\"  \/>\n\t<h3>\u0421\u0432\u0435\u0442\u043b\u043e\u0435 \u0437\u0435\u0440\u043d\u043e<br \/>\n\u041c\u0430\u0448\u0438\u043d\u0430<\/h3>\n<p><a href=\"https:\/\/albatrosendustri.com\/ru\/urunlerimiz\/gida-makineleri\/hafif-tane-makinesi\/\">\u041e\u0431\u0437\u043e\u0440 \u043f\u0440\u043e\u0434\u0443\u043a\u0446\u0438\u0438<\/a><\/p>\n\t\t\t\t<img decoding=\"async\" src=\"https:\/\/albatrosendustri.com\/wp-content\/uploads\/2024\/08\/Adsiz-tasarim-6.png\" alt=\"Ads\u0131z tasar\u0131m (6)\" itemprop=\"image\" height=\"768\" width=\"768\" title=\"Ads\u0131z tasar\u0131m (6)\" onerror=\"this.style.display='none'\"  \/>\n\t<h3>\u041f\u0440\u043e\u0433\u0438\u0431<br \/>\n\u041c\u0430\u0448\u0438\u043d\u0430<\/h3>\n<p><a href=\"https:\/\/albatrosendustri.com\/ru\/urunlerimiz\/gida-makineleri\/savurma-makinesi\/\">\u041e\u0431\u0437\u043e\u0440 \u043f\u0440\u043e\u0434\u0443\u043a\u0446\u0438\u0438<\/a><\/p>\n\t\t\t\t<img decoding=\"async\" src=\"https:\/\/albatrosendustri.com\/wp-content\/uploads\/2024\/08\/Adsiz-tasarim-13-3.png\" alt=\"Ads\u0131z tasar\u0131m (13)\" itemprop=\"image\" height=\"768\" width=\"768\" title=\"Ads\u0131z tasar\u0131m (13)\" onerror=\"this.style.display='none'\"  \/>\n\t<h3>\u041c\u0430\u0448\u0438\u043d\u0430 \u0434\u043b\u044f \u043c\u043e\u043a\u0440\u043e\u0439 \u043e\u0431\u0436\u0430\u0440\u043a\u0438 \u0433\u0440\u0435\u0446\u043a\u043e\u0433\u043e \u043e\u0440\u0435\u0445\u0430<\/h3>\n<p><a href=\"https:\/\/albatrosendustri.com\/ru\/urunlerimiz\/gida-makineleri\/yas-ceviz-kavlatma-makinesi\/\">\u041e\u0431\u0437\u043e\u0440 \u043f\u0440\u043e\u0434\u0443\u043a\u0446\u0438\u0438<\/a><\/p>\n\t\t\t\t<img decoding=\"async\" src=\"https:\/\/albatrosendustri.com\/wp-content\/uploads\/2024\/08\/Adsiz-tasarim-12-3.png\" alt=\"Ads\u0131z tasar\u0131m (12)\" itemprop=\"image\" height=\"768\" width=\"768\" title=\"Ads\u0131z tasar\u0131m (12)\" onerror=\"this.style.display='none'\"  \/>\n\t<h3>\u041f\u043e\u043a\u0440\u044b\u0442\u0438\u0435 Dragee <br \/> \u041c\u0430\u0448\u0438\u043d\u0430<\/h3>\n<p><a href=\"https:\/\/albatrosendustri.com\/ru\/urunlerimiz\/draje-kaplama-makinesi\/\">\u041e\u0431\u0437\u043e\u0440 \u043f\u0440\u043e\u0434\u0443\u043a\u0446\u0438\u0438<\/a><\/p>\n\t\t\t\t<img decoding=\"async\" src=\"https:\/\/albatrosendustri.com\/wp-content\/uploads\/2024\/08\/Adsiz-tasarim-3-4.png\" alt=\"Ads\u0131z tasar\u0131m (3)\" itemprop=\"image\" height=\"768\" width=\"768\" title=\"Ads\u0131z tasar\u0131m (3)\" onerror=\"this.style.display='none'\"  \/>\n\t<h3>\u0421\u043c\u0435\u0441\u0438\u0442\u0435\u043b\u044c<br \/>\n\u041c\u0430\u0448\u0438\u043d\u0430<\/h3>\n<p><a href=\"https:\/\/albatrosendustri.com\/ru\/urunlerimiz\/gida-makineleri\/mikser\/\">\u041e\u0431\u0437\u043e\u0440 \u043f\u0440\u043e\u0434\u0443\u043a\u0446\u0438\u0438<\/a><\/p>\n\t\t\t\t<img decoding=\"async\" src=\"https:\/\/albatrosendustri.com\/wp-content\/uploads\/2024\/08\/Adsiz-tasarim-1-3.png\" alt=\"Ads\u0131z tasar\u0131m (1)\" itemprop=\"image\" height=\"768\" width=\"768\" title=\"Ads\u0131z tasar\u0131m (1)\" onerror=\"this.style.display='none'\"  \/>\n\t<h3>\u041c\u044b\u0442\u044c\u0435 \u0444\u0440\u0443\u043a\u0442\u043e\u0432 \u0438 \u043e\u0432\u043e\u0449\u0435\u0439<br \/>\n\u041c\u0430\u0448\u0438\u043d\u0430<\/h3>\n<p><a href=\"https:\/\/albatrosendustri.com\/ru\/urunlerimiz\/gida-makineleri\/meyve-sebze-yikama-makinesi\/\">\u041e\u0431\u0437\u043e\u0440 \u043f\u0440\u043e\u0434\u0443\u043a\u0446\u0438\u0438<\/a><\/p>\n\t\t\t\t<img decoding=\"async\" src=\"https:\/\/albatrosendustri.com\/wp-content\/uploads\/2024\/08\/Adsiz-tasarim-8-5.png\" alt=\"Ads\u0131z tasar\u0131m (8)\" itemprop=\"image\" height=\"768\" width=\"768\" title=\"Ads\u0131z tasar\u0131m (8)\" onerror=\"this.style.display='none'\"  \/>\n\t<h3>\u0415\u0434\u0430 <br \/>\u0423\u0441\u0442\u0430\u043d\u043e\u0432\u043a\u0438<\/h3>\n<p><a href=\"https:\/\/albatrosendustri.com\/ru\/urunlerimiz\/gida-makineleri\/gida-tesisatlari\/\">\u041e\u0431\u0437\u043e\u0440 \u043f\u0440\u043e\u0434\u0443\u043a\u0446\u0438\u0438<\/a><\/p>","protected":false},"excerpt":{"rendered":"<p>Albatros End\u00fcstri, g\u0131da i\u015fleme s\u00fcre\u00e7lerinizi [&hellip;]<\/p>","protected":false},"author":11,"featured_media":0,"parent":4751,"menu_order":0,"comment_status":"closed","ping_status":"closed","template":"","meta":{"site-sidebar-layout":"no-sidebar","site-content-layout":"page-builder","ast-site-content-layout":"full-width-container","site-content-style":"unboxed","site-sidebar-style":"unboxed","ast-global-header-display":"","ast-banner-title-visibility":"","ast-main-header-display":"","ast-hfb-above-header-display":"","ast-hfb-below-header-display":"","ast-hfb-mobile-header-display":"","site-post-title":"disabled","ast-breadcrumbs-content":"","ast-featured-img":"disabled","footer-sml-layout":"","theme-transparent-header-meta":"disabled","adv-header-id-meta":"","stick-header-meta":"disabled","header-above-stick-meta":"","header-main-stick-meta":"","header-below-stick-meta":"","astra-migrate-meta-layouts":"set","ast-page-background-enabled":"default","ast-page-background-meta":{"desktop":{"background-color":"","background-image":"","background-repeat":"repeat","background-position":"center center","background-size":"auto","background-attachment":"scroll","background-type":"","background-media":"","overlay-type":"","overlay-color":"","overlay-opacity":"","overlay-gradient":""},"tablet":{"background-color":"","background-image":"","background-repeat":"repeat","background-position":"center center","background-size":"auto","background-attachment":"scroll","background-type":"","background-media":"","overlay-type":"","overlay-color":"","overlay-opacity":"","overlay-gradient":""},"mobile":{"background-color":"","background-image":"","background-repeat":"repeat","background-position":"center center","background-size":"auto","background-attachment":"scroll","background-type":"","background-media":"","overlay-type":"","overlay-color":"","overlay-opacity":"","overlay-gradient":""}},"ast-content-background-meta":{"desktop":{"background-color":"var(--ast-global-color-5)","background-image":"","background-repeat":"repeat","background-position":"center center","background-size":"auto","background-attachment":"scroll","background-type":"","background-media":"","overlay-type":"","overlay-color":"","overlay-opacity":"","overlay-gradient":""},"tablet":{"background-color":"var(--ast-global-color-5)","background-image":"","background-repeat":"repeat","background-position":"center center","background-size":"auto","background-attachment":"scroll","background-type":"","background-media":"","overlay-type":"","overlay-color":"","overlay-opacity":"","overlay-gradient":""},"mobile":{"background-color":"var(--ast-global-color-5)","background-image":"","background-repeat":"repeat","background-position":"center center","background-size":"auto","background-attachment":"scroll","background-type":"","background-media":"","overlay-type":"","overlay-color":"","overlay-opacity":"","overlay-gradient":""}},"footnotes":""},"class_list":["post-4987","page","type-page","status-publish","hentry"],"_links":{"self":[{"href":"https:\/\/albatrosendustri.com\/ru\/wp-json\/wp\/v2\/pages\/4987","targetHints":{"allow":["GET"]}}],"collection":[{"href":"https:\/\/albatrosendustri.com\/ru\/wp-json\/wp\/v2\/pages"}],"about":[{"href":"https:\/\/albatrosendustri.com\/ru\/wp-json\/wp\/v2\/types\/page"}],"author":[{"embeddable":true,"href":"https:\/\/albatrosendustri.com\/ru\/wp-json\/wp\/v2\/users\/11"}],"replies":[{"embeddable":true,"href":"https:\/\/albatrosendustri.com\/ru\/wp-json\/wp\/v2\/comments?post=4987"}],"version-history":[{"count":1,"href":"https:\/\/albatrosendustri.com\/ru\/wp-json\/wp\/v2\/pages\/4987\/revisions"}],"predecessor-version":[{"id":5382,"href":"https:\/\/albatrosendustri.com\/ru\/wp-json\/wp\/v2\/pages\/4987\/revisions\/5382"}],"up":[{"embeddable":true,"href":"https:\/\/albatrosendustri.com\/ru\/wp-json\/wp\/v2\/pages\/4751"}],"wp:attachment":[{"href":"https:\/\/albatrosendustri.com\/ru\/wp-json\/wp\/v2\/media?parent=4987"}],"curies":[{"name":"wp","href":"https:\/\/api.w.org\/{rel}","templated":true}]}}