{"id":4791,"date":"2024-08-14T14:18:32","date_gmt":"2024-08-14T11:18:32","guid":{"rendered":"https:\/\/albatrosendustri.com\/?page_id=4791"},"modified":"2024-08-15T10:32:20","modified_gmt":"2024-08-15T07:32:20","slug":"yatay-toz-ve-granur-dolum-makinesi","status":"publish","type":"page","link":"https:\/\/albatrosendustri.com\/ru\/urunlerimiz\/yatay-toz-ve-granur-dolum-makinesi\/","title":{"rendered":"\u0413\u043e\u0440\u0438\u0437\u043e\u043d\u0442\u0430\u043b\u044c\u043d\u0430\u044f \u043c\u0430\u0448\u0438\u043d\u0430 \u0434\u043b\u044f \u0444\u0430\u0441\u043e\u0432\u043a\u0438 \u043f\u043e\u0440\u043e\u0448\u043a\u043e\u0432 \u0438 \u0433\u0440\u0430\u043d\u0443\u043b"},"content":{"rendered":"<h2>\n\t\t\u0413\u043e\u0440\u0438\u0437\u043e\u043d\u0442\u0430\u043b\u044c\u043d\u0430\u044f \u043c\u0430\u0448\u0438\u043d\u0430 \u0434\u043b\u044f \u0444\u0430\u0441\u043e\u0432\u043a\u0438 \u043f\u043e\u0440\u043e\u0448\u043a\u043e\u0432 \u0438 \u0433\u0440\u0430\u043d\u0443\u043b\n\t<\/h2>\n\t<div class=\"ast-breadcrumbs-wrapper\">\r\n\t\t\t<div class=\"ast-breadcrumbs-inner\"><nav role=\"navigation\" aria-label=\"\u041d\u0430\u0432\u0438\u0433\u0430\u0446\u0438\u043e\u043d\u043d\u044b\u0435 \u0446\u0435\u043f\u043e\u0447\u043a\u0438\" class=\"breadcrumb-trail breadcrumbs\" ><div class=\"ast-breadcrumbs\"><ul class=\"trail-items\" ><li  class=\"trail-item trail-end\"><span><a href=\"https:\/\/albatrosendustri.com\/ru\/\" rel=\"home\"><span >\u0413\u043b\u0430\u0432\u043d\u0430\u044f<\/span><\/a><\/span><\/li><\/ul><\/div><\/nav><\/div>\r\n\t\t<\/div>\n\t\t\t\t<img decoding=\"async\" src=\"https:\/\/albatrosendustri.com\/wp-content\/uploads\/2024\/08\/Adsiz-tasarim-3.png\" alt=\"Ads\u0131z tasar\u0131m (3)\" itemprop=\"image\" height=\"768\" width=\"768\" title=\"Ads\u0131z tasar\u0131m (3)\" onerror=\"this.style.display='none'\"  \/>\n\t<h3>\n\t\t\t\t\u0413\u043e\u0440\u0438\u0437\u043e\u043d\u0442\u0430\u043b\u044c\u043d\u0430\u044f \u043c\u0430\u0448\u0438\u043d\u0430 \u0434\u043b\u044f \u0444\u0430\u0441\u043e\u0432\u043a\u0438 \u043f\u043e\u0440\u043e\u0448\u043a\u043e\u0432\u044b\u0445 \u0438 \u0433\u0440\u0430\u043d\u0443\u043b\u0438\u0440\u043e\u0432\u0430\u043d\u043d\u044b\u0445 \u043f\u0440\u043e\u0434\u0443\u043a\u0442\u043e\u0432\n\t\t\t<\/h3>\n\t\t<p>\u0413\u043e\u0440\u0438\u0437\u043e\u043d\u0442\u0430\u043b\u044c\u043d\u0430\u044f \u043c\u0430\u0448\u0438\u043d\u0430 \u0434\u043b\u044f \u0444\u0430\u0441\u043e\u0432\u043a\u0438 \u043f\u043e\u0440\u043e\u0448\u043a\u043e\u0432\u044b\u0445 \u0438 \u0433\u0440\u0430\u043d\u0443\u043b\u0438\u0440\u043e\u0432\u0430\u043d\u043d\u044b\u0445 \u043f\u0440\u043e\u0434\u0443\u043a\u0442\u043e\u0432 - \u044d\u0442\u043e \u0444\u0430\u0441\u043e\u0432\u043e\u0447\u043d\u0430\u044f \u043c\u0430\u0448\u0438\u043d\u0430, \u043e\u0441\u043d\u0430\u0449\u0435\u043d\u043d\u0430\u044f \u043f\u0435\u0440\u0435\u0434\u043e\u0432\u043e\u0439 \u0442\u0435\u0445\u043d\u043e\u043b\u043e\u0433\u0438\u0435\u0439, \u043a\u043e\u0442\u043e\u0440\u0430\u044f \u043c\u043e\u0436\u0435\u0442 \u043f\u0440\u043e\u0438\u0437\u0432\u043e\u0434\u0438\u0442\u044c 3-\u0441\u0442\u043e\u0440\u043e\u043d\u043d\u0438\u0435 \u0438 4-\u0441\u0442\u043e\u0440\u043e\u043d\u043d\u0438\u0435 \u0433\u0435\u0440\u043c\u0435\u0442\u0438\u0447\u043d\u044b\u0435 \u043f\u0430\u043a\u0435\u0442\u044b. \u0411\u043b\u0430\u0433\u043e\u0434\u0430\u0440\u044f \u0434\u0432\u0443\u043c \u0441\u0435\u0440\u0432\u043e\u0434\u0432\u0438\u0433\u0430\u0442\u0435\u043b\u044f\u043c \u0438 \u0441\u0438\u0441\u0442\u0435\u043c\u0435 \u0443\u043f\u0440\u0430\u0432\u043b\u0435\u043d\u0438\u044f PLC \u043e\u043d\u0430 \u043e\u0431\u0435\u0441\u043f\u0435\u0447\u0438\u0432\u0430\u0435\u0442 \u0432\u044b\u0441\u043e\u043a\u0443\u044e \u0442\u043e\u0447\u043d\u043e\u0441\u0442\u044c \u0438 \u043f\u0440\u043e\u0441\u0442\u043e\u0442\u0443 \u0438\u0441\u043f\u043e\u043b\u044c\u0437\u043e\u0432\u0430\u043d\u0438\u044f. \u041e\u043d\u0430 \u043e\u0431\u0435\u0441\u043f\u0435\u0447\u0438\u0432\u0430\u0435\u0442 \u0433\u0438\u0433\u0438\u0435\u043d\u0438\u0447\u043d\u043e\u0435 \u0438 \u043d\u0430\u0434\u0435\u0436\u043d\u043e\u0435 \u043d\u0430\u043f\u043e\u043b\u043d\u0435\u043d\u0438\u0435 \u0438 \u0443\u043f\u0430\u043a\u043e\u0432\u043a\u0443 \u0441\u043f\u0435\u0446\u0438\u0439, \u043a\u043e\u0444\u0435 \u0438 \u0430\u043d\u0430\u043b\u043e\u0433\u0438\u0447\u043d\u044b\u0445 \u043f\u043e\u0440\u043e\u0448\u043a\u043e\u043e\u0431\u0440\u0430\u0437\u043d\u044b\u0445 \u0438 \u0433\u0440\u0430\u043d\u0443\u043b\u0438\u0440\u043e\u0432\u0430\u043d\u043d\u044b\u0445 \u043f\u0440\u043e\u0434\u0443\u043a\u0442\u043e\u0432.<\/p>\t\n\t<table border=\"1\" cellspacing=\"1\" cellpadding=\"1\">\n<tbody>\n<tr>\n<td><strong>\u041c\u0438\u043d\u0438\u043c\u0430\u043b\u044c\u043d\u0430\u044f\/\u043c\u0430\u043a\u0441\u0438\u043c\u0430\u043b\u044c\u043d\u0430\u044f \u0433\u0440\u0430\u043c\u043c\u0430\u0442\u0443\u0440\u0430 \u043d\u0430\u043f\u043e\u043b\u043d\u0435\u043d\u0438\u044f<\/strong><\/td>\n<td>&nbsp; \u041e\u0442 10 \u0434\u043e 150 \u0433\u0440\u0430\u043c\u043c.<\/td>\n<\/tr>\n<tr>\n<td><strong>\u0428\u0438\u0440\u0438\u043d\u0430 \u0443\u043f\u0430\u043a\u043e\u0432\u043a\u0438 (\u043c\u0438\u043d\/\u043c\u0430\u043a\u0441)<\/strong><\/td>\n<td>&nbsp; 50 \u043c\u043c - 130 \u043c\u043c<\/td>\n<\/tr>\n<tr>\n<td><strong>\u0420\u0430\u0437\u043c\u0435\u0440 \u0443\u043f\u0430\u043a\u043e\u0432\u043a\u0438 (\u043c\u0438\u043d\/\u043c\u0430\u043a\u0441)<\/strong><\/td>\n<td>&nbsp; 70 \u043c\u043c - 200 \u043c\u043c<\/td>\n<\/tr>\n<tr>\n<td><strong>\u041f\u0440\u043e\u0438\u0437\u0432\u043e\u0434\u0438\u0442\u0435\u043b\u044c\u043d\u043e\u0441\u0442\u044c \u0432 \u043c\u0438\u043d\u0443\u0442\u0443<\/strong><\/td>\n<td>&nbsp; \u041e\u0442 40 \u0448\u0442\u0443\u043a \u0434\u043e 90 \u0448\u0442\u0443\u043a<\/td>\n<\/tr>\n<tr>\n<td><strong>\u0420\u0430\u0437\u043c\u0435\u0440\u044b \u043c\u0430\u0448\u0438\u043d\u044b<\/strong><\/td>\n<td>&nbsp; 120 \u0441\u043c*225 \u0441\u043c*260 \u0441\u043c<\/td>\n<\/tr>\n<tr>\n<td><strong>\u0412\u0435\u0441<\/strong><\/td>\n<td>&nbsp; 850 \u043a\u0433<\/td>\n<\/tr>\n<tr>\n<td><strong>POWER<\/strong><\/td>\n<td>&nbsp; \u0443\u0441\u0442\u0430\u043d\u043e\u0432\u043b\u0435\u043d\u043d\u0430\u044f \u043c\u043e\u0449\u043d\u043e\u0441\u0442\u044c 4,2 \u043a\u0412\u0442 \u0440\u0430\u0431\u043e\u0447\u0430\u044f \u043c\u043e\u0449\u043d\u043e\u0441\u0442\u044c 3,2 \u043a\u0412\u0442 380 \u0412 3 \u0424\u0410\u0417\u0410 50-60 \u0413\u0426<\/td>\n<\/tr>\n<tr>\n<td><strong>\u0421\u0438\u0441\u0442\u0435\u043c\u0430 \u0437\u0430\u043f\u0440\u0430\u0432\u043a\u0438<\/strong><\/td>\n<td>&nbsp;\u0412\u0438\u043d\u0442\u043e\u0432\u043e\u0439 \u0441\u0435\u0440\u0432\u043e\u0434\u0432\u0438\u0433\u0430\u0442\u0435\u043b\u044c<\/td>\n<\/tr>\n<\/tbody>\n<\/table>\n\t<p><strong>\u0413\u043e\u0440\u0438\u0437\u043e\u043d\u0442\u0430\u043b\u044c\u043d\u0430\u044f \u043c\u0430\u0448\u0438\u043d\u0430 \u0434\u043b\u044f \u0444\u0430\u0441\u043e\u0432\u043a\u0438 \u043f\u043e\u0440\u043e\u0448\u043a\u043e\u0432\u044b\u0445 \u0438 \u0433\u0440\u0430\u043d\u0443\u043b\u0438\u0440\u043e\u0432\u0430\u043d\u043d\u044b\u0445 \u043f\u0440\u043e\u0434\u0443\u043a\u0442\u043e\u0432,<\/strong> \u043f\u0440\u0435\u0434\u043b\u0430\u0433\u0430\u0435\u0442 \u043d\u0430\u0434\u0435\u0436\u043d\u043e\u0435 \u0438 \u044d\u0444\u0444\u0435\u043a\u0442\u0438\u0432\u043d\u043e\u0435 \u0440\u0435\u0448\u0435\u043d\u0438\u0435 \u0434\u043b\u044f \u0444\u0430\u0441\u043e\u0432\u043a\u0438 \u0438 \u0443\u043f\u0430\u043a\u043e\u0432\u043a\u0438 \u0440\u0430\u0437\u043b\u0438\u0447\u043d\u044b\u0445 \u043f\u043e\u0440\u043e\u0448\u043a\u043e\u0432\u044b\u0445 \u0438 \u0433\u0440\u0430\u043d\u0443\u043b\u0438\u0440\u043e\u0432\u0430\u043d\u043d\u044b\u0445 \u043f\u0440\u043e\u0434\u0443\u043a\u0442\u043e\u0432. \u041e\u043f\u0442\u0438\u043c\u0438\u0437\u0438\u0440\u0443\u0439\u0442\u0435 \u0441\u0432\u043e\u0438 \u043f\u0440\u043e\u0438\u0437\u0432\u043e\u0434\u0441\u0442\u0432\u0435\u043d\u043d\u044b\u0435 \u043f\u0440\u043e\u0446\u0435\u0441\u0441\u044b \u0431\u043b\u0430\u0433\u043e\u0434\u0430\u0440\u044f \u0432\u044b\u0441\u043e\u043a\u0438\u043c \u0442\u0435\u0445\u043d\u043e\u043b\u043e\u0433\u0438\u044f\u043c \u0438 \u043f\u0440\u043e\u0441\u0442\u043e\u0442\u0435 \u0438\u0441\u043f\u043e\u043b\u044c\u0437\u043e\u0432\u0430\u043d\u0438\u044f.<\/p>","protected":false},"excerpt":{"rendered":"<p>Yatay Toz ve Gran\u00fcl \u00dcr\u00fcn [&hellip;]<\/p>","protected":false},"author":11,"featured_media":0,"parent":4751,"menu_order":0,"comment_status":"closed","ping_status":"closed","template":"","meta":{"site-sidebar-layout":"no-sidebar","site-content-layout":"page-builder","ast-site-content-layout":"full-width-container","site-content-style":"unboxed","site-sidebar-style":"unboxed","ast-global-header-display":"","ast-banner-title-visibility":"","ast-main-header-display":"","ast-hfb-above-header-display":"","ast-hfb-below-header-display":"","ast-hfb-mobile-header-display":"","site-post-title":"disabled","ast-breadcrumbs-content":"","ast-featured-img":"disabled","footer-sml-layout":"","theme-transparent-header-meta":"disabled","adv-header-id-meta":"","stick-header-meta":"disabled","header-above-stick-meta":"","header-main-stick-meta":"","header-below-stick-meta":"","astra-migrate-meta-layouts":"set","ast-page-background-enabled":"default","ast-page-background-meta":{"desktop":{"background-color":"","background-image":"","background-repeat":"repeat","background-position":"center center","background-size":"auto","background-attachment":"scroll","background-type":"","background-media":"","overlay-type":"","overlay-color":"","overlay-opacity":"","overlay-gradient":""},"tablet":{"background-color":"","background-image":"","background-repeat":"repeat","background-position":"center center","background-size":"auto","background-attachment":"scroll","background-type":"","background-media":"","overlay-type":"","overlay-color":"","overlay-opacity":"","overlay-gradient":""},"mobile":{"background-color":"","background-image":"","background-repeat":"repeat","background-position":"center center","background-size":"auto","background-attachment":"scroll","background-type":"","background-media":"","overlay-type":"","overlay-color":"","overlay-opacity":"","overlay-gradient":""}},"ast-content-background-meta":{"desktop":{"background-color":"var(--ast-global-color-5)","background-image":"","background-repeat":"repeat","background-position":"center center","background-size":"auto","background-attachment":"scroll","background-type":"","background-media":"","overlay-type":"","overlay-color":"","overlay-opacity":"","overlay-gradient":""},"tablet":{"background-color":"var(--ast-global-color-5)","background-image":"","background-repeat":"repeat","background-position":"center center","background-size":"auto","background-attachment":"scroll","background-type":"","background-media":"","overlay-type":"","overlay-color":"","overlay-opacity":"","overlay-gradient":""},"mobile":{"background-color":"var(--ast-global-color-5)","background-image":"","background-repeat":"repeat","background-position":"center center","background-size":"auto","background-attachment":"scroll","background-type":"","background-media":"","overlay-type":"","overlay-color":"","overlay-opacity":"","overlay-gradient":""}},"footnotes":""},"class_list":["post-4791","page","type-page","status-publish","hentry"],"_links":{"self":[{"href":"https:\/\/albatrosendustri.com\/ru\/wp-json\/wp\/v2\/pages\/4791","targetHints":{"allow":["GET"]}}],"collection":[{"href":"https:\/\/albatrosendustri.com\/ru\/wp-json\/wp\/v2\/pages"}],"about":[{"href":"https:\/\/albatrosendustri.com\/ru\/wp-json\/wp\/v2\/types\/page"}],"author":[{"embeddable":true,"href":"https:\/\/albatrosendustri.com\/ru\/wp-json\/wp\/v2\/users\/11"}],"replies":[{"embeddable":true,"href":"https:\/\/albatrosendustri.com\/ru\/wp-json\/wp\/v2\/comments?post=4791"}],"version-history":[{"count":0,"href":"https:\/\/albatrosendustri.com\/ru\/wp-json\/wp\/v2\/pages\/4791\/revisions"}],"up":[{"embeddable":true,"href":"https:\/\/albatrosendustri.com\/ru\/wp-json\/wp\/v2\/pages\/4751"}],"wp:attachment":[{"href":"https:\/\/albatrosendustri.com\/ru\/wp-json\/wp\/v2\/media?parent=4791"}],"curies":[{"name":"wp","href":"https:\/\/api.w.org\/{rel}","templated":true}]}}