{"id":5304,"date":"2024-08-22T14:39:55","date_gmt":"2024-08-22T11:39:55","guid":{"rendered":"https:\/\/albatrosendustri.com\/?page_id=5304"},"modified":"2024-08-22T14:45:23","modified_gmt":"2024-08-22T11:45:23","slug":"meyve-sebze-yikama-makinesi","status":"publish","type":"page","link":"https:\/\/albatrosendustri.com\/en\/urunlerimiz\/gida-makineleri\/meyve-sebze-yikama-makinesi\/","title":{"rendered":"Fruit Vegetable Washing Machine"},"content":{"rendered":"<h2>\n\t\tFruit Vegetable Washing Machine\n\t<\/h2>\n\t<div class=\"ast-breadcrumbs-wrapper\">\r\n\t\t\t<div class=\"ast-breadcrumbs-inner\"><nav role=\"navigation\" aria-label=\"Breadcrumbs\" class=\"breadcrumb-trail breadcrumbs\" ><div class=\"ast-breadcrumbs\"><ul class=\"trail-items\" ><li  class=\"trail-item trail-end\"><span><a href=\"https:\/\/albatrosendustri.com\/en\/\" rel=\"home\"><span >Home<\/span><\/a><\/span><\/li><\/ul><\/div><\/nav><\/div>\r\n\t\t<\/div>\n\t<h3>\n\t\t\t\tFruit and Vegetable Washing Machine\n\t\t\t<\/h3>\n\t\t<p>Albatros End\u00fcstri&#8217;nin meyve ve sebze y\u0131kama makinesi, taze \u00fcr\u00fcnlerinizi h\u0131zl\u0131 ve etkili bir \u015fekilde temizlemek i\u00e7in tasarlanm\u0131\u015f \u00fcst\u00fcn bir \u00e7\u00f6z\u00fcmd\u00fcr. Bu makine, g\u0131da g\u00fcvenli\u011fi ve hijyen standartlar\u0131na uygun olarak \u00fcretilmi\u015f olup, meyve ve sebzeleri y\u00fczeylerindeki kir, toprak ve kimyasal kal\u0131nt\u0131lardan ar\u0131nd\u0131rarak en saf ve temiz haliyle i\u015flemenizi sa\u011flar.\u00a0<\/p>\t\n\t<table border=\"1\" cellspacing=\"1\" cellpadding=\"1\">\n<tbody>\n<tr>\n<td><strong>High Hygiene Standards:<\/strong> Made of stainless steel, our machine fully complies with food safety and hygiene standards. It offers a hygienic environment during the cleaning of your products.<\/td>\n<\/tr>\n<tr>\n<td><strong>Effective Cleaning:<\/strong> The high-pressure water spraying system and special brushes remove all residues effectively while gently cleaning the surfaces of fruits and vegetables.<\/td>\n<\/tr>\n<tr>\n<td><strong>Productivity:<\/strong> Thanks to its high capacity, it cleans your large-volume products in a short time, thereby increasing the speed and efficiency of your production processes.<\/td>\n<\/tr>\n<tr>\n<td><strong>Easy Operation and Maintenance:<\/strong> Thanks to its user-friendly interface and easy maintenance features, the operators' work becomes easier and the operating costs of the machine are reduced.<\/td>\n<\/tr>\n<tr>\n<td><strong>\u00c7evre Dostu:<\/strong> It offers an environmentally friendly solution with its water-saving system. At the same time, it reduces the carbon footprint of your business thanks to energy efficiency.<\/td>\n<\/tr>\n<\/tbody>\n<\/table>\n\t<p><strong>Albatros End\u00fcstri&#8217;nin<\/strong> the fruit and vegetable washing machine offers quality and reliability in your food processing plants. Discover this innovative machine to continue processing your fresh products in the cleanest way Jul.<\/p>","protected":false},"excerpt":{"rendered":"<p>Meyve ve Sebze Y\u0131kama Makinesi [&hellip;]<\/p>","protected":false},"author":11,"featured_media":0,"parent":4987,"menu_order":0,"comment_status":"closed","ping_status":"closed","template":"","meta":{"site-sidebar-layout":"no-sidebar","site-content-layout":"page-builder","ast-site-content-layout":"full-width-container","site-content-style":"unboxed","site-sidebar-style":"unboxed","ast-global-header-display":"","ast-banner-title-visibility":"","ast-main-header-display":"","ast-hfb-above-header-display":"","ast-hfb-below-header-display":"","ast-hfb-mobile-header-display":"","site-post-title":"disabled","ast-breadcrumbs-content":"","ast-featured-img":"disabled","footer-sml-layout":"","theme-transparent-header-meta":"disabled","adv-header-id-meta":"","stick-header-meta":"disabled","header-above-stick-meta":"","header-main-stick-meta":"","header-below-stick-meta":"","astra-migrate-meta-layouts":"set","ast-page-background-enabled":"default","ast-page-background-meta":{"desktop":{"background-color":"","background-image":"","background-repeat":"repeat","background-position":"center center","background-size":"auto","background-attachment":"scroll","background-type":"","background-media":"","overlay-type":"","overlay-color":"","overlay-opacity":"","overlay-gradient":""},"tablet":{"background-color":"","background-image":"","background-repeat":"repeat","background-position":"center center","background-size":"auto","background-attachment":"scroll","background-type":"","background-media":"","overlay-type":"","overlay-color":"","overlay-opacity":"","overlay-gradient":""},"mobile":{"background-color":"","background-image":"","background-repeat":"repeat","background-position":"center center","background-size":"auto","background-attachment":"scroll","background-type":"","background-media":"","overlay-type":"","overlay-color":"","overlay-opacity":"","overlay-gradient":""}},"ast-content-background-meta":{"desktop":{"background-color":"var(--ast-global-color-5)","background-image":"","background-repeat":"repeat","background-position":"center center","background-size":"auto","background-attachment":"scroll","background-type":"","background-media":"","overlay-type":"","overlay-color":"","overlay-opacity":"","overlay-gradient":""},"tablet":{"background-color":"var(--ast-global-color-5)","background-image":"","background-repeat":"repeat","background-position":"center center","background-size":"auto","background-attachment":"scroll","background-type":"","background-media":"","overlay-type":"","overlay-color":"","overlay-opacity":"","overlay-gradient":""},"mobile":{"background-color":"var(--ast-global-color-5)","background-image":"","background-repeat":"repeat","background-position":"center center","background-size":"auto","background-attachment":"scroll","background-type":"","background-media":"","overlay-type":"","overlay-color":"","overlay-opacity":"","overlay-gradient":""}},"footnotes":""},"class_list":["post-5304","page","type-page","status-publish","hentry"],"_links":{"self":[{"href":"https:\/\/albatrosendustri.com\/en\/wp-json\/wp\/v2\/pages\/5304","targetHints":{"allow":["GET"]}}],"collection":[{"href":"https:\/\/albatrosendustri.com\/en\/wp-json\/wp\/v2\/pages"}],"about":[{"href":"https:\/\/albatrosendustri.com\/en\/wp-json\/wp\/v2\/types\/page"}],"author":[{"embeddable":true,"href":"https:\/\/albatrosendustri.com\/en\/wp-json\/wp\/v2\/users\/11"}],"replies":[{"embeddable":true,"href":"https:\/\/albatrosendustri.com\/en\/wp-json\/wp\/v2\/comments?post=5304"}],"version-history":[{"count":0,"href":"https:\/\/albatrosendustri.com\/en\/wp-json\/wp\/v2\/pages\/5304\/revisions"}],"up":[{"embeddable":true,"href":"https:\/\/albatrosendustri.com\/en\/wp-json\/wp\/v2\/pages\/4987"}],"wp:attachment":[{"href":"https:\/\/albatrosendustri.com\/en\/wp-json\/wp\/v2\/media?parent=5304"}],"curies":[{"name":"wp","href":"https:\/\/api.w.org\/{rel}","templated":true}]}}