{"id":5179,"date":"2024-08-20T17:07:17","date_gmt":"2024-08-20T14:07:17","guid":{"rendered":"https:\/\/albatrosendustri.com\/?page_id=5179"},"modified":"2024-09-02T10:13:44","modified_gmt":"2024-09-02T07:13:44","slug":"sprinkler-tesisat","status":"publish","type":"page","link":"https:\/\/albatrosendustri.com\/en\/urunlerimiz\/mekanik-tesisat\/sprinkler-tesisat\/","title":{"rendered":"Sprinkler Installation"},"content":{"rendered":"<h2>\n\t\tSprinkler Installation\n\t<\/h2>\n\t<div class=\"ast-breadcrumbs-wrapper\">\r\n\t\t\t<div class=\"ast-breadcrumbs-inner\"><nav role=\"navigation\" aria-label=\"Breadcrumbs\" class=\"breadcrumb-trail breadcrumbs\" ><div class=\"ast-breadcrumbs\"><ul class=\"trail-items\" ><li  class=\"trail-item trail-end\"><span><a href=\"https:\/\/albatrosendustri.com\/en\/\" rel=\"home\"><span >Home<\/span><\/a><\/span><\/li><\/ul><\/div><\/nav><\/div>\r\n\t\t<\/div>\n\t<h3>\n\t\t\t\tSprinkler Installation\n\t\t\t<\/h3>\n\t\t<p><strong>Sprinkler Tesisat \u00c7\u00f6z\u00fcmleri<\/strong>, yang\u0131n g\u00fcvenli\u011fi i\u00e7in hayati \u00f6neme sahip olan, bina ve end\u00fcstriyel tesisler i\u00e7in y\u00fcksek g\u00fcvenlikli otomatik yang\u0131n s\u00f6nd\u00fcrme sistemleri sunar. Sprinkler sistemlerimiz, yang\u0131n an\u0131nda h\u0131zl\u0131 ve etkili m\u00fcdahale sa\u011flayarak, can ve mal g\u00fcvenli\u011fini korur.<\/p>\t\n\t<table border=\"1\" cellspacing=\"1\" cellpadding=\"1\">\n<tbody>\n<tr>\n<td><strong>Fire Safety:<\/strong> Our sprinkler installation systems are designed to minimize the fire hazard. Our systems are automatically activated at the start of a fire and prevent the fire from spreading.<\/td>\n<\/tr>\n<tr>\n<td><strong>Reliability:<\/strong> Offering reliable performance even under the harshest operating conditions, our sprinkler systems are designed and tested in accordance with industry standards.<\/td>\n<\/tr>\n<tr>\n<td><strong>Comprehensive Protection:<\/strong> Designed to cover the entire facility, the systems provide fast and effective protection at every point in case of fire.<\/td>\n<\/tr>\n<tr>\n<td><strong>Easy Integration:<\/strong> Easily integrated into existing installation infrastructure, these systems offer easy-to-install solutions with low maintenance requirements.<\/td>\n<\/tr>\n<\/tbody>\n<\/table>","protected":false},"excerpt":{"rendered":"<p>Sprinkler Tesisat Sprinkler Tesisat \u00c7\u00f6z\u00fcmleri, [&hellip;]<\/p>","protected":false},"author":11,"featured_media":0,"parent":5176,"menu_order":0,"comment_status":"closed","ping_status":"closed","template":"","meta":{"site-sidebar-layout":"no-sidebar","site-content-layout":"page-builder","ast-site-content-layout":"full-width-container","site-content-style":"unboxed","site-sidebar-style":"unboxed","ast-global-header-display":"","ast-banner-title-visibility":"","ast-main-header-display":"","ast-hfb-above-header-display":"","ast-hfb-below-header-display":"","ast-hfb-mobile-header-display":"","site-post-title":"disabled","ast-breadcrumbs-content":"","ast-featured-img":"disabled","footer-sml-layout":"","theme-transparent-header-meta":"disabled","adv-header-id-meta":"","stick-header-meta":"disabled","header-above-stick-meta":"","header-main-stick-meta":"","header-below-stick-meta":"","astra-migrate-meta-layouts":"set","ast-page-background-enabled":"default","ast-page-background-meta":{"desktop":{"background-color":"","background-image":"","background-repeat":"repeat","background-position":"center center","background-size":"auto","background-attachment":"scroll","background-type":"","background-media":"","overlay-type":"","overlay-color":"","overlay-opacity":"","overlay-gradient":""},"tablet":{"background-color":"","background-image":"","background-repeat":"repeat","background-position":"center center","background-size":"auto","background-attachment":"scroll","background-type":"","background-media":"","overlay-type":"","overlay-color":"","overlay-opacity":"","overlay-gradient":""},"mobile":{"background-color":"","background-image":"","background-repeat":"repeat","background-position":"center center","background-size":"auto","background-attachment":"scroll","background-type":"","background-media":"","overlay-type":"","overlay-color":"","overlay-opacity":"","overlay-gradient":""}},"ast-content-background-meta":{"desktop":{"background-color":"var(--ast-global-color-5)","background-image":"","background-repeat":"repeat","background-position":"center center","background-size":"auto","background-attachment":"scroll","background-type":"","background-media":"","overlay-type":"","overlay-color":"","overlay-opacity":"","overlay-gradient":""},"tablet":{"background-color":"var(--ast-global-color-5)","background-image":"","background-repeat":"repeat","background-position":"center center","background-size":"auto","background-attachment":"scroll","background-type":"","background-media":"","overlay-type":"","overlay-color":"","overlay-opacity":"","overlay-gradient":""},"mobile":{"background-color":"var(--ast-global-color-5)","background-image":"","background-repeat":"repeat","background-position":"center center","background-size":"auto","background-attachment":"scroll","background-type":"","background-media":"","overlay-type":"","overlay-color":"","overlay-opacity":"","overlay-gradient":""}},"footnotes":""},"class_list":["post-5179","page","type-page","status-publish","hentry"],"_links":{"self":[{"href":"https:\/\/albatrosendustri.com\/en\/wp-json\/wp\/v2\/pages\/5179","targetHints":{"allow":["GET"]}}],"collection":[{"href":"https:\/\/albatrosendustri.com\/en\/wp-json\/wp\/v2\/pages"}],"about":[{"href":"https:\/\/albatrosendustri.com\/en\/wp-json\/wp\/v2\/types\/page"}],"author":[{"embeddable":true,"href":"https:\/\/albatrosendustri.com\/en\/wp-json\/wp\/v2\/users\/11"}],"replies":[{"embeddable":true,"href":"https:\/\/albatrosendustri.com\/en\/wp-json\/wp\/v2\/comments?post=5179"}],"version-history":[{"count":0,"href":"https:\/\/albatrosendustri.com\/en\/wp-json\/wp\/v2\/pages\/5179\/revisions"}],"up":[{"embeddable":true,"href":"https:\/\/albatrosendustri.com\/en\/wp-json\/wp\/v2\/pages\/5176"}],"wp:attachment":[{"href":"https:\/\/albatrosendustri.com\/en\/wp-json\/wp\/v2\/media?parent=5179"}],"curies":[{"name":"wp","href":"https:\/\/api.w.org\/{rel}","templated":true}]}}