{"id":5037,"date":"2024-08-19T14:59:20","date_gmt":"2024-08-19T11:59:20","guid":{"rendered":"https:\/\/albatrosendustri.com\/?page_id=5037"},"modified":"2024-08-21T11:40:56","modified_gmt":"2024-08-21T08:40:56","slug":"fistik-kirma-makinesi","status":"publish","type":"page","link":"https:\/\/albatrosendustri.com\/en\/urunlerimiz\/gida-makineleri\/fistik-kirma-makinesi\/","title":{"rendered":"Peanut Crushing Machine"},"content":{"rendered":"<h2>\n\t\tPeanut Crushing Machine\n\t<\/h2>\n\t<div class=\"ast-breadcrumbs-wrapper\">\r\n\t\t\t<div class=\"ast-breadcrumbs-inner\"><nav role=\"navigation\" aria-label=\"Breadcrumbs\" class=\"breadcrumb-trail breadcrumbs\" ><div class=\"ast-breadcrumbs\"><ul class=\"trail-items\" ><li  class=\"trail-item trail-end\"><span><a href=\"https:\/\/albatrosendustri.com\/en\/\" rel=\"home\"><span >Home<\/span><\/a><\/span><\/li><\/ul><\/div><\/nav><\/div>\r\n\t\t<\/div>\n\t<h3>\n\t\t\t\tPeanut Crushing Machine\n\t\t\t<\/h3>\n\t\t<p>F\u0131st\u0131k i\u015fleme tesisleri i\u00e7in tasarlanan Albatros End\u00fcstri&#8217;nin F\u0131st\u0131k K\u0131rma Makinesi, kabuklu f\u0131st\u0131klar\u0131n hassas ve etkili bir \u015fekilde k\u0131r\u0131lmas\u0131n\u0131 sa\u011flar. Bu makine, y\u00fcksek k\u0131rma kapasitesi ve minimal fire oran\u0131 ile \u00fcretim s\u00fcre\u00e7lerinizi optimize eder.<\/p>\t\n\t<table border=\"1\" cellspacing=\"1\" cellpadding=\"1\">\n<tbody>\n<tr>\n<td><strong>Precision Crushing:<\/strong> It effectively breaks the shells without damaging the inner part of the nuts.<\/td>\n<\/tr>\n<tr>\n<td><strong>High Capacity:<\/strong> It increases the production speed by processing a large amount of nuts in a short time.<\/td>\n<\/tr>\n<tr>\n<td><strong>Durable Construction:<\/strong> The stainless steel housing offers a long service life and a hygienic working environment.<\/td>\n<\/tr>\n<tr>\n<td><strong>Easy Operation:<\/strong> It provides easy operation with simple adjustment mechanism and user-friendly control panel.<\/td>\n<\/tr>\n<tr>\n<td><strong>Low Maintenance Requirement:<\/strong> With its robust and durable structure, it requires minimal maintenance.<\/td>\n<\/tr>\n<\/tbody>\n<\/table>\n\t<p><strong>Peanut Crushing Machine<\/strong> you can contact us to get more information about our products and to discover solutions suitable for your needs. Our professional teams are ready to provide you with the most suitable products and services.<\/p>","protected":false},"excerpt":{"rendered":"<p>F\u0131st\u0131k K\u0131rma Makinesi F\u0131st\u0131k i\u015fleme [&hellip;]<\/p>","protected":false},"author":11,"featured_media":0,"parent":4987,"menu_order":0,"comment_status":"closed","ping_status":"closed","template":"","meta":{"site-sidebar-layout":"no-sidebar","site-content-layout":"page-builder","ast-site-content-layout":"full-width-container","site-content-style":"unboxed","site-sidebar-style":"unboxed","ast-global-header-display":"","ast-banner-title-visibility":"","ast-main-header-display":"","ast-hfb-above-header-display":"","ast-hfb-below-header-display":"","ast-hfb-mobile-header-display":"","site-post-title":"disabled","ast-breadcrumbs-content":"","ast-featured-img":"disabled","footer-sml-layout":"","theme-transparent-header-meta":"disabled","adv-header-id-meta":"","stick-header-meta":"disabled","header-above-stick-meta":"","header-main-stick-meta":"","header-below-stick-meta":"","astra-migrate-meta-layouts":"set","ast-page-background-enabled":"default","ast-page-background-meta":{"desktop":{"background-color":"","background-image":"","background-repeat":"repeat","background-position":"center center","background-size":"auto","background-attachment":"scroll","background-type":"","background-media":"","overlay-type":"","overlay-color":"","overlay-opacity":"","overlay-gradient":""},"tablet":{"background-color":"","background-image":"","background-repeat":"repeat","background-position":"center center","background-size":"auto","background-attachment":"scroll","background-type":"","background-media":"","overlay-type":"","overlay-color":"","overlay-opacity":"","overlay-gradient":""},"mobile":{"background-color":"","background-image":"","background-repeat":"repeat","background-position":"center center","background-size":"auto","background-attachment":"scroll","background-type":"","background-media":"","overlay-type":"","overlay-color":"","overlay-opacity":"","overlay-gradient":""}},"ast-content-background-meta":{"desktop":{"background-color":"var(--ast-global-color-5)","background-image":"","background-repeat":"repeat","background-position":"center center","background-size":"auto","background-attachment":"scroll","background-type":"","background-media":"","overlay-type":"","overlay-color":"","overlay-opacity":"","overlay-gradient":""},"tablet":{"background-color":"var(--ast-global-color-5)","background-image":"","background-repeat":"repeat","background-position":"center center","background-size":"auto","background-attachment":"scroll","background-type":"","background-media":"","overlay-type":"","overlay-color":"","overlay-opacity":"","overlay-gradient":""},"mobile":{"background-color":"var(--ast-global-color-5)","background-image":"","background-repeat":"repeat","background-position":"center center","background-size":"auto","background-attachment":"scroll","background-type":"","background-media":"","overlay-type":"","overlay-color":"","overlay-opacity":"","overlay-gradient":""}},"footnotes":""},"class_list":["post-5037","page","type-page","status-publish","hentry"],"_links":{"self":[{"href":"https:\/\/albatrosendustri.com\/en\/wp-json\/wp\/v2\/pages\/5037","targetHints":{"allow":["GET"]}}],"collection":[{"href":"https:\/\/albatrosendustri.com\/en\/wp-json\/wp\/v2\/pages"}],"about":[{"href":"https:\/\/albatrosendustri.com\/en\/wp-json\/wp\/v2\/types\/page"}],"author":[{"embeddable":true,"href":"https:\/\/albatrosendustri.com\/en\/wp-json\/wp\/v2\/users\/11"}],"replies":[{"embeddable":true,"href":"https:\/\/albatrosendustri.com\/en\/wp-json\/wp\/v2\/comments?post=5037"}],"version-history":[{"count":0,"href":"https:\/\/albatrosendustri.com\/en\/wp-json\/wp\/v2\/pages\/5037\/revisions"}],"up":[{"embeddable":true,"href":"https:\/\/albatrosendustri.com\/en\/wp-json\/wp\/v2\/pages\/4987"}],"wp:attachment":[{"href":"https:\/\/albatrosendustri.com\/en\/wp-json\/wp\/v2\/media?parent=5037"}],"curies":[{"name":"wp","href":"https:\/\/api.w.org\/{rel}","templated":true}]}}