{"id":5010,"date":"2024-08-19T14:50:09","date_gmt":"2024-08-19T11:50:09","guid":{"rendered":"https:\/\/albatrosendustri.com\/?page_id=5010"},"modified":"2024-08-21T10:53:05","modified_gmt":"2024-08-21T07:53:05","slug":"ekmek-hamuru-yogurma-makinesi","status":"publish","type":"page","link":"https:\/\/albatrosendustri.com\/en\/urunlerimiz\/gida-makineleri\/ekmek-hamuru-yogurma-makinesi\/","title":{"rendered":"Bread Dough Kneading Machine"},"content":{"rendered":"<h2>\n\t\tBread Dough Kneading Machine\n\t<\/h2>\n\t<div class=\"ast-breadcrumbs-wrapper\">\r\n\t\t\t<div class=\"ast-breadcrumbs-inner\"><nav role=\"navigation\" aria-label=\"Breadcrumbs\" class=\"breadcrumb-trail breadcrumbs\" ><div class=\"ast-breadcrumbs\"><ul class=\"trail-items\" ><li  class=\"trail-item trail-end\"><span><a href=\"https:\/\/albatrosendustri.com\/en\/\" rel=\"home\"><span >Home<\/span><\/a><\/span><\/li><\/ul><\/div><\/nav><\/div>\r\n\t\t<\/div>\n\t<h3>\n\t\t\t\tBread Dough Kneading Machine\n\t\t\t<\/h3>\n\t\t<p>Albatros End\u00fcstri&#8217;nin Ekmek Hamuru Yo\u011furma Makinesi, y\u00fcksek kapasiteye sahip ve tutarl\u0131 sonu\u00e7lar sunan, profesyonel f\u0131r\u0131nlar ve g\u0131da \u00fcreticileri i\u00e7in ideal bir \u00e7\u00f6z\u00fcmd\u00fcr. Bu makine, hamurun m\u00fckemmel bir k\u0131vamda yo\u011frulmas\u0131n\u0131 sa\u011flayarak ekmek \u00fcretim s\u00fcre\u00e7lerinizi optimize eder. G\u00fc\u00e7l\u00fc motoru ve dayan\u0131kl\u0131 yap\u0131s\u0131 ile zorlu \u00fcretim ko\u015fullar\u0131nda bile g\u00fcvenilir bir performans sunar.<\/p>\t\n\t<table border=\"1\" cellspacing=\"1\" cellpadding=\"1\">\n<tbody>\n<tr>\n<td><strong>Perfect Consistency:<\/strong> It ensures that the dough is kneaded to the ideal consistency every time, so that the quality and consistency of your breads are maintained.<\/td>\n<\/tr>\n<tr>\n<td><strong>High Capacity:<\/strong> Thanks to its large container, it can knead large quantities of dough quickly and efficiently, increasing your production capacity.<\/td>\n<\/tr>\n<tr>\n<td><strong>Durable Material:<\/strong> This machine, which is made of stainless steel, offers long-lasting use and hygienic working conditions.<\/td>\n<\/tr>\n<tr>\n<td><strong>Ease of Use:<\/strong> With its ergonomic design and simple control panel, it facilitates the work of operators and saves time.<\/td>\n<\/tr>\n<tr>\n<td><strong>Quiet and Powerful Performance:<\/strong> Its powerful engine works quietly, provides comfort in the production environment and offers high efficiency.<\/td>\n<\/tr>\n<\/tbody>\n<\/table>\n\t<p>Our Bread Dough Kneading Machine is a reliable and efficient solution that you need for quality bread production. It is an ideal choice for improving your production processes.<\/p>","protected":false},"excerpt":{"rendered":"<p>Ekmek Hamuru Yo\u011furma Makinesi Albatros [&hellip;]<\/p>","protected":false},"author":11,"featured_media":0,"parent":4987,"menu_order":0,"comment_status":"closed","ping_status":"closed","template":"","meta":{"site-sidebar-layout":"no-sidebar","site-content-layout":"page-builder","ast-site-content-layout":"full-width-container","site-content-style":"unboxed","site-sidebar-style":"unboxed","ast-global-header-display":"","ast-banner-title-visibility":"","ast-main-header-display":"","ast-hfb-above-header-display":"","ast-hfb-below-header-display":"","ast-hfb-mobile-header-display":"","site-post-title":"disabled","ast-breadcrumbs-content":"","ast-featured-img":"disabled","footer-sml-layout":"","theme-transparent-header-meta":"disabled","adv-header-id-meta":"","stick-header-meta":"disabled","header-above-stick-meta":"","header-main-stick-meta":"","header-below-stick-meta":"","astra-migrate-meta-layouts":"set","ast-page-background-enabled":"default","ast-page-background-meta":{"desktop":{"background-color":"","background-image":"","background-repeat":"repeat","background-position":"center center","background-size":"auto","background-attachment":"scroll","background-type":"","background-media":"","overlay-type":"","overlay-color":"","overlay-opacity":"","overlay-gradient":""},"tablet":{"background-color":"","background-image":"","background-repeat":"repeat","background-position":"center center","background-size":"auto","background-attachment":"scroll","background-type":"","background-media":"","overlay-type":"","overlay-color":"","overlay-opacity":"","overlay-gradient":""},"mobile":{"background-color":"","background-image":"","background-repeat":"repeat","background-position":"center center","background-size":"auto","background-attachment":"scroll","background-type":"","background-media":"","overlay-type":"","overlay-color":"","overlay-opacity":"","overlay-gradient":""}},"ast-content-background-meta":{"desktop":{"background-color":"var(--ast-global-color-5)","background-image":"","background-repeat":"repeat","background-position":"center center","background-size":"auto","background-attachment":"scroll","background-type":"","background-media":"","overlay-type":"","overlay-color":"","overlay-opacity":"","overlay-gradient":""},"tablet":{"background-color":"var(--ast-global-color-5)","background-image":"","background-repeat":"repeat","background-position":"center center","background-size":"auto","background-attachment":"scroll","background-type":"","background-media":"","overlay-type":"","overlay-color":"","overlay-opacity":"","overlay-gradient":""},"mobile":{"background-color":"var(--ast-global-color-5)","background-image":"","background-repeat":"repeat","background-position":"center center","background-size":"auto","background-attachment":"scroll","background-type":"","background-media":"","overlay-type":"","overlay-color":"","overlay-opacity":"","overlay-gradient":""}},"footnotes":""},"class_list":["post-5010","page","type-page","status-publish","hentry"],"_links":{"self":[{"href":"https:\/\/albatrosendustri.com\/en\/wp-json\/wp\/v2\/pages\/5010","targetHints":{"allow":["GET"]}}],"collection":[{"href":"https:\/\/albatrosendustri.com\/en\/wp-json\/wp\/v2\/pages"}],"about":[{"href":"https:\/\/albatrosendustri.com\/en\/wp-json\/wp\/v2\/types\/page"}],"author":[{"embeddable":true,"href":"https:\/\/albatrosendustri.com\/en\/wp-json\/wp\/v2\/users\/11"}],"replies":[{"embeddable":true,"href":"https:\/\/albatrosendustri.com\/en\/wp-json\/wp\/v2\/comments?post=5010"}],"version-history":[{"count":0,"href":"https:\/\/albatrosendustri.com\/en\/wp-json\/wp\/v2\/pages\/5010\/revisions"}],"up":[{"embeddable":true,"href":"https:\/\/albatrosendustri.com\/en\/wp-json\/wp\/v2\/pages\/4987"}],"wp:attachment":[{"href":"https:\/\/albatrosendustri.com\/en\/wp-json\/wp\/v2\/media?parent=5010"}],"curies":[{"name":"wp","href":"https:\/\/api.w.org\/{rel}","templated":true}]}}