{"id":5009,"date":"2024-08-19T14:52:06","date_gmt":"2024-08-19T11:52:06","guid":{"rendered":"https:\/\/albatrosendustri.com\/?page_id=5009"},"modified":"2024-08-21T11:19:19","modified_gmt":"2024-08-21T08:19:19","slug":"elek-makinesi","status":"publish","type":"page","link":"https:\/\/albatrosendustri.com\/en\/urunlerimiz\/gida-makineleri\/elek-makinesi\/","title":{"rendered":"Sieve Machine"},"content":{"rendered":"<h2>\n\t\tSieve Machine\n\t<\/h2>\n\t<div class=\"ast-breadcrumbs-wrapper\">\r\n\t\t\t<div class=\"ast-breadcrumbs-inner\"><nav role=\"navigation\" aria-label=\"Breadcrumbs\" class=\"breadcrumb-trail breadcrumbs\" ><div class=\"ast-breadcrumbs\"><ul class=\"trail-items\" ><li  class=\"trail-item trail-end\"><span><a href=\"https:\/\/albatrosendustri.com\/en\/\" rel=\"home\"><span >Home<\/span><\/a><\/span><\/li><\/ul><\/div><\/nav><\/div>\r\n\t\t<\/div>\n\t<h3>\n\t\t\t\tSieve Machine\n\t\t\t<\/h3>\n\t\t<p>Albatros End\u00fcstri&#8217;nin Elek Makinesi, g\u0131da \u00fcretiminde kullan\u0131lan malzemelerin hassas bir \u015fekilde ayr\u0131\u015ft\u0131r\u0131lmas\u0131 ve s\u0131n\u0131fland\u0131r\u0131lmas\u0131 i\u00e7in tasarlanm\u0131\u015f y\u00fcksek performansl\u0131 bir ekipmand\u0131r. G\u0131da sekt\u00f6r\u00fcnde, un, baharat, toz \u00fcr\u00fcnler gibi ince malzemelerin elenmesi i\u00e7in idealdir. Bu makine, farkl\u0131 elek se\u00e7enekleri ile malzeme t\u00fcr\u00fcne g\u00f6re \u00f6zelle\u015ftirilebilir ve y\u00fcksek kapasitede \u00e7al\u0131\u015farak \u00fcretim s\u00fcre\u00e7lerinizi optimize eder.<\/p>\t\n\t<table border=\"1\" cellspacing=\"1\" cellpadding=\"1\">\n<tbody>\n<tr>\n<td><strong>High Sensitivity:<\/strong> It separates your materials in the desired size and quality standards, thereby improving the quality of the final product.<\/td>\n<\/tr>\n<tr>\n<td><strong>Modular Design:<\/strong> It can be customized according to your production needs with different sieve diameters and layer numbers.<\/td>\n<\/tr>\n<tr>\n<td><strong>Hygienic and Durable:<\/strong> Its stainless steel structure complies with food safety standards and has easy-to-clean surfaces.<\/td>\n<\/tr>\n<tr>\n<td><strong>Easy Operation:<\/strong> It facilitates the work of operators with a simple and user-friendly control panel.<\/td>\n<\/tr>\n<tr>\n<td><strong>Energy Efficiency:<\/strong> It reduces costs with low energy consumption and offers an environmentally friendly solution.<\/td>\n<\/tr>\n<\/tbody>\n<\/table>\n\t<p><strong>Sieve Machine<\/strong> you can contact us to get more information about our products and to discover solutions suitable for your needs. Our professional teams are ready to provide you with the most suitable products and services.<\/p>","protected":false},"excerpt":{"rendered":"<p>Elek Makinesi Albatros End\u00fcstri&#8217;nin Elek [&hellip;]<\/p>","protected":false},"author":11,"featured_media":0,"parent":4987,"menu_order":0,"comment_status":"closed","ping_status":"closed","template":"","meta":{"site-sidebar-layout":"no-sidebar","site-content-layout":"page-builder","ast-site-content-layout":"full-width-container","site-content-style":"unboxed","site-sidebar-style":"unboxed","ast-global-header-display":"","ast-banner-title-visibility":"","ast-main-header-display":"","ast-hfb-above-header-display":"","ast-hfb-below-header-display":"","ast-hfb-mobile-header-display":"","site-post-title":"disabled","ast-breadcrumbs-content":"","ast-featured-img":"disabled","footer-sml-layout":"","theme-transparent-header-meta":"disabled","adv-header-id-meta":"","stick-header-meta":"disabled","header-above-stick-meta":"","header-main-stick-meta":"","header-below-stick-meta":"","astra-migrate-meta-layouts":"set","ast-page-background-enabled":"default","ast-page-background-meta":{"desktop":{"background-color":"","background-image":"","background-repeat":"repeat","background-position":"center center","background-size":"auto","background-attachment":"scroll","background-type":"","background-media":"","overlay-type":"","overlay-color":"","overlay-opacity":"","overlay-gradient":""},"tablet":{"background-color":"","background-image":"","background-repeat":"repeat","background-position":"center center","background-size":"auto","background-attachment":"scroll","background-type":"","background-media":"","overlay-type":"","overlay-color":"","overlay-opacity":"","overlay-gradient":""},"mobile":{"background-color":"","background-image":"","background-repeat":"repeat","background-position":"center center","background-size":"auto","background-attachment":"scroll","background-type":"","background-media":"","overlay-type":"","overlay-color":"","overlay-opacity":"","overlay-gradient":""}},"ast-content-background-meta":{"desktop":{"background-color":"var(--ast-global-color-5)","background-image":"","background-repeat":"repeat","background-position":"center center","background-size":"auto","background-attachment":"scroll","background-type":"","background-media":"","overlay-type":"","overlay-color":"","overlay-opacity":"","overlay-gradient":""},"tablet":{"background-color":"var(--ast-global-color-5)","background-image":"","background-repeat":"repeat","background-position":"center center","background-size":"auto","background-attachment":"scroll","background-type":"","background-media":"","overlay-type":"","overlay-color":"","overlay-opacity":"","overlay-gradient":""},"mobile":{"background-color":"var(--ast-global-color-5)","background-image":"","background-repeat":"repeat","background-position":"center center","background-size":"auto","background-attachment":"scroll","background-type":"","background-media":"","overlay-type":"","overlay-color":"","overlay-opacity":"","overlay-gradient":""}},"footnotes":""},"class_list":["post-5009","page","type-page","status-publish","hentry"],"_links":{"self":[{"href":"https:\/\/albatrosendustri.com\/en\/wp-json\/wp\/v2\/pages\/5009","targetHints":{"allow":["GET"]}}],"collection":[{"href":"https:\/\/albatrosendustri.com\/en\/wp-json\/wp\/v2\/pages"}],"about":[{"href":"https:\/\/albatrosendustri.com\/en\/wp-json\/wp\/v2\/types\/page"}],"author":[{"embeddable":true,"href":"https:\/\/albatrosendustri.com\/en\/wp-json\/wp\/v2\/users\/11"}],"replies":[{"embeddable":true,"href":"https:\/\/albatrosendustri.com\/en\/wp-json\/wp\/v2\/comments?post=5009"}],"version-history":[{"count":0,"href":"https:\/\/albatrosendustri.com\/en\/wp-json\/wp\/v2\/pages\/5009\/revisions"}],"up":[{"embeddable":true,"href":"https:\/\/albatrosendustri.com\/en\/wp-json\/wp\/v2\/pages\/4987"}],"wp:attachment":[{"href":"https:\/\/albatrosendustri.com\/en\/wp-json\/wp\/v2\/media?parent=5009"}],"curies":[{"name":"wp","href":"https:\/\/api.w.org\/{rel}","templated":true}]}}