{"id":5008,"date":"2024-08-19T14:52:15","date_gmt":"2024-08-19T11:52:15","guid":{"rendered":"https:\/\/albatrosendustri.com\/?page_id=5008"},"modified":"2024-08-21T11:39:37","modified_gmt":"2024-08-21T08:39:37","slug":"findik-fistik-kurutma-makinesi","status":"publish","type":"page","link":"https:\/\/albatrosendustri.com\/en\/urunlerimiz\/gida-makineleri\/findik-fistik-kurutma-makinesi\/","title":{"rendered":"Hazelnut Peanut Drying Machine"},"content":{"rendered":"<h2>\n\t\tHazelnut Peanut Drying Machine\n\t<\/h2>\n\t<div class=\"ast-breadcrumbs-wrapper\">\r\n\t\t\t<div class=\"ast-breadcrumbs-inner\"><nav role=\"navigation\" aria-label=\"Breadcrumbs\" class=\"breadcrumb-trail breadcrumbs\" ><div class=\"ast-breadcrumbs\"><ul class=\"trail-items\" ><li  class=\"trail-item trail-end\"><span><a href=\"https:\/\/albatrosendustri.com\/en\/\" rel=\"home\"><span >Home<\/span><\/a><\/span><\/li><\/ul><\/div><\/nav><\/div>\r\n\t\t<\/div>\n\t<h3>\n\t\t\t\tHazelnut Peanut Drying Machine\n\t\t\t<\/h3>\n\t\t<p>F\u0131nd\u0131k ve f\u0131st\u0131k gibi kuruyemi\u015flerin nemden ar\u0131nd\u0131r\u0131larak uzun s\u00fcre tazeli\u011fini korumas\u0131n\u0131 sa\u011flayan Albatros End\u00fcstri&#8217;nin F\u0131nd\u0131k F\u0131st\u0131k Kurutma Makinesi, h\u0131zl\u0131 ve e\u015fit kurutma performans\u0131 ile \u00fcretim s\u00fcrecinizi iyile\u015ftirir. Bu makine, kuruyemi\u015flerin do\u011fal tad\u0131n\u0131 ve besin de\u011ferini koruyarak y\u00fcksek kaliteli \u00fcr\u00fcnler elde etmenizi sa\u011flar.<\/p>\t\n\t<table border=\"1\" cellspacing=\"1\" cellpadding=\"1\">\n<tbody>\n<tr>\n<td><strong>Even Drying:<\/strong> By ensuring that all products are dried equally, a homogeneous result is obtained.<\/td>\n<\/tr>\n<tr>\n<td><strong>Energy Efficiency:<\/strong> Thanks to the advanced heat management system, it offers high efficiency with low energy consumption.<\/td>\n<\/tr>\n<tr>\n<td><strong>Large Capacity:<\/strong> With its high capacity design, it can dry a large amount of products in a short time.<\/td>\n<\/tr>\n<tr>\n<td><strong>Hygienic Design:<\/strong> It is made of stainless steel, offers hygienic working conditions and can be easily cleaned.<\/td>\n<\/tr>\n<\/tbody>\n<\/table>\n\t<p><strong>Hazelnut and peanut drying machines<\/strong> you can contact us to get more information about our products and to discover solutions suitable for your needs. Our professional teams are ready to provide you with the most suitable products and services.<\/p>","protected":false},"excerpt":{"rendered":"<p>F\u0131nd\u0131k F\u0131st\u0131k Kurutma Makinesi F\u0131nd\u0131k [&hellip;]<\/p>","protected":false},"author":11,"featured_media":0,"parent":4987,"menu_order":0,"comment_status":"closed","ping_status":"closed","template":"","meta":{"site-sidebar-layout":"no-sidebar","site-content-layout":"page-builder","ast-site-content-layout":"full-width-container","site-content-style":"unboxed","site-sidebar-style":"unboxed","ast-global-header-display":"","ast-banner-title-visibility":"","ast-main-header-display":"","ast-hfb-above-header-display":"","ast-hfb-below-header-display":"","ast-hfb-mobile-header-display":"","site-post-title":"disabled","ast-breadcrumbs-content":"","ast-featured-img":"disabled","footer-sml-layout":"","theme-transparent-header-meta":"disabled","adv-header-id-meta":"","stick-header-meta":"disabled","header-above-stick-meta":"","header-main-stick-meta":"","header-below-stick-meta":"","astra-migrate-meta-layouts":"set","ast-page-background-enabled":"default","ast-page-background-meta":{"desktop":{"background-color":"","background-image":"","background-repeat":"repeat","background-position":"center center","background-size":"auto","background-attachment":"scroll","background-type":"","background-media":"","overlay-type":"","overlay-color":"","overlay-opacity":"","overlay-gradient":""},"tablet":{"background-color":"","background-image":"","background-repeat":"repeat","background-position":"center center","background-size":"auto","background-attachment":"scroll","background-type":"","background-media":"","overlay-type":"","overlay-color":"","overlay-opacity":"","overlay-gradient":""},"mobile":{"background-color":"","background-image":"","background-repeat":"repeat","background-position":"center center","background-size":"auto","background-attachment":"scroll","background-type":"","background-media":"","overlay-type":"","overlay-color":"","overlay-opacity":"","overlay-gradient":""}},"ast-content-background-meta":{"desktop":{"background-color":"var(--ast-global-color-5)","background-image":"","background-repeat":"repeat","background-position":"center center","background-size":"auto","background-attachment":"scroll","background-type":"","background-media":"","overlay-type":"","overlay-color":"","overlay-opacity":"","overlay-gradient":""},"tablet":{"background-color":"var(--ast-global-color-5)","background-image":"","background-repeat":"repeat","background-position":"center center","background-size":"auto","background-attachment":"scroll","background-type":"","background-media":"","overlay-type":"","overlay-color":"","overlay-opacity":"","overlay-gradient":""},"mobile":{"background-color":"var(--ast-global-color-5)","background-image":"","background-repeat":"repeat","background-position":"center center","background-size":"auto","background-attachment":"scroll","background-type":"","background-media":"","overlay-type":"","overlay-color":"","overlay-opacity":"","overlay-gradient":""}},"footnotes":""},"class_list":["post-5008","page","type-page","status-publish","hentry"],"_links":{"self":[{"href":"https:\/\/albatrosendustri.com\/en\/wp-json\/wp\/v2\/pages\/5008","targetHints":{"allow":["GET"]}}],"collection":[{"href":"https:\/\/albatrosendustri.com\/en\/wp-json\/wp\/v2\/pages"}],"about":[{"href":"https:\/\/albatrosendustri.com\/en\/wp-json\/wp\/v2\/types\/page"}],"author":[{"embeddable":true,"href":"https:\/\/albatrosendustri.com\/en\/wp-json\/wp\/v2\/users\/11"}],"replies":[{"embeddable":true,"href":"https:\/\/albatrosendustri.com\/en\/wp-json\/wp\/v2\/comments?post=5008"}],"version-history":[{"count":0,"href":"https:\/\/albatrosendustri.com\/en\/wp-json\/wp\/v2\/pages\/5008\/revisions"}],"up":[{"embeddable":true,"href":"https:\/\/albatrosendustri.com\/en\/wp-json\/wp\/v2\/pages\/4987"}],"wp:attachment":[{"href":"https:\/\/albatrosendustri.com\/en\/wp-json\/wp\/v2\/media?parent=5008"}],"curies":[{"name":"wp","href":"https:\/\/api.w.org\/{rel}","templated":true}]}}