{"id":5006,"date":"2024-08-19T14:52:39","date_gmt":"2024-08-19T11:52:39","guid":{"rendered":"https:\/\/albatrosendustri.com\/?page_id=5006"},"modified":"2024-08-19T17:15:31","modified_gmt":"2024-08-19T14:15:31","slug":"fistik-kavurma-makinesi","status":"publish","type":"page","link":"https:\/\/albatrosendustri.com\/en\/urunlerimiz\/gida-makineleri\/fistik-kavurma-makinesi\/","title":{"rendered":"Peanut Roasting Machine"},"content":{"rendered":"<h2>\n\t\tPeanut Roasting Machine\n\t<\/h2>\n\t<div class=\"ast-breadcrumbs-wrapper\">\r\n\t\t\t<div class=\"ast-breadcrumbs-inner\"><nav role=\"navigation\" aria-label=\"Breadcrumbs\" class=\"breadcrumb-trail breadcrumbs\" ><div class=\"ast-breadcrumbs\"><ul class=\"trail-items\" ><li  class=\"trail-item trail-end\"><span><a href=\"https:\/\/albatrosendustri.com\/en\/\" rel=\"home\"><span >Home<\/span><\/a><\/span><\/li><\/ul><\/div><\/nav><\/div>\r\n\t\t<\/div>\n\t<h3>\n\t\t\t\tPeanut Roasting Machine\n\t\t\t<\/h3>\n\t\t<p>Albatros End\u00fcstri&#8217;nin F\u0131st\u0131k Kavurma Makinesi, f\u0131st\u0131klar\u0131n e\u015fit \u015fekilde kavrulmas\u0131n\u0131 sa\u011flayan, y\u00fcksek kapasiteli ve hassas bir makinedir. F\u0131st\u0131k i\u015fleme tesisleri i\u00e7in ideal olan bu makine, \u00fcr\u00fcnlerin m\u00fckemmel lezzet ve k\u0131vamda kavrulmas\u0131n\u0131 sa\u011flar. \u00dcretim s\u00fcrecinizi optimize ederken, f\u0131st\u0131klar\u0131n do\u011fal ya\u011flar\u0131n\u0131 ve aromas\u0131n\u0131 koruyarak y\u00fcksek kaliteli sonu\u00e7lar sunar.<\/p>\t\n\t<table border=\"1\" cellspacing=\"1\" cellpadding=\"1\">\n<tbody>\n<tr>\n<td><strong>Equal Roasting:<\/strong> By ensuring that all surfaces of the nuts are roasted evenly, a homogeneous flavor and color are obtained.<\/td>\n<\/tr>\n<tr>\n<td><strong>High Capacity:<\/strong> Thanks to the large volume drum design, you can roast a large amount of product in a short time.<\/td>\n<\/tr>\n<tr>\n<td><strong>Durable Construction:<\/strong> It offers a long-lasting use and hygienic working environment with stainless steel material.<\/td>\n<\/tr>\n<tr>\n<td><strong>Easy Operation:<\/strong> It provides a user-friendly experience with a touch-screen control panel, and parameters such as roasting time, temperature can be easily adjusted.<\/td>\n<\/tr>\n<tr>\n<td><strong>Energy Efficiency:<\/strong> It saves energy with advanced heat management and offers an environmentally friendly solution.<\/td>\n<\/tr>\n<tr>\n<td><strong>Low Maintenance Requirement:<\/strong> With its robust design and high-quality components, it offers long-term performance with minimal maintenance needs.<\/td>\n<\/tr>\n<\/tbody>\n<\/table>\n\t<p><strong>Peanut Roasting Machine<\/strong> you can contact us to get more information about our products and to discover solutions suitable for your needs. Our professional teams are ready to provide you with the most suitable products and services.<\/p>","protected":false},"excerpt":{"rendered":"<p>F\u0131st\u0131k Kavurma Makinesi Albatros End\u00fcstri&#8217;nin [&hellip;]<\/p>","protected":false},"author":11,"featured_media":0,"parent":4987,"menu_order":0,"comment_status":"closed","ping_status":"closed","template":"","meta":{"site-sidebar-layout":"no-sidebar","site-content-layout":"page-builder","ast-site-content-layout":"full-width-container","site-content-style":"unboxed","site-sidebar-style":"unboxed","ast-global-header-display":"","ast-banner-title-visibility":"","ast-main-header-display":"","ast-hfb-above-header-display":"","ast-hfb-below-header-display":"","ast-hfb-mobile-header-display":"","site-post-title":"disabled","ast-breadcrumbs-content":"","ast-featured-img":"disabled","footer-sml-layout":"","theme-transparent-header-meta":"disabled","adv-header-id-meta":"","stick-header-meta":"disabled","header-above-stick-meta":"","header-main-stick-meta":"","header-below-stick-meta":"","astra-migrate-meta-layouts":"set","ast-page-background-enabled":"default","ast-page-background-meta":{"desktop":{"background-color":"","background-image":"","background-repeat":"repeat","background-position":"center center","background-size":"auto","background-attachment":"scroll","background-type":"","background-media":"","overlay-type":"","overlay-color":"","overlay-opacity":"","overlay-gradient":""},"tablet":{"background-color":"","background-image":"","background-repeat":"repeat","background-position":"center center","background-size":"auto","background-attachment":"scroll","background-type":"","background-media":"","overlay-type":"","overlay-color":"","overlay-opacity":"","overlay-gradient":""},"mobile":{"background-color":"","background-image":"","background-repeat":"repeat","background-position":"center center","background-size":"auto","background-attachment":"scroll","background-type":"","background-media":"","overlay-type":"","overlay-color":"","overlay-opacity":"","overlay-gradient":""}},"ast-content-background-meta":{"desktop":{"background-color":"var(--ast-global-color-5)","background-image":"","background-repeat":"repeat","background-position":"center center","background-size":"auto","background-attachment":"scroll","background-type":"","background-media":"","overlay-type":"","overlay-color":"","overlay-opacity":"","overlay-gradient":""},"tablet":{"background-color":"var(--ast-global-color-5)","background-image":"","background-repeat":"repeat","background-position":"center center","background-size":"auto","background-attachment":"scroll","background-type":"","background-media":"","overlay-type":"","overlay-color":"","overlay-opacity":"","overlay-gradient":""},"mobile":{"background-color":"var(--ast-global-color-5)","background-image":"","background-repeat":"repeat","background-position":"center center","background-size":"auto","background-attachment":"scroll","background-type":"","background-media":"","overlay-type":"","overlay-color":"","overlay-opacity":"","overlay-gradient":""}},"footnotes":""},"class_list":["post-5006","page","type-page","status-publish","hentry"],"_links":{"self":[{"href":"https:\/\/albatrosendustri.com\/en\/wp-json\/wp\/v2\/pages\/5006","targetHints":{"allow":["GET"]}}],"collection":[{"href":"https:\/\/albatrosendustri.com\/en\/wp-json\/wp\/v2\/pages"}],"about":[{"href":"https:\/\/albatrosendustri.com\/en\/wp-json\/wp\/v2\/types\/page"}],"author":[{"embeddable":true,"href":"https:\/\/albatrosendustri.com\/en\/wp-json\/wp\/v2\/users\/11"}],"replies":[{"embeddable":true,"href":"https:\/\/albatrosendustri.com\/en\/wp-json\/wp\/v2\/comments?post=5006"}],"version-history":[{"count":0,"href":"https:\/\/albatrosendustri.com\/en\/wp-json\/wp\/v2\/pages\/5006\/revisions"}],"up":[{"embeddable":true,"href":"https:\/\/albatrosendustri.com\/en\/wp-json\/wp\/v2\/pages\/4987"}],"wp:attachment":[{"href":"https:\/\/albatrosendustri.com\/en\/wp-json\/wp\/v2\/media?parent=5006"}],"curies":[{"name":"wp","href":"https:\/\/api.w.org\/{rel}","templated":true}]}}