{"id":5001,"date":"2024-08-19T14:53:45","date_gmt":"2024-08-19T11:53:45","guid":{"rendered":"https:\/\/albatrosendustri.com\/?page_id=5001"},"modified":"2024-08-23T14:14:35","modified_gmt":"2024-08-23T11:14:35","slug":"savurma-makinesi","status":"publish","type":"page","link":"https:\/\/albatrosendustri.com\/en\/urunlerimiz\/gida-makineleri\/savurma-makinesi\/","title":{"rendered":"Centrifugal Machine"},"content":{"rendered":"<h2>\n\t\tCentrifugal Machine\n\t<\/h2>\n\t<div class=\"ast-breadcrumbs-wrapper\">\r\n\t\t\t<div class=\"ast-breadcrumbs-inner\"><nav role=\"navigation\" aria-label=\"Breadcrumbs\" class=\"breadcrumb-trail breadcrumbs\" ><div class=\"ast-breadcrumbs\"><ul class=\"trail-items\" ><li  class=\"trail-item trail-end\"><span><a href=\"https:\/\/albatrosendustri.com\/en\/\" rel=\"home\"><span >Home<\/span><\/a><\/span><\/li><\/ul><\/div><\/nav><\/div>\r\n\t\t<\/div>\n\t<h3>\n\t\t\t\tCentrifugal Machine\n\t\t\t<\/h3>\n\t\t<p>Albatros End\u00fcstri&#8217;nin Savurma Makinesi, kuruyemi\u015flerin ve di\u011fer g\u0131da \u00fcr\u00fcnlerinin kabuklar\u0131ndan veya zarlar\u0131ndan etkili bir \u015fekilde ayr\u0131lmas\u0131n\u0131 sa\u011flar. Bu makine, \u00fcr\u00fcnlerin istenmeyen par\u00e7alar\u0131n\u0131n temizlenmesi ve kalitesinin art\u0131r\u0131lmas\u0131 i\u00e7in idealdir.<\/p>\t\n\t<table border=\"1\" cellspacing=\"1\" cellpadding=\"1\">\n<tbody>\n<tr>\n<td><strong>Effective Cleaning:<\/strong> It allows a clean final product to be obtained by separating nuts and other food products from their shells or membranes.Jul.<\/td>\n<\/tr>\n<tr>\n<td><strong>High Capacity:<\/strong> It increases your production speed by processing large quantities of products in a short time.<\/td>\n<\/tr>\n<tr>\n<td><strong>Durable Construction:<\/strong> Stainless steel material offers long-lasting use and hygienic operation.<\/td>\n<\/tr>\n<tr>\n<td><strong>Ease of Use:<\/strong> It offers a user-friendly experience with simple setting and control options.<\/td>\n<\/tr>\n<tr>\n<td><strong>Low Maintenance Need:<\/strong> With its robust structure, it requires minimal maintenance.<\/td>\n<\/tr>\n<\/tbody>\n<\/table>\n\t<p>Tossing Machine, you can contact us to get more information about our products and discover solutions suitable for your needs. Our professional teams are ready to provide you with the most suitable products and services.<\/p>","protected":false},"excerpt":{"rendered":"<p>Savurma Makinesi Albatros End\u00fcstri&#8217;nin Savurma [&hellip;]<\/p>","protected":false},"author":11,"featured_media":0,"parent":4987,"menu_order":0,"comment_status":"closed","ping_status":"closed","template":"","meta":{"site-sidebar-layout":"no-sidebar","site-content-layout":"page-builder","ast-site-content-layout":"full-width-container","site-content-style":"unboxed","site-sidebar-style":"unboxed","ast-global-header-display":"","ast-banner-title-visibility":"","ast-main-header-display":"","ast-hfb-above-header-display":"","ast-hfb-below-header-display":"","ast-hfb-mobile-header-display":"","site-post-title":"disabled","ast-breadcrumbs-content":"","ast-featured-img":"disabled","footer-sml-layout":"","theme-transparent-header-meta":"disabled","adv-header-id-meta":"","stick-header-meta":"disabled","header-above-stick-meta":"","header-main-stick-meta":"","header-below-stick-meta":"","astra-migrate-meta-layouts":"set","ast-page-background-enabled":"default","ast-page-background-meta":{"desktop":{"background-color":"","background-image":"","background-repeat":"repeat","background-position":"center center","background-size":"auto","background-attachment":"scroll","background-type":"","background-media":"","overlay-type":"","overlay-color":"","overlay-opacity":"","overlay-gradient":""},"tablet":{"background-color":"","background-image":"","background-repeat":"repeat","background-position":"center center","background-size":"auto","background-attachment":"scroll","background-type":"","background-media":"","overlay-type":"","overlay-color":"","overlay-opacity":"","overlay-gradient":""},"mobile":{"background-color":"","background-image":"","background-repeat":"repeat","background-position":"center center","background-size":"auto","background-attachment":"scroll","background-type":"","background-media":"","overlay-type":"","overlay-color":"","overlay-opacity":"","overlay-gradient":""}},"ast-content-background-meta":{"desktop":{"background-color":"var(--ast-global-color-5)","background-image":"","background-repeat":"repeat","background-position":"center center","background-size":"auto","background-attachment":"scroll","background-type":"","background-media":"","overlay-type":"","overlay-color":"","overlay-opacity":"","overlay-gradient":""},"tablet":{"background-color":"var(--ast-global-color-5)","background-image":"","background-repeat":"repeat","background-position":"center center","background-size":"auto","background-attachment":"scroll","background-type":"","background-media":"","overlay-type":"","overlay-color":"","overlay-opacity":"","overlay-gradient":""},"mobile":{"background-color":"var(--ast-global-color-5)","background-image":"","background-repeat":"repeat","background-position":"center center","background-size":"auto","background-attachment":"scroll","background-type":"","background-media":"","overlay-type":"","overlay-color":"","overlay-opacity":"","overlay-gradient":""}},"footnotes":""},"class_list":["post-5001","page","type-page","status-publish","hentry"],"_links":{"self":[{"href":"https:\/\/albatrosendustri.com\/en\/wp-json\/wp\/v2\/pages\/5001","targetHints":{"allow":["GET"]}}],"collection":[{"href":"https:\/\/albatrosendustri.com\/en\/wp-json\/wp\/v2\/pages"}],"about":[{"href":"https:\/\/albatrosendustri.com\/en\/wp-json\/wp\/v2\/types\/page"}],"author":[{"embeddable":true,"href":"https:\/\/albatrosendustri.com\/en\/wp-json\/wp\/v2\/users\/11"}],"replies":[{"embeddable":true,"href":"https:\/\/albatrosendustri.com\/en\/wp-json\/wp\/v2\/comments?post=5001"}],"version-history":[{"count":0,"href":"https:\/\/albatrosendustri.com\/en\/wp-json\/wp\/v2\/pages\/5001\/revisions"}],"up":[{"embeddable":true,"href":"https:\/\/albatrosendustri.com\/en\/wp-json\/wp\/v2\/pages\/4987"}],"wp:attachment":[{"href":"https:\/\/albatrosendustri.com\/en\/wp-json\/wp\/v2\/media?parent=5001"}],"curies":[{"name":"wp","href":"https:\/\/api.w.org\/{rel}","templated":true}]}}