{"id":4998,"date":"2024-08-19T14:47:01","date_gmt":"2024-08-19T11:47:01","guid":{"rendered":"https:\/\/albatrosendustri.com\/?page_id=4998"},"modified":"2024-09-27T10:16:30","modified_gmt":"2024-09-27T07:16:30","slug":"bunker","status":"publish","type":"page","link":"https:\/\/albatrosendustri.com\/en\/urunlerimiz\/gida-makineleri\/bunker\/","title":{"rendered":"Bunker"},"content":{"rendered":"<h2>\n\t\tBunker\n\t<\/h2>\n\t<div class=\"ast-breadcrumbs-wrapper\">\r\n\t\t\t<div class=\"ast-breadcrumbs-inner\"><nav role=\"navigation\" aria-label=\"Breadcrumbs\" class=\"breadcrumb-trail breadcrumbs\" ><div class=\"ast-breadcrumbs\"><ul class=\"trail-items\" ><li  class=\"trail-item trail-end\"><span><a href=\"https:\/\/albatrosendustri.com\/en\/\" rel=\"home\"><span >Home<\/span><\/a><\/span><\/li><\/ul><\/div><\/nav><\/div>\r\n\t\t<\/div>\n\t<h3>\n\t\t\t\tBunker Machine\n\t\t\t<\/h3>\n\t\t<p>Albatros End\u00fcstri&#8217;nin Bunker Makinesi, g\u0131da i\u015fleme s\u00fcre\u00e7lerinizde malzemelerin g\u00fcvenli ve verimli bir \u015fekilde depolanmas\u0131 ve ta\u015f\u0131nmas\u0131 i\u00e7in tasarlanm\u0131\u015ft\u0131r. Geni\u015f kapasiteli bunker sistemi, \u00f6zellikle hammadde ak\u0131\u015f\u0131n\u0131n kesintisiz devam etmesi gereken \u00fcretim hatlar\u0131nda \u00f6nemli bir rol oynar. Bunker makinemiz, dayan\u0131kl\u0131 yap\u0131s\u0131 ve hijyenik tasar\u0131m\u0131 ile g\u0131da sekt\u00f6r\u00fcn\u00fcn ihtiya\u00e7lar\u0131na m\u00fckemmel \u015fekilde uyum sa\u011flar.<\/p>\t\n\t<table border=\"1\" cellspacing=\"1\" cellpadding=\"1\">\n<tbody>\n<tr>\n<td><strong>High Capacity:<\/strong> Thanks to its large storage volume, it can safely store and transport large quantities of materials.<\/td>\n<\/tr>\n<tr>\n<td><strong>Efficient Flow:<\/strong> It offers high efficiency in the production process by ensuring that products are directed to the processing line without interruption.<\/td>\n<\/tr>\n<tr>\n<td><strong>Hygienic Design:<\/strong> It is made of stainless steel material and has easy-to-clean surfaces to ensure food safety.<\/td>\n<\/tr>\n<tr>\n<td><strong>Durable and Long Lasting:<\/strong> Designed to withstand harsh working conditions, it offers long-lasting use.<\/td>\n<\/tr>\n<tr>\n<td><strong>Flexible Use:<\/strong> It can be adapted to different production lines and material types, which makes it an ideal solution in various food processing processes.<\/td>\n<\/tr>\n<\/tbody>\n<\/table>\n\t<p><strong>Our Bunker Machine<\/strong>, offers the perfect solution to make your food production processes more efficient, safe and hassle-free. You can contact us to get more information.<\/p>","protected":false},"excerpt":{"rendered":"<p>Bunker Makinesi Albatros End\u00fcstri&#8217;nin Bunker [&hellip;]<\/p>","protected":false},"author":11,"featured_media":0,"parent":4987,"menu_order":0,"comment_status":"closed","ping_status":"closed","template":"","meta":{"site-sidebar-layout":"no-sidebar","site-content-layout":"page-builder","ast-site-content-layout":"full-width-container","site-content-style":"unboxed","site-sidebar-style":"unboxed","ast-global-header-display":"","ast-banner-title-visibility":"","ast-main-header-display":"","ast-hfb-above-header-display":"","ast-hfb-below-header-display":"","ast-hfb-mobile-header-display":"","site-post-title":"disabled","ast-breadcrumbs-content":"","ast-featured-img":"disabled","footer-sml-layout":"","theme-transparent-header-meta":"disabled","adv-header-id-meta":"","stick-header-meta":"disabled","header-above-stick-meta":"","header-main-stick-meta":"","header-below-stick-meta":"","astra-migrate-meta-layouts":"set","ast-page-background-enabled":"default","ast-page-background-meta":{"desktop":{"background-color":"","background-image":"","background-repeat":"repeat","background-position":"center center","background-size":"auto","background-attachment":"scroll","background-type":"","background-media":"","overlay-type":"","overlay-color":"","overlay-opacity":"","overlay-gradient":""},"tablet":{"background-color":"","background-image":"","background-repeat":"repeat","background-position":"center center","background-size":"auto","background-attachment":"scroll","background-type":"","background-media":"","overlay-type":"","overlay-color":"","overlay-opacity":"","overlay-gradient":""},"mobile":{"background-color":"","background-image":"","background-repeat":"repeat","background-position":"center center","background-size":"auto","background-attachment":"scroll","background-type":"","background-media":"","overlay-type":"","overlay-color":"","overlay-opacity":"","overlay-gradient":""}},"ast-content-background-meta":{"desktop":{"background-color":"var(--ast-global-color-5)","background-image":"","background-repeat":"repeat","background-position":"center center","background-size":"auto","background-attachment":"scroll","background-type":"","background-media":"","overlay-type":"","overlay-color":"","overlay-opacity":"","overlay-gradient":""},"tablet":{"background-color":"var(--ast-global-color-5)","background-image":"","background-repeat":"repeat","background-position":"center center","background-size":"auto","background-attachment":"scroll","background-type":"","background-media":"","overlay-type":"","overlay-color":"","overlay-opacity":"","overlay-gradient":""},"mobile":{"background-color":"var(--ast-global-color-5)","background-image":"","background-repeat":"repeat","background-position":"center center","background-size":"auto","background-attachment":"scroll","background-type":"","background-media":"","overlay-type":"","overlay-color":"","overlay-opacity":"","overlay-gradient":""}},"footnotes":""},"class_list":["post-4998","page","type-page","status-publish","hentry"],"_links":{"self":[{"href":"https:\/\/albatrosendustri.com\/en\/wp-json\/wp\/v2\/pages\/4998","targetHints":{"allow":["GET"]}}],"collection":[{"href":"https:\/\/albatrosendustri.com\/en\/wp-json\/wp\/v2\/pages"}],"about":[{"href":"https:\/\/albatrosendustri.com\/en\/wp-json\/wp\/v2\/types\/page"}],"author":[{"embeddable":true,"href":"https:\/\/albatrosendustri.com\/en\/wp-json\/wp\/v2\/users\/11"}],"replies":[{"embeddable":true,"href":"https:\/\/albatrosendustri.com\/en\/wp-json\/wp\/v2\/comments?post=4998"}],"version-history":[{"count":1,"href":"https:\/\/albatrosendustri.com\/en\/wp-json\/wp\/v2\/pages\/4998\/revisions"}],"predecessor-version":[{"id":5376,"href":"https:\/\/albatrosendustri.com\/en\/wp-json\/wp\/v2\/pages\/4998\/revisions\/5376"}],"up":[{"embeddable":true,"href":"https:\/\/albatrosendustri.com\/en\/wp-json\/wp\/v2\/pages\/4987"}],"wp:attachment":[{"href":"https:\/\/albatrosendustri.com\/en\/wp-json\/wp\/v2\/media?parent=4998"}],"curies":[{"name":"wp","href":"https:\/\/api.w.org\/{rel}","templated":true}]}}