{"id":4987,"date":"2024-08-19T14:09:41","date_gmt":"2024-08-19T11:09:41","guid":{"rendered":"https:\/\/albatrosendustri.com\/?page_id=4987"},"modified":"2025-01-31T11:33:46","modified_gmt":"2025-01-31T08:33:46","slug":"gida-makineleri","status":"publish","type":"page","link":"https:\/\/albatrosendustri.com\/en\/urunlerimiz\/gida-makineleri\/","title":{"rendered":"Food Machinery"},"content":{"rendered":"<h2>\n\t\tFood Machinery\n\t<\/h2>\n\t<div class=\"ast-breadcrumbs-wrapper\">\r\n\t\t\t<div class=\"ast-breadcrumbs-inner\"><nav role=\"navigation\" aria-label=\"Breadcrumbs\" class=\"breadcrumb-trail breadcrumbs\" ><div class=\"ast-breadcrumbs\"><ul class=\"trail-items\" ><li  class=\"trail-item trail-end\"><span><a href=\"https:\/\/albatrosendustri.com\/en\/\" rel=\"home\"><span >Home<\/span><\/a><\/span><\/li><\/ul><\/div><\/nav><\/div>\r\n\t\t<\/div>\n\t<p><strong>Albatros End\u00fcstri,<\/strong> offers high quality food machinery that will optimize your food processing processes. Our wide range of products are designed for the processing and preparation of various types of food, ensuring maximum efficiency and hygiene at every stage. These range from flour sifting machines to peanut processing machines. Our food machines are built with durable materials and advanced technology and are designed to suit your industrial requirements.<\/p>\n\t\t\t\t<img decoding=\"async\" src=\"https:\/\/albatrosendustri.com\/wp-content\/uploads\/2024\/08\/Adsiz-tasarim-3-3.png\" alt=\"Ads\u0131z tasar\u0131m (3)\" itemprop=\"image\" height=\"768\" width=\"768\" title=\"Ads\u0131z tasar\u0131m (3)\" onerror=\"this.style.display='none'\"  \/>\n\t<h3>Bunker<br \/>\nMachine<\/h3>\n<p><a href=\"https:\/\/albatrosendustri.com\/en\/urunlerimiz\/gida-makineleri\/bunker\/\">Product Review<\/a>\u00a0<\/p>\n\t\t\t\t<img decoding=\"async\" src=\"https:\/\/albatrosendustri.com\/wp-content\/uploads\/2024\/08\/Adsiz-tasarim-4-3.png\" alt=\"Ads\u0131z tasar\u0131m (4)\" itemprop=\"image\" height=\"768\" width=\"768\" title=\"Ads\u0131z tasar\u0131m (4)\" onerror=\"this.style.display='none'\"  \/>\n\t<h3>Bread Dough Kneading Machine<\/h3>\n<p><a href=\"https:\/\/albatrosendustri.com\/en\/urunlerimiz\/gida-makineleri\/ekmek-hamuru-yogurma-makinesi\/\">Product Review<\/a><\/p>\n\t\t\t\t<img decoding=\"async\" src=\"https:\/\/albatrosendustri.com\/wp-content\/uploads\/2024\/08\/Adsiz-tasarim-8-2.png\" alt=\"Ads\u0131z tasar\u0131m (8)\" itemprop=\"image\" height=\"768\" width=\"768\" title=\"Ads\u0131z tasar\u0131m (8)\" onerror=\"this.style.display='none'\"  \/>\n\t<h3>Sieve<br \/>\nMachine<\/h3>\n<p><a href=\"https:\/\/albatrosendustri.com\/en\/urunlerimiz\/gida-makineleri\/elek-makinesi\/\">Product Review<\/a><\/p>\n\t\t\t\t<img decoding=\"async\" src=\"https:\/\/albatrosendustri.com\/wp-content\/uploads\/2024\/08\/Adsiz-tasarim-11-2.png\" alt=\"Ads\u0131z tasar\u0131m (11)\" itemprop=\"image\" height=\"768\" width=\"768\" title=\"Ads\u0131z tasar\u0131m (11)\" onerror=\"this.style.display='none'\"  \/>\n\t<h3>Hazelnut Peanut Drying Machine<\/h3>\n<p><a href=\"https:\/\/albatrosendustri.com\/en\/urunlerimiz\/gida-makineleri\/findik-fistik-kurutma-makinesi\/\">Product Review<\/a><\/p>\n\t\t\t\t<img decoding=\"async\" src=\"https:\/\/albatrosendustri.com\/wp-content\/uploads\/2024\/08\/Adsiz-tasarim-11-1.png\" alt=\"Ads\u0131z tasar\u0131m (11)\" itemprop=\"image\" height=\"768\" width=\"768\" title=\"Ads\u0131z tasar\u0131m (11)\" onerror=\"this.style.display='none'\"  \/>\n\t<h3>Roasting Peanut<br \/> Machine<\/h3>\n<p><a href=\"https:\/\/albatrosendustri.com\/en\/urunlerimiz\/gida-makineleri\/fistik-kavlatma-makinesi-2\/\">Product Review<\/a><\/p>\n\t\t\t\t<img decoding=\"async\" src=\"https:\/\/albatrosendustri.com\/wp-content\/uploads\/2024\/08\/Adsiz-tasarim-21-1.png\" alt=\"Ads\u0131z tasar\u0131m (21)\" itemprop=\"image\" height=\"768\" width=\"768\" title=\"Ads\u0131z tasar\u0131m (21)\" onerror=\"this.style.display='none'\"  \/>\n\t<h3>Roasting Pistachio<br \/>\nMachine<\/h3>\n<p><a href=\"https:\/\/albatrosendustri.com\/en\/urunlerimiz\/gida-makineleri\/fistik-kavurma-makinesi\/\">Product Review<\/a><\/p>\n\t\t\t\t<img decoding=\"async\" src=\"https:\/\/albatrosendustri.com\/wp-content\/uploads\/2024\/08\/Adsiz-tasarim-8-4.png\" alt=\"Ads\u0131z tasar\u0131m (8)\" itemprop=\"image\" height=\"768\" width=\"768\" title=\"Ads\u0131z tasar\u0131m (8)\" onerror=\"this.style.display='none'\"  \/>\n\t<h3>Peanut Crushing<br \/>\nMachine<\/h3>\n<p><a href=\"https:\/\/albatrosendustri.com\/en\/urunlerimiz\/gida-makineleri\/fistik-kirma-makinesi\/\">Product Review<\/a><\/p>\n\t\t\t\t<img decoding=\"async\" src=\"https:\/\/albatrosendustri.com\/wp-content\/uploads\/2024\/08\/Adsiz-tasarim-14-1.png\" alt=\"Ads\u0131z tasar\u0131m (14)\" itemprop=\"image\" height=\"768\" width=\"768\" title=\"Ads\u0131z tasar\u0131m (14)\" onerror=\"this.style.display='none'\"  \/>\n\t<h3>Pistachio Rice<br \/>\nMachine<\/h3>\n<p><a href=\"https:\/\/albatrosendustri.com\/en\/urunlerimiz\/gida-makineleri\/fistik-pirinc-makinesi\/\">Product Review<\/a><\/p>\n\t\t\t\t<img decoding=\"async\" src=\"https:\/\/albatrosendustri.com\/wp-content\/uploads\/2024\/08\/Adsiz-tasarim-19-1.png\" alt=\"Ads\u0131z tasar\u0131m (19)\" itemprop=\"image\" height=\"768\" width=\"768\" title=\"Ads\u0131z tasar\u0131m (19)\" onerror=\"this.style.display='none'\"  \/>\n\t<h3>Light Grain<br \/>\nMachine<\/h3>\n<p><a href=\"https:\/\/albatrosendustri.com\/en\/urunlerimiz\/gida-makineleri\/hafif-tane-makinesi\/\">Product Review<\/a><\/p>\n\t\t\t\t<img decoding=\"async\" src=\"https:\/\/albatrosendustri.com\/wp-content\/uploads\/2024\/08\/Adsiz-tasarim-6.png\" alt=\"Ads\u0131z tasar\u0131m (6)\" itemprop=\"image\" height=\"768\" width=\"768\" title=\"Ads\u0131z tasar\u0131m (6)\" onerror=\"this.style.display='none'\"  \/>\n\t<h3>Centrifugation<br \/>\nMachine<\/h3>\n<p><a href=\"https:\/\/albatrosendustri.com\/en\/urunlerimiz\/gida-makineleri\/savurma-makinesi\/\">Product Review<\/a><\/p>\n\t\t\t\t<img decoding=\"async\" src=\"https:\/\/albatrosendustri.com\/wp-content\/uploads\/2024\/08\/Adsiz-tasarim-13-3.png\" alt=\"Ads\u0131z tasar\u0131m (13)\" itemprop=\"image\" height=\"768\" width=\"768\" title=\"Ads\u0131z tasar\u0131m (13)\" onerror=\"this.style.display='none'\"  \/>\n\t<h3>Fresh Walnut Roasting Machine<\/h3>\n<p><a href=\"https:\/\/albatrosendustri.com\/en\/urunlerimiz\/gida-makineleri\/yas-ceviz-kavlatma-makinesi\/\">Product Review<\/a><\/p>\n\t\t\t\t<img decoding=\"async\" src=\"https:\/\/albatrosendustri.com\/wp-content\/uploads\/2024\/08\/Adsiz-tasarim-12-3.png\" alt=\"Ads\u0131z tasar\u0131m (12)\" itemprop=\"image\" height=\"768\" width=\"768\" title=\"Ads\u0131z tasar\u0131m (12)\" onerror=\"this.style.display='none'\"  \/>\n\t<h3>Dragee Coating <br \/> Machine<\/h3>\n<p><a href=\"https:\/\/albatrosendustri.com\/en\/urunlerimiz\/draje-kaplama-makinesi\/\">Product Review<\/a><\/p>\n\t\t\t\t<img decoding=\"async\" src=\"https:\/\/albatrosendustri.com\/wp-content\/uploads\/2024\/08\/Adsiz-tasarim-3-4.png\" alt=\"Ads\u0131z tasar\u0131m (3)\" itemprop=\"image\" height=\"768\" width=\"768\" title=\"Ads\u0131z tasar\u0131m (3)\" onerror=\"this.style.display='none'\"  \/>\n\t<h3>Mixer<br \/>\nMachine<\/h3>\n<p><a href=\"https:\/\/albatrosendustri.com\/en\/urunlerimiz\/gida-makineleri\/mikser\/\">Product Review<\/a><\/p>\n\t\t\t\t<img decoding=\"async\" src=\"https:\/\/albatrosendustri.com\/wp-content\/uploads\/2024\/08\/Adsiz-tasarim-1-3.png\" alt=\"Ads\u0131z tasar\u0131m (1)\" itemprop=\"image\" height=\"768\" width=\"768\" title=\"Ads\u0131z tasar\u0131m (1)\" onerror=\"this.style.display='none'\"  \/>\n\t<h3>Fruit and Vegetable Washing<br \/>\nMachine<\/h3>\n<p><a href=\"https:\/\/albatrosendustri.com\/en\/urunlerimiz\/gida-makineleri\/meyve-sebze-yikama-makinesi\/\">Product Review<\/a><\/p>\n\t\t\t\t<img decoding=\"async\" src=\"https:\/\/albatrosendustri.com\/wp-content\/uploads\/2024\/08\/Adsiz-tasarim-8-5.png\" alt=\"Ads\u0131z tasar\u0131m (8)\" itemprop=\"image\" height=\"768\" width=\"768\" title=\"Ads\u0131z tasar\u0131m (8)\" onerror=\"this.style.display='none'\"  \/>\n\t<h3>Food <br \/>Installations<\/h3>\n<p><a href=\"https:\/\/albatrosendustri.com\/en\/urunlerimiz\/gida-makineleri\/gida-tesisatlari\/\">Product Review<\/a><\/p>","protected":false},"excerpt":{"rendered":"<p>Albatros End\u00fcstri, g\u0131da i\u015fleme s\u00fcre\u00e7lerinizi [&hellip;]<\/p>","protected":false},"author":11,"featured_media":0,"parent":4751,"menu_order":0,"comment_status":"closed","ping_status":"closed","template":"","meta":{"site-sidebar-layout":"no-sidebar","site-content-layout":"page-builder","ast-site-content-layout":"full-width-container","site-content-style":"unboxed","site-sidebar-style":"unboxed","ast-global-header-display":"","ast-banner-title-visibility":"","ast-main-header-display":"","ast-hfb-above-header-display":"","ast-hfb-below-header-display":"","ast-hfb-mobile-header-display":"","site-post-title":"disabled","ast-breadcrumbs-content":"","ast-featured-img":"disabled","footer-sml-layout":"","theme-transparent-header-meta":"disabled","adv-header-id-meta":"","stick-header-meta":"disabled","header-above-stick-meta":"","header-main-stick-meta":"","header-below-stick-meta":"","astra-migrate-meta-layouts":"set","ast-page-background-enabled":"default","ast-page-background-meta":{"desktop":{"background-color":"","background-image":"","background-repeat":"repeat","background-position":"center center","background-size":"auto","background-attachment":"scroll","background-type":"","background-media":"","overlay-type":"","overlay-color":"","overlay-opacity":"","overlay-gradient":""},"tablet":{"background-color":"","background-image":"","background-repeat":"repeat","background-position":"center center","background-size":"auto","background-attachment":"scroll","background-type":"","background-media":"","overlay-type":"","overlay-color":"","overlay-opacity":"","overlay-gradient":""},"mobile":{"background-color":"","background-image":"","background-repeat":"repeat","background-position":"center center","background-size":"auto","background-attachment":"scroll","background-type":"","background-media":"","overlay-type":"","overlay-color":"","overlay-opacity":"","overlay-gradient":""}},"ast-content-background-meta":{"desktop":{"background-color":"var(--ast-global-color-5)","background-image":"","background-repeat":"repeat","background-position":"center center","background-size":"auto","background-attachment":"scroll","background-type":"","background-media":"","overlay-type":"","overlay-color":"","overlay-opacity":"","overlay-gradient":""},"tablet":{"background-color":"var(--ast-global-color-5)","background-image":"","background-repeat":"repeat","background-position":"center center","background-size":"auto","background-attachment":"scroll","background-type":"","background-media":"","overlay-type":"","overlay-color":"","overlay-opacity":"","overlay-gradient":""},"mobile":{"background-color":"var(--ast-global-color-5)","background-image":"","background-repeat":"repeat","background-position":"center center","background-size":"auto","background-attachment":"scroll","background-type":"","background-media":"","overlay-type":"","overlay-color":"","overlay-opacity":"","overlay-gradient":""}},"footnotes":""},"class_list":["post-4987","page","type-page","status-publish","hentry"],"_links":{"self":[{"href":"https:\/\/albatrosendustri.com\/en\/wp-json\/wp\/v2\/pages\/4987","targetHints":{"allow":["GET"]}}],"collection":[{"href":"https:\/\/albatrosendustri.com\/en\/wp-json\/wp\/v2\/pages"}],"about":[{"href":"https:\/\/albatrosendustri.com\/en\/wp-json\/wp\/v2\/types\/page"}],"author":[{"embeddable":true,"href":"https:\/\/albatrosendustri.com\/en\/wp-json\/wp\/v2\/users\/11"}],"replies":[{"embeddable":true,"href":"https:\/\/albatrosendustri.com\/en\/wp-json\/wp\/v2\/comments?post=4987"}],"version-history":[{"count":1,"href":"https:\/\/albatrosendustri.com\/en\/wp-json\/wp\/v2\/pages\/4987\/revisions"}],"predecessor-version":[{"id":5382,"href":"https:\/\/albatrosendustri.com\/en\/wp-json\/wp\/v2\/pages\/4987\/revisions\/5382"}],"up":[{"embeddable":true,"href":"https:\/\/albatrosendustri.com\/en\/wp-json\/wp\/v2\/pages\/4751"}],"wp:attachment":[{"href":"https:\/\/albatrosendustri.com\/en\/wp-json\/wp\/v2\/media?parent=4987"}],"curies":[{"name":"wp","href":"https:\/\/api.w.org\/{rel}","templated":true}]}}