{"id":4911,"date":"2024-08-19T09:50:35","date_gmt":"2024-08-19T06:50:35","guid":{"rendered":"https:\/\/albatrosendustri.com\/?page_id=4911"},"modified":"2024-08-21T11:53:54","modified_gmt":"2024-08-21T08:53:54","slug":"isitmali-ve-karistirici-tanklar","status":"publish","type":"page","link":"https:\/\/albatrosendustri.com\/en\/urunlerimiz\/isitmali-ve-karistirici-tanklar\/","title":{"rendered":"Heated and Mixing Tanks"},"content":{"rendered":"<h2>\n\t\tHeated and Mixing Tanks\n\t<\/h2>\n\t<div class=\"ast-breadcrumbs-wrapper\">\r\n\t\t\t<div class=\"ast-breadcrumbs-inner\"><nav role=\"navigation\" aria-label=\"Breadcrumbs\" class=\"breadcrumb-trail breadcrumbs\" ><div class=\"ast-breadcrumbs\"><ul class=\"trail-items\" ><li  class=\"trail-item trail-end\"><span><a href=\"https:\/\/albatrosendustri.com\/en\/\" rel=\"home\"><span >Home<\/span><\/a><\/span><\/li><\/ul><\/div><\/nav><\/div>\r\n\t\t<\/div>\n\t<h3>\n\t\t\t\tHeated and Mixing Tanks\n\t\t\t<\/h3>\n\t\t<p>As Albatros End\u00fcstri, we manufacture heated and agitator tanks that offer superior performance and reliability in your industrial processes. These tanks provide uniform heating and mixing of liquid and semi-liquid products, improving product quality and production efficiency.<\/p>\t\n\t<table border=\"1\" cellspacing=\"1\" cellpadding=\"1\">\n<tbody>\n<tr>\n<td><strong>High Performance in Heating:<\/strong> With its advanced heating systems, it provides fast and even heating of the liquids in the tank and offers energy efficiency.<\/td>\n<\/tr>\n<tr>\n<td><strong>Effective Mixing:<\/strong> Powerful mixers ensure homogeneous mixing of products, contributing to increased product quality and process efficiency.<\/td>\n<\/tr>\n<tr>\n<td><strong>Stainless Steel Material:<\/strong> Stainless steel tanks provide long-lasting and hygienic storage, protecting the safety and quality of your products.<\/td>\n<\/tr>\n<tr>\n<td><strong>Ease of Use:<\/strong> User-friendly control systems and ergonomic design facilitate operations and simplify maintenance processes.<\/td>\n<\/tr>\n<tr>\n<td><strong>Customizable<\/strong> Customizable tanks meet your specific process requirements by offering a choice of different capacities and functions.<\/td>\n<\/tr>\n<\/tbody>\n<\/table>\n\t<p>Our heated and agitator tanks are the perfect solution if you are looking for quality and efficiency in your production processes. You can contact us for more information and to develop a solution tailored to your needs.<\/p>","protected":false},"excerpt":{"rendered":"<p>Is\u0131tmal\u0131 ve Kar\u0131\u015ft\u0131r\u0131c\u0131 Tanklar Albatros [&hellip;]<\/p>","protected":false},"author":11,"featured_media":0,"parent":4751,"menu_order":0,"comment_status":"closed","ping_status":"closed","template":"","meta":{"site-sidebar-layout":"no-sidebar","site-content-layout":"page-builder","ast-site-content-layout":"full-width-container","site-content-style":"unboxed","site-sidebar-style":"unboxed","ast-global-header-display":"","ast-banner-title-visibility":"","ast-main-header-display":"","ast-hfb-above-header-display":"","ast-hfb-below-header-display":"","ast-hfb-mobile-header-display":"","site-post-title":"disabled","ast-breadcrumbs-content":"","ast-featured-img":"disabled","footer-sml-layout":"","theme-transparent-header-meta":"disabled","adv-header-id-meta":"","stick-header-meta":"disabled","header-above-stick-meta":"","header-main-stick-meta":"","header-below-stick-meta":"","astra-migrate-meta-layouts":"set","ast-page-background-enabled":"default","ast-page-background-meta":{"desktop":{"background-color":"","background-image":"","background-repeat":"repeat","background-position":"center center","background-size":"auto","background-attachment":"scroll","background-type":"","background-media":"","overlay-type":"","overlay-color":"","overlay-opacity":"","overlay-gradient":""},"tablet":{"background-color":"","background-image":"","background-repeat":"repeat","background-position":"center center","background-size":"auto","background-attachment":"scroll","background-type":"","background-media":"","overlay-type":"","overlay-color":"","overlay-opacity":"","overlay-gradient":""},"mobile":{"background-color":"","background-image":"","background-repeat":"repeat","background-position":"center center","background-size":"auto","background-attachment":"scroll","background-type":"","background-media":"","overlay-type":"","overlay-color":"","overlay-opacity":"","overlay-gradient":""}},"ast-content-background-meta":{"desktop":{"background-color":"var(--ast-global-color-5)","background-image":"","background-repeat":"repeat","background-position":"center center","background-size":"auto","background-attachment":"scroll","background-type":"","background-media":"","overlay-type":"","overlay-color":"","overlay-opacity":"","overlay-gradient":""},"tablet":{"background-color":"var(--ast-global-color-5)","background-image":"","background-repeat":"repeat","background-position":"center center","background-size":"auto","background-attachment":"scroll","background-type":"","background-media":"","overlay-type":"","overlay-color":"","overlay-opacity":"","overlay-gradient":""},"mobile":{"background-color":"var(--ast-global-color-5)","background-image":"","background-repeat":"repeat","background-position":"center center","background-size":"auto","background-attachment":"scroll","background-type":"","background-media":"","overlay-type":"","overlay-color":"","overlay-opacity":"","overlay-gradient":""}},"footnotes":""},"class_list":["post-4911","page","type-page","status-publish","hentry"],"_links":{"self":[{"href":"https:\/\/albatrosendustri.com\/en\/wp-json\/wp\/v2\/pages\/4911","targetHints":{"allow":["GET"]}}],"collection":[{"href":"https:\/\/albatrosendustri.com\/en\/wp-json\/wp\/v2\/pages"}],"about":[{"href":"https:\/\/albatrosendustri.com\/en\/wp-json\/wp\/v2\/types\/page"}],"author":[{"embeddable":true,"href":"https:\/\/albatrosendustri.com\/en\/wp-json\/wp\/v2\/users\/11"}],"replies":[{"embeddable":true,"href":"https:\/\/albatrosendustri.com\/en\/wp-json\/wp\/v2\/comments?post=4911"}],"version-history":[{"count":0,"href":"https:\/\/albatrosendustri.com\/en\/wp-json\/wp\/v2\/pages\/4911\/revisions"}],"up":[{"embeddable":true,"href":"https:\/\/albatrosendustri.com\/en\/wp-json\/wp\/v2\/pages\/4751"}],"wp:attachment":[{"href":"https:\/\/albatrosendustri.com\/en\/wp-json\/wp\/v2\/media?parent=4911"}],"curies":[{"name":"wp","href":"https:\/\/api.w.org\/{rel}","templated":true}]}}