{"id":4791,"date":"2024-08-14T14:18:32","date_gmt":"2024-08-14T11:18:32","guid":{"rendered":"https:\/\/albatrosendustri.com\/?page_id=4791"},"modified":"2024-08-15T10:32:20","modified_gmt":"2024-08-15T07:32:20","slug":"yatay-toz-ve-granur-dolum-makinesi","status":"publish","type":"page","link":"https:\/\/albatrosendustri.com\/en\/urunlerimiz\/yatay-toz-ve-granur-dolum-makinesi\/","title":{"rendered":"Horizontal Powder and Granule Filling Machine"},"content":{"rendered":"<h2>\n\t\tHorizontal Powder and Granule Filling Machine\n\t<\/h2>\n\t<div class=\"ast-breadcrumbs-wrapper\">\r\n\t\t\t<div class=\"ast-breadcrumbs-inner\"><nav role=\"navigation\" aria-label=\"Breadcrumbs\" class=\"breadcrumb-trail breadcrumbs\" ><div class=\"ast-breadcrumbs\"><ul class=\"trail-items\" ><li  class=\"trail-item trail-end\"><span><a href=\"https:\/\/albatrosendustri.com\/en\/\" rel=\"home\"><span >Home<\/span><\/a><\/span><\/li><\/ul><\/div><\/nav><\/div>\r\n\t\t<\/div>\n\t\t\t\t<img decoding=\"async\" src=\"https:\/\/albatrosendustri.com\/wp-content\/uploads\/2024\/08\/Adsiz-tasarim-3.png\" alt=\"Ads\u0131z tasar\u0131m (3)\" itemprop=\"image\" height=\"768\" width=\"768\" title=\"Ads\u0131z tasar\u0131m (3)\" onerror=\"this.style.display='none'\"  \/>\n\t<h3>\n\t\t\t\tHorizontal Powder and Granular Product Filling Machine\n\t\t\t<\/h3>\n\t\t<p>Horizontal Powder and Granule Product Filling Machine is a filling machine equipped with advanced technology that can produce 3-side and 4-side sealed bags. Thanks to its two servo motors and PLC control system, it offers high precision and ease of use. It provides hygienic and reliable filling and packaging of spices, coffee and similar powder and granular products.<\/p>\t\n\t<table border=\"1\" cellspacing=\"1\" cellpadding=\"1\">\n<tbody>\n<tr>\n<td><strong>Min\/Max Filling Grammage<\/strong><\/td>\n<td>&nbsp; 10gr. to 150gr.<\/td>\n<\/tr>\n<tr>\n<td><strong>Packaging Width (min\/max)<\/strong><\/td>\n<td>&nbsp; 50mm to 130mm<\/td>\n<\/tr>\n<tr>\n<td><strong>Package size (min\/max)<\/strong><\/td>\n<td>&nbsp; 70mm to 200 mm<\/td>\n<\/tr>\n<tr>\n<td><strong>Production Capacity per Minute<\/strong><\/td>\n<td>&nbsp; 40 pieces to 90 pieces<\/td>\n<\/tr>\n<tr>\n<td><strong>Machine Dimensions<\/strong><\/td>\n<td>&nbsp; 120cm*225cm*260cm<\/td>\n<\/tr>\n<tr>\n<td><strong>Weight<\/strong><\/td>\n<td>&nbsp; 850kg<\/td>\n<\/tr>\n<tr>\n<td><strong>POWER<\/strong><\/td>\n<td>&nbsp; installed power 4.2 KW operating power 3.2 KW 380 V 3 PHASE 50-60 HZ<\/td>\n<\/tr>\n<tr>\n<td><strong>Filling System<\/strong><\/td>\n<td>&nbsp;Screw servo motor<\/td>\n<\/tr>\n<\/tbody>\n<\/table>\n\t<p><strong>Horizontal Powder and Granular Product Filling Machine,<\/strong> offers a reliable and efficient solution for filling and packaging a variety of powder and granular products. Optimize your production processes with high technology and ease of use.<\/p>","protected":false},"excerpt":{"rendered":"<p>Yatay Toz ve Gran\u00fcl \u00dcr\u00fcn [&hellip;]<\/p>","protected":false},"author":11,"featured_media":0,"parent":4751,"menu_order":0,"comment_status":"closed","ping_status":"closed","template":"","meta":{"site-sidebar-layout":"no-sidebar","site-content-layout":"page-builder","ast-site-content-layout":"full-width-container","site-content-style":"unboxed","site-sidebar-style":"unboxed","ast-global-header-display":"","ast-banner-title-visibility":"","ast-main-header-display":"","ast-hfb-above-header-display":"","ast-hfb-below-header-display":"","ast-hfb-mobile-header-display":"","site-post-title":"disabled","ast-breadcrumbs-content":"","ast-featured-img":"disabled","footer-sml-layout":"","theme-transparent-header-meta":"disabled","adv-header-id-meta":"","stick-header-meta":"disabled","header-above-stick-meta":"","header-main-stick-meta":"","header-below-stick-meta":"","astra-migrate-meta-layouts":"set","ast-page-background-enabled":"default","ast-page-background-meta":{"desktop":{"background-color":"","background-image":"","background-repeat":"repeat","background-position":"center center","background-size":"auto","background-attachment":"scroll","background-type":"","background-media":"","overlay-type":"","overlay-color":"","overlay-opacity":"","overlay-gradient":""},"tablet":{"background-color":"","background-image":"","background-repeat":"repeat","background-position":"center center","background-size":"auto","background-attachment":"scroll","background-type":"","background-media":"","overlay-type":"","overlay-color":"","overlay-opacity":"","overlay-gradient":""},"mobile":{"background-color":"","background-image":"","background-repeat":"repeat","background-position":"center center","background-size":"auto","background-attachment":"scroll","background-type":"","background-media":"","overlay-type":"","overlay-color":"","overlay-opacity":"","overlay-gradient":""}},"ast-content-background-meta":{"desktop":{"background-color":"var(--ast-global-color-5)","background-image":"","background-repeat":"repeat","background-position":"center center","background-size":"auto","background-attachment":"scroll","background-type":"","background-media":"","overlay-type":"","overlay-color":"","overlay-opacity":"","overlay-gradient":""},"tablet":{"background-color":"var(--ast-global-color-5)","background-image":"","background-repeat":"repeat","background-position":"center center","background-size":"auto","background-attachment":"scroll","background-type":"","background-media":"","overlay-type":"","overlay-color":"","overlay-opacity":"","overlay-gradient":""},"mobile":{"background-color":"var(--ast-global-color-5)","background-image":"","background-repeat":"repeat","background-position":"center center","background-size":"auto","background-attachment":"scroll","background-type":"","background-media":"","overlay-type":"","overlay-color":"","overlay-opacity":"","overlay-gradient":""}},"footnotes":""},"class_list":["post-4791","page","type-page","status-publish","hentry"],"_links":{"self":[{"href":"https:\/\/albatrosendustri.com\/en\/wp-json\/wp\/v2\/pages\/4791","targetHints":{"allow":["GET"]}}],"collection":[{"href":"https:\/\/albatrosendustri.com\/en\/wp-json\/wp\/v2\/pages"}],"about":[{"href":"https:\/\/albatrosendustri.com\/en\/wp-json\/wp\/v2\/types\/page"}],"author":[{"embeddable":true,"href":"https:\/\/albatrosendustri.com\/en\/wp-json\/wp\/v2\/users\/11"}],"replies":[{"embeddable":true,"href":"https:\/\/albatrosendustri.com\/en\/wp-json\/wp\/v2\/comments?post=4791"}],"version-history":[{"count":0,"href":"https:\/\/albatrosendustri.com\/en\/wp-json\/wp\/v2\/pages\/4791\/revisions"}],"up":[{"embeddable":true,"href":"https:\/\/albatrosendustri.com\/en\/wp-json\/wp\/v2\/pages\/4751"}],"wp:attachment":[{"href":"https:\/\/albatrosendustri.com\/en\/wp-json\/wp\/v2\/media?parent=4791"}],"curies":[{"name":"wp","href":"https:\/\/api.w.org\/{rel}","templated":true}]}}