{"id":4785,"date":"2024-08-14T13:48:10","date_gmt":"2024-08-14T10:48:10","guid":{"rendered":"https:\/\/albatrosendustri.com\/?page_id=4785"},"modified":"2025-02-10T23:57:25","modified_gmt":"2025-02-10T20:57:25","slug":"stick-paketleme-ve-dolum-makinesi","status":"publish","type":"page","link":"https:\/\/albatrosendustri.com\/en\/urunlerimiz\/stick-paketleme-ve-dolum-makinesi\/","title":{"rendered":"Stick Packing and Filling Machine"},"content":{"rendered":"<h2>\n\t\tStick Packing and Filling Machine\n\t<\/h2>\n\t<div class=\"ast-breadcrumbs-wrapper\">\r\n\t\t\t<div class=\"ast-breadcrumbs-inner\"><nav role=\"navigation\" aria-label=\"Breadcrumbs\" class=\"breadcrumb-trail breadcrumbs\" ><div class=\"ast-breadcrumbs\"><ul class=\"trail-items\" ><li  class=\"trail-item trail-end\"><span><a href=\"https:\/\/albatrosendustri.com\/en\/\" rel=\"home\"><span >Home<\/span><\/a><\/span><\/li><\/ul><\/div><\/nav><\/div>\r\n\t\t<\/div>\n\t\t\t\t<img decoding=\"async\" src=\"https:\/\/albatrosendustri.com\/wp-content\/uploads\/2025\/02\/c9aa8ba0-f4cb-4a60-9656-e94f13dfa179.png\" alt=\"c9aa8ba0-f4cb-4a60-9656-e94f13dfa179\" itemprop=\"image\" height=\"768\" width=\"768\" title=\"c9aa8ba0-f4cb-4a60-9656-e94f13dfa179\" onerror=\"this.style.display='none'\"  \/>\n\t<h3>\n\t\t\t\tStick Packing and Filling Machine\n\t\t\t<\/h3>\n\t\t<p><strong>Stick Type Powder Packing Machine,<\/strong> baharat, kahve, \u00e7e\u015fni, toz i\u00e7ecek, tuz ve \u015feker gibi g\u0131da \u00fcr\u00fcnlerini hijyenik ve g\u00fcvenilir bir \u015fekilde paketlemek i\u00e7in tasarlanm\u0131\u015f tam otomatik bir makinedir. Geli\u015fmi\u015f \u00f6zellikleri sayesinde, y\u00fcksek hassasiyet ve h\u0131zla paketleme yapman\u0131z\u0131 sa\u011flar.M\u00fc\u015fteri memnuniyetini \u00f6n planda tutarak, her projede titizlikle \u00e7al\u0131\u015f\u0131yor, ihtiya\u00e7lara \u00f6zel \u00e7\u00f6z\u00fcmler \u00fcretiyoruz. Albatros End\u00fcstri olarak, sadece makine \u00fcretmiyor, ayn\u0131 zamanda end\u00fcstriyel verimlili\u011fi art\u0131racak \u00e7\u00f6z\u00fcmler sunuyoruz. G\u00fcvenilirlik, kalite ve yenilik\u00e7ilik ilkeleriyle hareket eden ekibimizle, gelece\u011fin sanayisini in\u015fa etmeye devam ediyoruz.<\/p>\t\n\t<table border=\"1\" cellspacing=\"1\" cellpadding=\"1\">\n<tbody>\n<tr>\n<td>PLC control system<\/td>\n<\/tr>\n<tr>\n<td>Color touch screen<\/td>\n<\/tr>\n<tr>\n<td><strong>Min\/Max Filling :<\/strong>&nbsp;Adjustable weight range between 1-50 gr<\/td>\n<\/tr>\n<tr>\n<td><strong>CAPACITY :<\/strong>105-480 pcs\/min packaging capacity in 3-4-5-6 line filling system&nbsp; &nbsp; &nbsp; &nbsp; &nbsp;<\/td>\n<\/tr>\n<tr>\n<td>Adjustable bag size<\/td>\n<\/tr>\n<tr>\n<td><strong>POWER:&nbsp;&nbsp;<\/strong>installed power 2.2- 6.2 KW operating power 1.1- 4.2 KW 380 V 3 PHASE 50-60 HZ<\/td>\n<\/tr>\n<\/tbody>\n<\/table>\n\t<p><strong>Stick Type Powder Packing Machine,<\/strong> optimizes your food production processes with its high performance and flexibility. It ensures that all kinds of powdered food products are packaged untouched, hygienically and quickly, increasing the efficiency of your production line.<\/p>","protected":false},"excerpt":{"rendered":"<p>Stick Paketleme ve Dolum Makinesi [&hellip;]<\/p>","protected":false},"author":11,"featured_media":0,"parent":4751,"menu_order":0,"comment_status":"closed","ping_status":"closed","template":"","meta":{"site-sidebar-layout":"no-sidebar","site-content-layout":"page-builder","ast-site-content-layout":"full-width-container","site-content-style":"unboxed","site-sidebar-style":"unboxed","ast-global-header-display":"","ast-banner-title-visibility":"","ast-main-header-display":"","ast-hfb-above-header-display":"","ast-hfb-below-header-display":"","ast-hfb-mobile-header-display":"","site-post-title":"disabled","ast-breadcrumbs-content":"","ast-featured-img":"disabled","footer-sml-layout":"","theme-transparent-header-meta":"disabled","adv-header-id-meta":"","stick-header-meta":"disabled","header-above-stick-meta":"","header-main-stick-meta":"","header-below-stick-meta":"","astra-migrate-meta-layouts":"set","ast-page-background-enabled":"default","ast-page-background-meta":{"desktop":{"background-color":"","background-image":"","background-repeat":"repeat","background-position":"center center","background-size":"auto","background-attachment":"scroll","background-type":"","background-media":"","overlay-type":"","overlay-color":"","overlay-opacity":"","overlay-gradient":""},"tablet":{"background-color":"","background-image":"","background-repeat":"repeat","background-position":"center center","background-size":"auto","background-attachment":"scroll","background-type":"","background-media":"","overlay-type":"","overlay-color":"","overlay-opacity":"","overlay-gradient":""},"mobile":{"background-color":"","background-image":"","background-repeat":"repeat","background-position":"center center","background-size":"auto","background-attachment":"scroll","background-type":"","background-media":"","overlay-type":"","overlay-color":"","overlay-opacity":"","overlay-gradient":""}},"ast-content-background-meta":{"desktop":{"background-color":"var(--ast-global-color-5)","background-image":"","background-repeat":"repeat","background-position":"center center","background-size":"auto","background-attachment":"scroll","background-type":"","background-media":"","overlay-type":"","overlay-color":"","overlay-opacity":"","overlay-gradient":""},"tablet":{"background-color":"var(--ast-global-color-5)","background-image":"","background-repeat":"repeat","background-position":"center center","background-size":"auto","background-attachment":"scroll","background-type":"","background-media":"","overlay-type":"","overlay-color":"","overlay-opacity":"","overlay-gradient":""},"mobile":{"background-color":"var(--ast-global-color-5)","background-image":"","background-repeat":"repeat","background-position":"center center","background-size":"auto","background-attachment":"scroll","background-type":"","background-media":"","overlay-type":"","overlay-color":"","overlay-opacity":"","overlay-gradient":""}},"footnotes":""},"class_list":["post-4785","page","type-page","status-publish","hentry"],"_links":{"self":[{"href":"https:\/\/albatrosendustri.com\/en\/wp-json\/wp\/v2\/pages\/4785","targetHints":{"allow":["GET"]}}],"collection":[{"href":"https:\/\/albatrosendustri.com\/en\/wp-json\/wp\/v2\/pages"}],"about":[{"href":"https:\/\/albatrosendustri.com\/en\/wp-json\/wp\/v2\/types\/page"}],"author":[{"embeddable":true,"href":"https:\/\/albatrosendustri.com\/en\/wp-json\/wp\/v2\/users\/11"}],"replies":[{"embeddable":true,"href":"https:\/\/albatrosendustri.com\/en\/wp-json\/wp\/v2\/comments?post=4785"}],"version-history":[{"count":1,"href":"https:\/\/albatrosendustri.com\/en\/wp-json\/wp\/v2\/pages\/4785\/revisions"}],"predecessor-version":[{"id":5391,"href":"https:\/\/albatrosendustri.com\/en\/wp-json\/wp\/v2\/pages\/4785\/revisions\/5391"}],"up":[{"embeddable":true,"href":"https:\/\/albatrosendustri.com\/en\/wp-json\/wp\/v2\/pages\/4751"}],"wp:attachment":[{"href":"https:\/\/albatrosendustri.com\/en\/wp-json\/wp\/v2\/media?parent=4785"}],"curies":[{"name":"wp","href":"https:\/\/api.w.org\/{rel}","templated":true}]}}