{"id":4751,"date":"2024-08-13T17:17:03","date_gmt":"2024-08-13T14:17:03","guid":{"rendered":"https:\/\/albatrosendustri.com\/?page_id=4751"},"modified":"2025-02-11T00:01:48","modified_gmt":"2025-02-10T21:01:48","slug":"urunlerimiz","status":"publish","type":"page","link":"https:\/\/albatrosendustri.com\/en\/urunlerimiz\/","title":{"rendered":"Our Products"},"content":{"rendered":"<h2>\n\t\tOur Products\n\t<\/h2>\n\t<div class=\"ast-breadcrumbs-wrapper\">\r\n\t\t\t<div class=\"ast-breadcrumbs-inner\"><nav role=\"navigation\" aria-label=\"Breadcrumbs\" class=\"breadcrumb-trail breadcrumbs\" ><div class=\"ast-breadcrumbs\"><ul class=\"trail-items\" ><li  class=\"trail-item trail-end\"><span><a href=\"https:\/\/albatrosendustri.com\/en\/\" rel=\"home\"><span >Home<\/span><\/a><\/span><\/li><\/ul><\/div><\/nav><\/div>\r\n\t\t<\/div>\n\t<p><strong>Albatros End\u00fcstri<\/strong> as a result, we offer high-quality and innovative packaging solutions. Our wide product range consists of modern filling and packaging machines designed to meet the needs of different sectors. Ideal for many industries such as food, cosmetics, chemicals and so on, our machines help to optimize business processes while increasing productivity.<\/p>\n\t\t\t\t<img decoding=\"async\" src=\"https:\/\/albatrosendustri.com\/wp-content\/uploads\/2024\/08\/Adsiz-tasarim-3.png\" alt=\"Ads\u0131z tasar\u0131m (3)\" itemprop=\"image\" height=\"768\" width=\"768\" title=\"Ads\u0131z tasar\u0131m (3)\" onerror=\"this.style.display='none'\"  \/>\n\t<h3>Food<br \/>\nMachines<\/h3>\n<p><a href=\"https:\/\/albatrosendustri.com\/en\/urunlerimiz\/gida-makineleri\/\">Product Review<\/a><\/p>\n\t\t\t\t<img decoding=\"async\" src=\"https:\/\/albatrosendustri.com\/wp-content\/uploads\/2024\/08\/Adsiz-tasarim-6-3.png\" alt=\"Ads\u0131z tasar\u0131m (6)\" itemprop=\"image\" height=\"768\" width=\"768\" title=\"Ads\u0131z tasar\u0131m (6)\" onerror=\"this.style.display='none'\"  \/>\n\t<h3>Mekanik<br \/>\nInstallation<\/h3>\n<p><a href=\"https:\/\/albatrosendustri.com\/en\/urunlerimiz\/mekanik-tesisat\/\">Product Review<\/a><\/p>\n\t\t\t\t<img decoding=\"async\" src=\"https:\/\/albatrosendustri.com\/wp-content\/uploads\/2024\/08\/Adsiz-tasarim-29.png\" alt=\"Ads\u0131z tasar\u0131m (29)\" itemprop=\"image\" height=\"768\" width=\"768\" title=\"Ads\u0131z tasar\u0131m (29)\" onerror=\"this.style.display='none'\"  \/>\n\t<h3 class=\" translation-block\">Spiral\nmachines<\/h3>\n<p><a href=\"https:\/\/albatrosendustri.com\/en\/urunlerimiz\/helezon\/\">Product Review<\/a><\/p>\n\t\t\t\t<img decoding=\"async\" src=\"https:\/\/albatrosendustri.com\/wp-content\/uploads\/2024\/08\/Adsiz-tasarim-3-2.png\" alt=\"L Conveyor Belt\" itemprop=\"image\" height=\"768\" width=\"768\" title=\"Ads\u0131z tasar\u0131m (3)\" onerror=\"this.style.display='none'\"  \/>\n\t<h3 class=\" translation-block\">Transport<br>\nbands<\/h3>\n<p><a href=\"https:\/\/albatrosendustri.com\/en\/urunlerimiz\/tasima-bantlari\/\">Product Review<\/a><\/p>\n\t\t\t\t<img decoding=\"async\" src=\"https:\/\/albatrosendustri.com\/wp-content\/uploads\/2025\/02\/c9aa8ba0-f4cb-4a60-9656-e94f13dfa179.png\" alt=\"c9aa8ba0-f4cb-4a60-9656-e94f13dfa179\" itemprop=\"image\" height=\"768\" width=\"768\" title=\"c9aa8ba0-f4cb-4a60-9656-e94f13dfa179\" onerror=\"this.style.display='none'\"  \/>\n\t<h3>Stick Packing and Filling Machine<\/h3>\n<p><a href=\"https:\/\/albatrosendustri.com\/en\/urunlerimiz\/stick-paketleme-ve-dolum-makinesi\/\">Product Review<\/a>\u00a0<\/p>\n\t\t\t\t<img decoding=\"async\" src=\"https:\/\/albatrosendustri.com\/wp-content\/uploads\/2024\/08\/Adsiz-tasarim-5.png\" alt=\"Ads\u0131z tasar\u0131m (5)\" itemprop=\"image\" height=\"768\" width=\"768\" title=\"Ads\u0131z tasar\u0131m (5)\" onerror=\"this.style.display='none'\"  \/>\n\t<h3>Stick Liquid Filling and Packaging Machine<\/h3>\n<p><a href=\"https:\/\/albatrosendustri.com\/en\/urunlerimiz\/stick-sivi-dolum-ve-paketleme-makinesi\/\">Product Review<\/a><\/p>\n\t\t\t\t<img decoding=\"async\" src=\"https:\/\/albatrosendustri.com\/wp-content\/uploads\/2025\/02\/5b91a048-f580-4ba6-91b6-2cf72faa72d4.png\" alt=\"5b91a048-f580-4ba6-91b6-2cf72faa72d4\" itemprop=\"image\" height=\"768\" width=\"768\" title=\"5b91a048-f580-4ba6-91b6-2cf72faa72d4\" onerror=\"this.style.display='none'\"  \/>\n\t<h3 class=\" translation-block\">Vertical Powder Filling\nmachine<\/h3>\n<p><a href=\"https:\/\/albatrosendustri.com\/en\/urunlerimiz\/stick-sivi-dolum-ve-paketleme-makinesi\/\">Product Review<\/a><\/p>\n\t\t\t\t<img decoding=\"async\" src=\"https:\/\/albatrosendustri.com\/wp-content\/uploads\/2025\/02\/73433b73-c904-4986-8b98-08897d99e502.png\" alt=\"73433b73-c904-4986-8b98-08897d99e502\" itemprop=\"image\" height=\"768\" width=\"768\" title=\"73433b73-c904-4986-8b98-08897d99e502\" onerror=\"this.style.display='none'\"  \/>\n\t<h3 class=\" translation-block\">Doypack Filling\nmachine<\/h3>\n<p><a href=\"https:\/\/albatrosendustri.com\/en\/urunlerimiz\/stick-sivi-dolum-ve-paketleme-makinesi\/\">Product Review<\/a><\/p>\n\t\t\t\t<img decoding=\"async\" src=\"https:\/\/albatrosendustri.com\/wp-content\/uploads\/2024\/08\/Adsiz-tasarim-5-4.png\" alt=\"Ads\u0131z tasar\u0131m (5)\" itemprop=\"image\" height=\"768\" width=\"768\" title=\"Ads\u0131z tasar\u0131m (5)\" onerror=\"this.style.display='none'\"  \/>\n\t<h3>Heated and Mixing Tanks<\/h3>\n<p><a href=\"https:\/\/albatrosendustri.com\/en\/urunlerimiz\/isitmali-ve-karistirici-tanklar\/\">Product Review<\/a><\/p>\n\t\t\t\t<img decoding=\"async\" src=\"https:\/\/albatrosendustri.com\/wp-content\/uploads\/2024\/08\/Adsiz-tasarim-8-1.png\" alt=\"Zeytinya\u011f\u0131 Deplama Tank\u0131\" itemprop=\"image\" height=\"768\" width=\"768\" title=\"Ads\u0131z tasar\u0131m (8)\" onerror=\"this.style.display='none'\"  \/>\n\t<h3 class=\" translation-block\">Stock\ntanks<\/h3>\n<p><a href=\"https:\/\/albatrosendustri.com\/en\/urunlerimiz\/stok-tanklari\/\">Product Review<\/a><\/p>","protected":false},"excerpt":{"rendered":"<p>Albatros End\u00fcstri olarak, y\u00fcksek kaliteli [&hellip;]<\/p>","protected":false},"author":11,"featured_media":0,"parent":0,"menu_order":0,"comment_status":"closed","ping_status":"closed","template":"","meta":{"site-sidebar-layout":"no-sidebar","site-content-layout":"page-builder","ast-site-content-layout":"full-width-container","site-content-style":"unboxed","site-sidebar-style":"unboxed","ast-global-header-display":"","ast-banner-title-visibility":"","ast-main-header-display":"","ast-hfb-above-header-display":"","ast-hfb-below-header-display":"","ast-hfb-mobile-header-display":"","site-post-title":"disabled","ast-breadcrumbs-content":"","ast-featured-img":"disabled","footer-sml-layout":"","theme-transparent-header-meta":"disabled","adv-header-id-meta":"","stick-header-meta":"disabled","header-above-stick-meta":"","header-main-stick-meta":"","header-below-stick-meta":"","astra-migrate-meta-layouts":"set","ast-page-background-enabled":"default","ast-page-background-meta":{"desktop":{"background-color":"","background-image":"","background-repeat":"repeat","background-position":"center center","background-size":"auto","background-attachment":"scroll","background-type":"","background-media":"","overlay-type":"","overlay-color":"","overlay-opacity":"","overlay-gradient":""},"tablet":{"background-color":"","background-image":"","background-repeat":"repeat","background-position":"center center","background-size":"auto","background-attachment":"scroll","background-type":"","background-media":"","overlay-type":"","overlay-color":"","overlay-opacity":"","overlay-gradient":""},"mobile":{"background-color":"","background-image":"","background-repeat":"repeat","background-position":"center center","background-size":"auto","background-attachment":"scroll","background-type":"","background-media":"","overlay-type":"","overlay-color":"","overlay-opacity":"","overlay-gradient":""}},"ast-content-background-meta":{"desktop":{"background-color":"var(--ast-global-color-5)","background-image":"","background-repeat":"repeat","background-position":"center center","background-size":"auto","background-attachment":"scroll","background-type":"","background-media":"","overlay-type":"","overlay-color":"","overlay-opacity":"","overlay-gradient":""},"tablet":{"background-color":"var(--ast-global-color-5)","background-image":"","background-repeat":"repeat","background-position":"center center","background-size":"auto","background-attachment":"scroll","background-type":"","background-media":"","overlay-type":"","overlay-color":"","overlay-opacity":"","overlay-gradient":""},"mobile":{"background-color":"var(--ast-global-color-5)","background-image":"","background-repeat":"repeat","background-position":"center center","background-size":"auto","background-attachment":"scroll","background-type":"","background-media":"","overlay-type":"","overlay-color":"","overlay-opacity":"","overlay-gradient":""}},"footnotes":""},"class_list":["post-4751","page","type-page","status-publish","hentry"],"_links":{"self":[{"href":"https:\/\/albatrosendustri.com\/en\/wp-json\/wp\/v2\/pages\/4751","targetHints":{"allow":["GET"]}}],"collection":[{"href":"https:\/\/albatrosendustri.com\/en\/wp-json\/wp\/v2\/pages"}],"about":[{"href":"https:\/\/albatrosendustri.com\/en\/wp-json\/wp\/v2\/types\/page"}],"author":[{"embeddable":true,"href":"https:\/\/albatrosendustri.com\/en\/wp-json\/wp\/v2\/users\/11"}],"replies":[{"embeddable":true,"href":"https:\/\/albatrosendustri.com\/en\/wp-json\/wp\/v2\/comments?post=4751"}],"version-history":[{"count":2,"href":"https:\/\/albatrosendustri.com\/en\/wp-json\/wp\/v2\/pages\/4751\/revisions"}],"predecessor-version":[{"id":5394,"href":"https:\/\/albatrosendustri.com\/en\/wp-json\/wp\/v2\/pages\/4751\/revisions\/5394"}],"wp:attachment":[{"href":"https:\/\/albatrosendustri.com\/en\/wp-json\/wp\/v2\/media?parent=4751"}],"curies":[{"name":"wp","href":"https:\/\/api.w.org\/{rel}","templated":true}]}}