{"id":632,"date":"2022-03-21T07:42:33","date_gmt":"2022-03-21T07:42:33","guid":{"rendered":"https:\/\/albatrosendustri.com\/home\/"},"modified":"2025-02-11T00:02:33","modified_gmt":"2025-02-10T21:02:33","slug":"anasayfa","status":"publish","type":"page","link":"https:\/\/albatrosendustri.com\/ar\/","title":{"rendered":"\u0627\u0644\u0631\u0626\u064a\u0633\u064a\u0629"},"content":{"rendered":"<h2>\n\t\t\u0645\u0646\u062a\u062c\u0627\u062a\u0646\u0627\n\t<\/h2>\n\t<p><strong>Albatros End\u00fcstri<\/strong> \u0646\u0642\u0648\u0645 \u0628\u062a\u0637\u0648\u064a\u0631 \u0645\u0646\u062a\u062c\u0627\u062a \u0645\u0628\u062a\u0643\u0631\u0629 \u062a\u0648\u0641\u0631 \u062c\u0648\u062f\u0629 \u0648\u0643\u0641\u0627\u0621\u0629 \u0639\u0627\u0644\u064a\u0629 \u0644\u062d\u0644\u0648\u0644\u0643 \u0627\u0644\u0635\u0646\u0627\u0639\u064a\u0629. \u062a\u062a\u0643\u0648\u0646 \u0645\u062c\u0645\u0648\u0639\u0629 \u0645\u0646\u062a\u062c\u0627\u062a\u0646\u0627 \u0645\u0646 \u0622\u0644\u0627\u062a \u0645\u0635\u0645\u0645\u0629 \u0648\u0645\u0635\u0646\u0639\u0629 \u0628\u0639\u0646\u0627\u064a\u0629 \u0644\u062a\u0644\u0628\u064a\u0629 \u0627\u062d\u062a\u064a\u0627\u062c\u0627\u062a \u0645\u062e\u062a\u0644\u0641 \u0627\u0644\u0642\u0637\u0627\u0639\u0627\u062a.<\/p>\n\t\t\t<a href=\"https:\/\/albatrosendustri.com\/ar\/urunlerimiz\/\" target=\"_self\">\n\t\t\t\t\t\t\t\u0639\u0631\u0636 \u0645\u0646\u062a\u062c\u0627\u062a\u0646\u0627\n\t\t\t<\/a>\n\t\t\t\t<img decoding=\"async\" src=\"https:\/\/albatrosendustri.com\/wp-content\/uploads\/2025\/02\/c9aa8ba0-f4cb-4a60-9656-e94f13dfa179.png\" alt=\"c9aa8ba0-f4cb-4a60-9656-e94f13dfa179\" itemprop=\"image\" height=\"768\" width=\"768\" title=\"c9aa8ba0-f4cb-4a60-9656-e94f13dfa179\" onerror=\"this.style.display='none'\"  \/>\n\t<h3>\u0622\u0644\u0629 \u062a\u0639\u0628\u0626\u0629 \u0648\u062a\u063a\u0644\u064a\u0641 \u0627\u0644\u0639\u0635\u064a<\/h3>\n<p><a href=\"https:\/\/albatrosendustri.com\/ar\/urunlerimiz\/stick-paketleme-ve-dolum-makinesi\/\">\u0645\u0631\u0627\u062c\u0639\u0629 \u0627\u0644\u0645\u0646\u062a\u062c\u00a0<\/a><\/p>\n\t\t\t\t<img decoding=\"async\" src=\"https:\/\/albatrosendustri.com\/wp-content\/uploads\/2024\/08\/Adsiz-tasarim-8-1.png\" alt=\"Zeytinya\u011f\u0131 Deplama Tank\u0131\" itemprop=\"image\" height=\"768\" width=\"768\" title=\"Ads\u0131z tasar\u0131m (8)\" onerror=\"this.style.display='none'\"  \/>\n\t<h3 class=\" translation-block\">\u062e\u0632\u0627\u0646\u0627\u062a \u0627\u0644\u062a\u062e\u0632\u064a\u0646<\/h3>\n<p><a href=\"https:\/\/albatrosendustri.com\/ar\/urunlerimiz\/stok-tanklari\/\">\u0645\u0631\u0627\u062c\u0639\u0629 \u0627\u0644\u0645\u0646\u062a\u062c<\/a><\/p>\n\t\t\t\t<img decoding=\"async\" src=\"https:\/\/albatrosendustri.com\/wp-content\/uploads\/2024\/08\/Adsiz-tasarim-7-2.png\" alt=\"Ads\u0131z tasar\u0131m (7)\" itemprop=\"image\" height=\"768\" width=\"768\" title=\"Ads\u0131z tasar\u0131m (7)\" onerror=\"this.style.display='none'\"  \/>\n\t<h3>\u0627\u0644\u0647\u0648\u0627\u0621 \u0627\u0644\u0645\u0636\u063a\u0648\u0637 <br \/>\u0627\u0644\u062a\u0631\u0643\u064a\u0628<\/h3>\n<p><a href=\"https:\/\/albatrosendustri.com\/ar\/urunlerimiz\/mekanik-tesisat\/basincli-hava-tesisati\/\">\u0645\u0631\u0627\u062c\u0639\u0629 \u0627\u0644\u0645\u0646\u062a\u062c<\/a><\/p>\n\t\t\t\t<img decoding=\"async\" src=\"https:\/\/albatrosendustri.com\/wp-content\/uploads\/2024\/08\/Adsiz-tasarim-6-3.png\" alt=\"Ads\u0131z tasar\u0131m (6)\" itemprop=\"image\" height=\"768\" width=\"768\" title=\"Ads\u0131z tasar\u0131m (6)\" onerror=\"this.style.display='none'\"  \/>\n\t<h3>\u0627\u0644\u0628\u062e\u0627\u0631<br \/> \u0627\u0644\u062a\u0631\u0643\u064a\u0628<\/h3>\n<p><a href=\"https:\/\/albatrosendustri.com\/ar\/urunlerimiz\/mekanik-tesisat\/buhar-tesisati\/\">\u0645\u0631\u0627\u062c\u0639\u0629 \u0627\u0644\u0645\u0646\u062a\u062c<\/a><\/p>\n\t\t\t\t<img decoding=\"async\" src=\"https:\/\/albatrosendustri.com\/wp-content\/uploads\/2024\/08\/Adsiz-tasarim-3-2.png\" alt=\"\u0627\u0644\u062d\u0632\u0627\u0645 \u0627\u0644\u0646\u0627\u0642\u0644 L\" itemprop=\"image\" height=\"768\" width=\"768\" title=\"Ads\u0131z tasar\u0131m (3)\" onerror=\"this.style.display='none'\"  \/>\n\t<h3 class=\" translation-block\">\u0623\u062d\u0632\u0645\u0629 \u0627\u0644\u0646\u0642\u0644<\/h3>\n<p><a href=\"https:\/\/albatrosendustri.com\/ar\/urunlerimiz\/tasima-bantlari\/\">\u0645\u0631\u0627\u062c\u0639\u0629 \u0627\u0644\u0645\u0646\u062a\u062c<\/a><\/p>\n\t\t\t\t<img decoding=\"async\" src=\"https:\/\/albatrosendustri.com\/wp-content\/uploads\/2024\/08\/Adsiz-tasarim-4-4.png\" alt=\"Ads\u0131z tasar\u0131m (4)\" itemprop=\"image\" height=\"768\" width=\"768\" title=\"Ads\u0131z tasar\u0131m (4)\" onerror=\"this.style.display='none'\"  \/>\n\t<h3>\u0632\u064a\u062a \u0633\u0627\u062e\u0646 <br \/>\u0627\u0644\u062a\u0631\u0643\u064a\u0628<\/h3>\n<p><a href=\"https:\/\/albatrosendustri.com\/ar\/urunlerimiz\/mekanik-tesisat\/kizgin-yag-tesisati\/\">\u0645\u0631\u0627\u062c\u0639\u0629 \u0627\u0644\u0645\u0646\u062a\u062c<\/a><\/p>\n\t\t\t\t<img decoding=\"async\" src=\"https:\/\/albatrosendustri.com\/wp-content\/uploads\/2024\/08\/Adsiz-tasarim-5-4.png\" alt=\"Ads\u0131z tasar\u0131m (5)\" itemprop=\"image\" height=\"768\" width=\"768\" title=\"Ads\u0131z tasar\u0131m (5)\" onerror=\"this.style.display='none'\"  \/>\n\t<h3>\u0645\u062e\u0632\u0648\u0646 \u0645\u0639 \u062e\u0644\u0627\u0637<br \/> \u0627\u0644\u062e\u0632\u0627\u0646<\/h3>\n<p><a href=\"https:\/\/albatrosendustri.com\/ar\/urunlerimiz\/gida-makineleri\/mikser\/\">\u0645\u0631\u0627\u062c\u0639\u0629 \u0627\u0644\u0645\u0646\u062a\u062c<\/a><\/p>\n\t\t\t\t<img decoding=\"async\" src=\"https:\/\/albatrosendustri.com\/wp-content\/uploads\/2024\/08\/Adsiz-tasarim-4-3.png\" alt=\"Ads\u0131z tasar\u0131m (4)\" itemprop=\"image\" height=\"768\" width=\"768\" title=\"Ads\u0131z tasar\u0131m (4)\" onerror=\"this.style.display='none'\"  \/>\n\t<h3>\u0622\u0644\u0629 \u0639\u062c\u0646 \u0639\u062c\u064a\u0646 \u0627\u0644\u062e\u0628\u0632<\/h3>\n<p><a href=\"https:\/\/albatrosendustri.com\/ar\/urunlerimiz\/gida-makineleri\/ekmek-hamuru-yogurma-makinesi\/\">\u0645\u0631\u0627\u062c\u0639\u0629 \u0627\u0644\u0645\u0646\u062a\u062c<\/a><\/p>\n<h2>\n\t\t\u0646\u0628\u0633\u0637 \u0623\u062c\u0646\u062d\u062a\u0646\u0627 \u0645\u0646 \u0623\u062c\u0644\u0643\n\t<\/h2>\n\t<p>\u0628\u0635\u0641\u062a\u0646\u0627 Albatros End\u00fcstri\u060c \u0646\u062d\u0646 \u0645\u0633\u062a\u0639\u062f\u0648\u0646 \u0644\u062a\u0648\u0633\u064a\u0639 \u0622\u0641\u0627\u0642 \u0639\u0645\u0644\u0643 \u0645\u0646 \u062e\u0644\u0627\u0644 \u0645\u062c\u0645\u0648\u0639\u062a\u0646\u0627 \u0627\u0644\u0648\u0627\u0633\u0639\u0629 \u0645\u0646 \u062d\u0644\u0648\u0644 \u0627\u0644\u062a\u0639\u0628\u0626\u0629 \u0648\u0627\u0644\u062a\u063a\u0644\u064a\u0641 \u0648\u0627\u0644\u062a\u0639\u0628\u0626\u0629. \u0648\u0628\u0641\u0636\u0644 \u0645\u0627\u0643\u064a\u0646\u0627\u062a\u0646\u0627 \u0627\u0644\u062a\u064a \u062a\u0639\u0643\u0633 \u0642\u0648\u0629 \u0648\u0645\u062a\u0627\u0646\u0629 \u0637\u0627\u0626\u0631 \u0627\u0644\u0628\u0627\u062a\u0631\u0648\u0633 \u0648\u0645\u062a\u0627\u0646\u062a\u0647\u060c \u0646\u0642\u062f\u0645 \u0627\u0644\u062d\u0644\u0648\u0644 \u0627\u0644\u0623\u0643\u062b\u0631 \u0643\u0641\u0627\u0621\u0629 \u0645\u0646 \u062e\u0644\u0627\u0644 \u062a\u062c\u0627\u0648\u0632 \u0627\u0644\u062d\u062f\u0648\u062f. \u0633\u0648\u0627\u0621\u064b \u0643\u0627\u0646\u062a \u062d\u0644\u0648\u0644\u0627\u064b \u0639\u0645\u0644\u064a\u0629 \u0644\u0645\u0634\u0627\u0631\u064a\u0639\u0643 \u0627\u0644\u0635\u063a\u064a\u0631\u0629 \u0623\u0648 \u062a\u0635\u0645\u064a\u0645\u0627\u062a \u062e\u0627\u0635\u0629 \u0644\u0644\u062a\u0637\u0628\u064a\u0642\u0627\u062a \u0627\u0644\u0635\u0646\u0627\u0639\u064a\u0629 \u0627\u0644\u0643\u0628\u064a\u0631\u0629\u060c \u0641\u0646\u062d\u0646 \u0647\u0646\u0627 \u0644\u0646\u0642\u062f\u0645 \u0644\u0643 \u0627\u0644\u0639\u0631\u0648\u0636 \u0627\u0644\u062a\u064a \u062a\u0646\u0627\u0633\u0628 \u0627\u062d\u062a\u064a\u0627\u062c\u0627\u062a\u0643.<\/p>\n<p><strong>\u0627\u0646\u0634\u0631 \u0627\u0644\u0623\u062c\u0646\u062d\u0629 \u0627\u0644\u0622\u0646,<\/strong> \u0648\u0627\u0645\u0644\u0623 \u0627\u0644\u0646\u0645\u0648\u0630\u062c \u0644\u062a\u0644\u0628\u064a\u0629 \u0627\u0644\u062d\u0644\u0648\u0644 \u0627\u0644\u0639\u0627\u0628\u0631\u0629 \u0644\u0644\u062d\u062f\u0648\u062f.<\/p>\n\t\t\t<a href=\"https:\/\/albatrosendustri.com\/ar\/teklif-al\/\" target=\"_self\">\n\t\t\t\t\t\t\t\u0625\u0646\u0634\u0627\u0621 \u0639\u0631\u0636\n\t\t\t<\/a>\n\t\t\t\t<img decoding=\"async\" src=\"https:\/\/albatrosendustri.com\/wp-content\/uploads\/2024\/08\/c.png\" alt=\"c\" itemprop=\"image\" height=\"600\" width=\"768\" title=\"c\" onerror=\"this.style.display='none'\"  \/>\n<h2>\n\t\tAlbatros&#8217;un \u0130zinde\n\t<\/h2>\n\t<p>Albatros \u0625\u0646\u062f\u0633\u062a\u0631\u064a\u060c \u0645\u062b\u0644 \u0637\u0627\u0626\u0631 \u0627\u0644\u0642\u0637\u0631\u0633 \u0627\u0644\u0630\u064a \u0623\u062e\u0630\u062a \u0645\u0646\u0647 \u0627\u0633\u0645\u0647\u0627\u060c \u0647\u064a \u0634\u0631\u0643\u0629 \u0631\u0627\u0626\u062f\u0629 \u062a\u0642\u062f\u0645 \u062d\u0644\u0648\u0644\u0627\u064b \u0635\u0646\u0627\u0639\u064a\u0629 \u0628\u0631\u0624\u064a\u062a\u0647\u0627 \u0627\u0644\u0648\u0627\u0633\u0639\u0629 \u0648\u0645\u062a\u0627\u0646\u062a\u0647\u0627. \u0646\u062d\u0646 \u0646\u062d\u062f\u062b \u0641\u0631\u0642\u064b\u0627 \u0641\u064a \u0642\u0637\u0627\u0639 \u0645\u0627\u0643\u064a\u0646\u0627\u062a \u0627\u0644\u062a\u0639\u0628\u0626\u0629 \u0648\u0627\u0644\u062a\u063a\u0644\u064a\u0641 \u0648\u0627\u0644\u062a\u063a\u0644\u064a\u0641 \u0628\u0645\u0646\u062a\u062c\u0627\u062a\u0646\u0627 \u0639\u0627\u0644\u064a\u0629 \u0627\u0644\u0623\u062f\u0627\u0621 \u0648\u0627\u0644\u0645\u0628\u062a\u0643\u0631\u0629. \u062a\u0633\u0627\u0639\u062f\u0643 \u0645\u062c\u0645\u0648\u0639\u0629 \u0645\u0646\u062a\u062c\u0627\u062a\u0646\u0627 \u0639\u0644\u0649 \u062a\u062d\u0633\u064a\u0646 \u0627\u0644\u0639\u0645\u0644\u064a\u0627\u062a \u0627\u0644\u062a\u062c\u0627\u0631\u064a\u0629 \u0645\u0646 \u062e\u0644\u0627\u0644 \u062a\u0642\u062f\u064a\u0645 \u062d\u0644\u0648\u0644 \u062d\u062f\u064a\u062b\u0629 \u0648\u0641\u0639\u0627\u0644\u0629 \u0644\u0645\u062e\u062a\u0644\u0641 \u0627\u0644\u0635\u0646\u0627\u0639\u0627\u062a.<\/p>\n\t\t\t<a href=\"https:\/\/albatrosendustri.com\/ar\/hakkimizda\/\" target=\"_self\">\n\t\t\t\t\t\t\t\u062a\u0639\u0631\u0651\u0641 \u0639\u0644\u064a\u0646\u0627\n\t\t\t<\/a>\n<h2>\n\t\t\u0627\u0644\u0623\u0633\u0626\u0644\u0629 \u0627\u0644\u0645\u062a\u062f\u0627\u0648\u0644\u0629\n\t<\/h2>\n\t<p>\u0644\u0643\u064a \u064a\u062a\u0645\u0643\u0646 \u0639\u0645\u0644\u0627\u0624\u0646\u0627 \u0627\u0644\u0643\u0631\u0627\u0645 \u0645\u0646 \u0627\u0644\u0627\u0633\u062a\u0641\u0627\u062f\u0629 \u0645\u0646 \u0648\u0642\u062a\u0647\u0645 \u0639\u0644\u0649 \u0623\u0641\u0636\u0644 \u0648\u062c\u0647\u060c \u0623\u0631\u062f\u0646\u0627 \u0623\u0646 \u0646\u062c\u064a\u0628 \u0647\u0646\u0627 \u0639\u0644\u0649 \u0627\u0644\u0623\u0633\u0626\u0644\u0629 \u0627\u0644\u0645\u062a\u062f\u0627\u0648\u0644\u0629.<\/p>\n\t\t\t\t\t\t\t\t\t\t<h4 tabindex=\"0\">\u0645\u0627 \u0647\u064a \u0627\u0644\u0642\u0637\u0627\u0639\u0627\u062a \u0627\u0644\u062a\u064a \u064a\u0645\u0643\u0646 \u0627\u0633\u062a\u062e\u062f\u0627\u0645 \u0622\u0644\u0627\u062a\u0643 \u0641\u064a\u0647\u0627\u061f<\/h4>\n\t\t\t\t\t<p>\u064a\u0645\u0643\u0646 \u0627\u0633\u062a\u062e\u062f\u0627\u0645 \u0622\u0644\u0627\u062a\u0646\u0627 \u0641\u064a \u0627\u0644\u0635\u0646\u0627\u0639\u0627\u062a \u0627\u0644\u063a\u0630\u0627\u0626\u064a\u0629 \u0648\u0645\u0633\u062a\u062d\u0636\u0631\u0627\u062a \u0627\u0644\u062a\u062c\u0645\u064a\u0644 \u0648\u0627\u0644\u0635\u0646\u0627\u0639\u0627\u062a \u0627\u0644\u0643\u064a\u0645\u064a\u0627\u0626\u064a\u0629 \u0648\u063a\u064a\u0631\u0647\u0627 \u0645\u0646 \u0627\u0644\u0635\u0646\u0627\u0639\u0627\u062a. \u062a\u0642\u062f\u0645 \u0645\u0646\u062a\u062c\u0627\u062a\u0646\u0627 \u062d\u0644\u0648\u0644\u0627\u064b \u0645\u062e\u0635\u0635\u0629 \u0648\u0639\u0627\u0644\u064a\u0629 \u0627\u0644\u0623\u062f\u0627\u0621 \u0648\u0641\u0642\u064b\u0627 \u0644\u0644\u0627\u062d\u062a\u064a\u0627\u062c\u0627\u062a \u0627\u0644\u0645\u062d\u062f\u062f\u0629 \u0644\u0643\u0644 \u0642\u0637\u0627\u0639.<\/p>\n\t\t\t\t\t\t\t\t\t\t<h4 tabindex=\"0\">\u0645\u0627 \u0647\u0648 \u0648\u0642\u062a \u062a\u0633\u0644\u064a\u0645 \u0645\u0646\u062a\u062c\u0627\u062a\u0643\u0645\u061f<\/h4>\n\t\t\t\t\t<p>\u0642\u062f \u064a\u062e\u062a\u0644\u0641 \u0648\u0642\u062a \u0627\u0644\u062a\u0633\u0644\u064a\u0645 \u062d\u0633\u0628 \u0646\u0648\u0639 \u0627\u0644\u0645\u0646\u062a\u062c \u0648\u062d\u062c\u0645 \u0627\u0644\u0637\u0644\u0628. \u0639\u0627\u062f\u0629\u060c \u064a\u062a\u0645 \u0627\u0644\u062a\u0633\u0644\u064a\u0645 \u0641\u064a \u063a\u0636\u0648\u0646 4-6 \u0623\u0633\u0627\u0628\u064a\u0639 \u0645\u0646 \u062a\u0623\u0643\u064a\u062f \u0637\u0644\u0628\u0643. \u0644\u0644\u062d\u0635\u0648\u0644 \u0639\u0644\u0649 \u0645\u0639\u0644\u0648\u0645\u0627\u062a \u062a\u0641\u0635\u064a\u0644\u064a\u0629\u060c \u064a\u0645\u0643\u0646\u0643 \u0627\u0644\u0627\u062a\u0635\u0627\u0644 \u0628\u0641\u0631\u064a\u0642 \u0627\u0644\u0645\u0628\u064a\u0639\u0627\u062a \u0644\u062f\u064a\u0646\u0627.<\/p>\n\t\t\t\t\t\t\t\t\t\t<h4 tabindex=\"0\">\u0645\u0627 \u0647\u064a \u0641\u062a\u0631\u0629 \u0636\u0645\u0627\u0646 \u0623\u062c\u0647\u0632\u062a\u0643\u0645\u061f<\/h4>\n\t\t\t\t\t<p>\u062c\u0645\u064a\u0639 \u0623\u062c\u0647\u0632\u062a\u0646\u0627 \u0645\u063a\u0637\u0627\u0629 \u0628\u0636\u0645\u0627\u0646 \u0644\u0645\u062f\u0629 \u0633\u0646\u0629 \u0648\u0627\u062d\u062f\u0629 \u0645\u0646 \u062a\u0627\u0631\u064a\u062e \u0627\u0644\u0634\u0631\u0627\u0621. \u062e\u0644\u0627\u0644 \u0641\u062a\u0631\u0629 \u0627\u0644\u0636\u0645\u0627\u0646\u060c \u064a\u0645\u0643\u0646\u0643 \u0627\u0644\u0627\u062a\u0635\u0627\u0644 \u0628\u0641\u0631\u064a\u0642 \u0627\u0644\u062f\u0639\u0645 \u0644\u062f\u064a\u0646\u0627 \u0625\u0630\u0627 \u0648\u0627\u062c\u0647\u062a\u0643 \u0623\u064a \u0645\u0634\u0627\u0643\u0644 \u0645\u0639 \u0645\u0646\u062a\u062c\u0627\u062a\u0646\u0627.<\/p>\n\t\t\t\t\t\t\t\t\t\t<h4 tabindex=\"0\">\u0647\u0644 \u062a\u0646\u062a\u062c \u0645\u0627\u0643\u064a\u0646\u0627\u062a \u0645\u062e\u0635\u0635\u0629 \u062d\u0633\u0628 \u0627\u0644\u0637\u0644\u0628\u061f<\/h4>\n\t\t\t\t\t<p>\u0646\u0639\u0645\u060c \u0646\u062d\u0646 \u0646\u0642\u062f\u0645 \u0627\u0644\u0645\u0631\u0648\u0646\u0629 \u0627\u0644\u0644\u0627\u0632\u0645\u0629 \u0644\u0625\u0646\u062a\u0627\u062c \u0645\u0627\u0643\u064a\u0646\u0627\u062a \u0645\u062e\u0635\u0635\u0629 \u0648\u0641\u0642\u064b\u0627 \u0644\u0627\u062d\u062a\u064a\u0627\u062c\u0627\u062a\u0643 \u0648\u0645\u062a\u0637\u0644\u0628\u0627\u062a\u0643 \u0627\u0644\u062e\u0627\u0635\u0629. \u064a\u0645\u0643\u0646\u0643 \u0627\u0644\u0627\u062a\u0635\u0627\u0644 \u0628\u0646\u0627 \u0644\u062a\u0641\u0635\u064a\u0644 \u0627\u062d\u062a\u064a\u0627\u062c\u0627\u062a\u0643 \u0648\u0627\u0644\u062d\u0635\u0648\u0644 \u0639\u0644\u0649 \u062d\u0644\u0648\u0644 \u0645\u062e\u0635\u0635\u0629 \u062a\u0646\u0627\u0633\u0628 \u0645\u062a\u0637\u0644\u0628\u0627\u062a \u0645\u0634\u0631\u0648\u0639\u0643.<\/p>\n\t\t\t\t\t\t\t\t\t\t<h4 tabindex=\"0\">\u0645\u0627 \u0647\u064a \u0633\u0639\u0629 \u0627\u0644\u0645\u0627\u0643\u064a\u0646\u0627\u062a \u0644\u062f\u064a\u0643\u061f<\/h4>\n<p>\u062a\u062e\u062a\u0644\u0641 \u0645\u0627\u0643\u064a\u0646\u0627\u062a\u0646\u0627 \u062d\u0633\u0628 \u0627\u0644\u0637\u0631\u0627\u0632 \u0648\u0627\u0644\u0637\u0644\u0628. \u0646\u062d\u0646 \u0646\u0642\u062f\u0645 \u062e\u064a\u0627\u0631\u0627\u062a \u0633\u0639\u0629 \u0645\u0646\u0627\u0633\u0628\u0629 \u0644\u0627\u062d\u062a\u064a\u0627\u062c\u0627\u062a\u0643.<\/p>\n\t\t\t<a href=\"https:\/\/albatrosendustri.com\/ar\/iletisim\/\" target=\"_self\">\n\t\t\t\t\t\t\t\u0647\u0644 \u0644\u062f\u064a\u0643 \u0623\u064a \u0623\u0633\u0626\u0644\u0629 \u0623\u062e\u0631\u0649\u061f\n\t\t\t<\/a>","protected":false},"excerpt":{"rendered":"<p>\u00dcr\u00fcnlerimiz Albatros End\u00fcstri olarak, end\u00fcstriyel [&hellip;]<\/p>","protected":false},"author":3,"featured_media":0,"parent":0,"menu_order":0,"comment_status":"closed","ping_status":"closed","template":"","meta":{"site-sidebar-layout":"no-sidebar","site-content-layout":"page-builder","ast-site-content-layout":"full-width-container","site-content-style":"unboxed","site-sidebar-style":"unboxed","ast-global-header-display":"","ast-banner-title-visibility":"","ast-main-header-display":"","ast-hfb-above-header-display":"","ast-hfb-below-header-display":"","ast-hfb-mobile-header-display":"","site-post-title":"disabled","ast-breadcrumbs-content":"","ast-featured-img":"disabled","footer-sml-layout":"","theme-transparent-header-meta":"default","adv-header-id-meta":"","stick-header-meta":"","header-above-stick-meta":"","header-main-stick-meta":"","header-below-stick-meta":"","astra-migrate-meta-layouts":"set","ast-page-background-enabled":"default","ast-page-background-meta":{"desktop":{"background-color":"","background-image":"","background-repeat":"repeat","background-position":"center center","background-size":"auto","background-attachment":"scroll","background-type":"","background-media":"","overlay-type":"","overlay-color":"","overlay-opacity":"","overlay-gradient":""},"tablet":{"background-color":"","background-image":"","background-repeat":"repeat","background-position":"center center","background-size":"auto","background-attachment":"scroll","background-type":"","background-media":"","overlay-type":"","overlay-color":"","overlay-opacity":"","overlay-gradient":""},"mobile":{"background-color":"","background-image":"","background-repeat":"repeat","background-position":"center center","background-size":"auto","background-attachment":"scroll","background-type":"","background-media":"","overlay-type":"","overlay-color":"","overlay-opacity":"","overlay-gradient":""}},"ast-content-background-meta":{"desktop":{"background-color":"var(--ast-global-color-5)","background-image":"","background-repeat":"repeat","background-position":"center center","background-size":"auto","background-attachment":"scroll","background-type":"","background-media":"","overlay-type":"","overlay-color":"","overlay-opacity":"","overlay-gradient":""},"tablet":{"background-color":"var(--ast-global-color-5)","background-image":"","background-repeat":"repeat","background-position":"center center","background-size":"auto","background-attachment":"scroll","background-type":"","background-media":"","overlay-type":"","overlay-color":"","overlay-opacity":"","overlay-gradient":""},"mobile":{"background-color":"var(--ast-global-color-5)","background-image":"","background-repeat":"repeat","background-position":"center center","background-size":"auto","background-attachment":"scroll","background-type":"","background-media":"","overlay-type":"","overlay-color":"","overlay-opacity":"","overlay-gradient":""}},"footnotes":""},"class_list":["post-632","page","type-page","status-publish","hentry"],"_links":{"self":[{"href":"https:\/\/albatrosendustri.com\/ar\/wp-json\/wp\/v2\/pages\/632","targetHints":{"allow":["GET"]}}],"collection":[{"href":"https:\/\/albatrosendustri.com\/ar\/wp-json\/wp\/v2\/pages"}],"about":[{"href":"https:\/\/albatrosendustri.com\/ar\/wp-json\/wp\/v2\/types\/page"}],"author":[{"embeddable":true,"href":"https:\/\/albatrosendustri.com\/ar\/wp-json\/wp\/v2\/users\/3"}],"replies":[{"embeddable":true,"href":"https:\/\/albatrosendustri.com\/ar\/wp-json\/wp\/v2\/comments?post=632"}],"version-history":[{"count":2,"href":"https:\/\/albatrosendustri.com\/ar\/wp-json\/wp\/v2\/pages\/632\/revisions"}],"predecessor-version":[{"id":5395,"href":"https:\/\/albatrosendustri.com\/ar\/wp-json\/wp\/v2\/pages\/632\/revisions\/5395"}],"wp:attachment":[{"href":"https:\/\/albatrosendustri.com\/ar\/wp-json\/wp\/v2\/media?parent=632"}],"curies":[{"name":"wp","href":"https:\/\/api.w.org\/{rel}","templated":true}]}}