{"id":5180,"date":"2024-08-20T17:06:42","date_gmt":"2024-08-20T14:06:42","guid":{"rendered":"https:\/\/albatrosendustri.com\/?page_id=5180"},"modified":"2024-09-02T10:13:33","modified_gmt":"2024-09-02T07:13:33","slug":"kizgin-yag-tesisati","status":"publish","type":"page","link":"https:\/\/albatrosendustri.com\/ar\/urunlerimiz\/mekanik-tesisat\/kizgin-yag-tesisati\/","title":{"rendered":"\u062a\u0631\u0643\u064a\u0628 \u0627\u0644\u0632\u064a\u062a \u0627\u0644\u0633\u0627\u062e\u0646"},"content":{"rendered":"<h2>\n\t\t\u062a\u0631\u0643\u064a\u0628 \u0627\u0644\u0632\u064a\u062a \u0627\u0644\u0633\u0627\u062e\u0646\n\t<\/h2>\n\t<div class=\"ast-breadcrumbs-wrapper\">\r\n\t\t\t<div class=\"ast-breadcrumbs-inner\"><nav role=\"navigation\" aria-label=\"Breadcrumbs\" class=\"breadcrumb-trail breadcrumbs\" ><div class=\"ast-breadcrumbs\"><ul class=\"trail-items\" ><li  class=\"trail-item trail-end\"><span><a href=\"https:\/\/albatrosendustri.com\/ar\/\" rel=\"home\"><span >\u0627\u0644\u0631\u0626\u064a\u0633\u064a\u0629<\/span><\/a><\/span><\/li><\/ul><\/div><\/nav><\/div>\r\n\t\t<\/div>\n\t<h3>\n\t\t\t\t\u062a\u0631\u0643\u064a\u0628 \u0627\u0644\u0632\u064a\u062a \u0627\u0644\u0633\u0627\u062e\u0646\n\t\t\t<\/h3>\n\t\t<p><strong>\u062a\u0631\u0643\u064a\u0628 \u0627\u0644\u0632\u064a\u062a \u0627\u0644\u0633\u0627\u062e\u0646<\/strong> \u062a\u0645 \u062a\u0635\u0645\u064a\u0645 \u0623\u0646\u0638\u0645\u062a\u0647\u0627 \u0644\u062a\u0648\u0641\u064a\u0631 \u0646\u0642\u0644 \u062d\u0631\u0627\u0631\u064a \u0645\u0648\u062b\u0648\u0642 \u0648\u0641\u0639\u0627\u0644 \u0641\u064a \u062f\u0631\u062c\u0627\u062a \u062d\u0631\u0627\u0631\u0629 \u0639\u0627\u0644\u064a\u0629. \u0625\u0646\u0647 \u064a\u0648\u0641\u0631 \u062d\u0644 \u062a\u0633\u062e\u064a\u0646 \u0645\u0633\u062a\u0642\u0631 \u0648\u0622\u0645\u0646 \u0644\u0639\u0645\u0644\u064a\u0627\u062a\u0643 \u0627\u0644\u0635\u0646\u0627\u0639\u064a\u0629.<\/p>\t\n\t<table border=\"1\" cellspacing=\"1\" cellpadding=\"1\">\n<tbody>\n<tr>\n<td><strong>\u0645\u0642\u0627\u0648\u0645\u0629 \u062f\u0631\u062c\u0627\u062a \u0627\u0644\u062d\u0631\u0627\u0631\u0629 \u0627\u0644\u0639\u0627\u0644\u064a\u0629:<\/strong> \u064a\u062a\u0645 \u062a\u0635\u0646\u064a\u0639\u0647\u0627 \u0628\u0645\u0648\u0627\u062f \u0645\u062a\u064a\u0646\u0629 \u062a\u0648\u0641\u0631 \u0623\u062f\u0627\u0621 \u0645\u0645\u062a\u0627\u0632\u0627 \u0641\u064a \u062f\u0631\u062c\u0627\u062a \u0627\u0644\u062d\u0631\u0627\u0631\u0629 \u0627\u0644\u0639\u0627\u0644\u064a\u0629.<\/td>\n<\/tr>\n<tr>\n<td><strong>\u0646\u0642\u0644 \u0627\u0644\u062d\u0631\u0627\u0631\u0629 \u0628\u0643\u0641\u0627\u0621\u0629:<\/strong> \u064a\u0632\u064a\u062f \u0645\u0646 \u0643\u0641\u0627\u0621\u0629 \u0627\u0644\u0637\u0627\u0642\u0629 \u0645\u0646 \u062e\u0644\u0627\u0644 \u062a\u0648\u0641\u064a\u0631 \u0646\u0642\u0644 \u0627\u0644\u062d\u0631\u0627\u0631\u0629 \u0627\u0644\u0623\u0645\u062b\u0644 \u0641\u064a \u0623\u0646\u0638\u0645\u0629 \u0627\u0644\u0632\u064a\u062a \u0627\u0644\u0633\u0627\u062e\u0646.<\/td>\n<\/tr>\n<tr>\n<td><strong>\u0627\u0644\u0633\u0644\u0627\u0645\u0629 \u0648\u0627\u0644\u0645\u0648\u062b\u0648\u0642\u064a\u0629:<\/strong> \u064a\u0648\u0641\u0631 \u0627\u0644\u0623\u0645\u0646 \u0627\u0644\u062a\u0634\u063a\u064a\u0644\u064a \u0628\u0647\u064a\u0643\u0644\u0647 \u0627\u0644\u0645\u062e\u062a\u0648\u0645 \u0648\u0645\u0639\u0627\u064a\u064a\u0631 \u0627\u0644\u0633\u0644\u0627\u0645\u0629 \u0627\u0644\u0639\u0627\u0644\u064a\u0629.<\/td>\n<\/tr>\n<tr>\n<td><strong>\u062d\u0644\u0648\u0644 \u0642\u0627\u0628\u0644\u0629 \u0644\u0644\u062a\u062e\u0635\u064a\u0635:<\/strong> \u0627\u0646\u0647\u0627 \u062a\u062a\u0643\u064a\u0641 \u062a\u0645\u0627\u0645\u0627 \u0645\u0639 \u0627\u0644\u0627\u062d\u062a\u064a\u0627\u062c\u0627\u062a \u0627\u0644\u0635\u0646\u0627\u0639\u064a\u0629 \u0627\u0644\u062e\u0627\u0635\u0629 \u0628\u0643 \u0645\u0646 \u062e\u0644\u0627\u0644 \u062a\u0642\u062f\u064a\u0645 \u0645\u062e\u062a\u0644\u0641 \u0627\u0644\u0642\u062f\u0631\u0627\u062a \u0648\u062e\u064a\u0627\u0631\u0627\u062a \u0627\u0644\u062a\u0635\u0645\u064a\u0645 \u0645\u0646\u0627\u0633\u0628\u0629 \u0644\u0627\u062d\u062a\u064a\u0627\u062c\u0627\u062a\u0643.<\/td>\n<\/tr>\n<\/tbody>\n<\/table>\n\t<p><strong>\u0645\u0646\u0634\u0622\u062a \u0627\u0644\u0632\u064a\u062a \u0627\u0644\u0633\u0627\u062e\u0646 \u0644\u062f\u064a\u0646\u0627<\/strong> \u064a\u0645\u0643\u0646\u0643 \u0627\u0644\u0627\u062a\u0635\u0627\u0644 \u0628\u0646\u0627 \u0644\u0644\u062d\u0635\u0648\u0644 \u0639\u0644\u0649 \u0645\u0632\u064a\u062f \u0645\u0646 \u0627\u0644\u0645\u0639\u0644\u0648\u0645\u0627\u062a \u062d\u0648\u0644 \u0647\u0630\u0627 \u0627\u0644\u0645\u0648\u0636\u0648\u0639.<\/p>","protected":false},"excerpt":{"rendered":"<p>K\u0131zg\u0131n Ya\u011f Tesisat\u0131 K\u0131zg\u0131n Ya\u011f [&hellip;]<\/p>","protected":false},"author":11,"featured_media":0,"parent":5176,"menu_order":0,"comment_status":"closed","ping_status":"closed","template":"","meta":{"site-sidebar-layout":"no-sidebar","site-content-layout":"page-builder","ast-site-content-layout":"full-width-container","site-content-style":"unboxed","site-sidebar-style":"unboxed","ast-global-header-display":"","ast-banner-title-visibility":"","ast-main-header-display":"","ast-hfb-above-header-display":"","ast-hfb-below-header-display":"","ast-hfb-mobile-header-display":"","site-post-title":"disabled","ast-breadcrumbs-content":"","ast-featured-img":"disabled","footer-sml-layout":"","theme-transparent-header-meta":"disabled","adv-header-id-meta":"","stick-header-meta":"disabled","header-above-stick-meta":"","header-main-stick-meta":"","header-below-stick-meta":"","astra-migrate-meta-layouts":"set","ast-page-background-enabled":"default","ast-page-background-meta":{"desktop":{"background-color":"","background-image":"","background-repeat":"repeat","background-position":"center center","background-size":"auto","background-attachment":"scroll","background-type":"","background-media":"","overlay-type":"","overlay-color":"","overlay-opacity":"","overlay-gradient":""},"tablet":{"background-color":"","background-image":"","background-repeat":"repeat","background-position":"center center","background-size":"auto","background-attachment":"scroll","background-type":"","background-media":"","overlay-type":"","overlay-color":"","overlay-opacity":"","overlay-gradient":""},"mobile":{"background-color":"","background-image":"","background-repeat":"repeat","background-position":"center center","background-size":"auto","background-attachment":"scroll","background-type":"","background-media":"","overlay-type":"","overlay-color":"","overlay-opacity":"","overlay-gradient":""}},"ast-content-background-meta":{"desktop":{"background-color":"var(--ast-global-color-5)","background-image":"","background-repeat":"repeat","background-position":"center center","background-size":"auto","background-attachment":"scroll","background-type":"","background-media":"","overlay-type":"","overlay-color":"","overlay-opacity":"","overlay-gradient":""},"tablet":{"background-color":"var(--ast-global-color-5)","background-image":"","background-repeat":"repeat","background-position":"center center","background-size":"auto","background-attachment":"scroll","background-type":"","background-media":"","overlay-type":"","overlay-color":"","overlay-opacity":"","overlay-gradient":""},"mobile":{"background-color":"var(--ast-global-color-5)","background-image":"","background-repeat":"repeat","background-position":"center center","background-size":"auto","background-attachment":"scroll","background-type":"","background-media":"","overlay-type":"","overlay-color":"","overlay-opacity":"","overlay-gradient":""}},"footnotes":""},"class_list":["post-5180","page","type-page","status-publish","hentry"],"_links":{"self":[{"href":"https:\/\/albatrosendustri.com\/ar\/wp-json\/wp\/v2\/pages\/5180","targetHints":{"allow":["GET"]}}],"collection":[{"href":"https:\/\/albatrosendustri.com\/ar\/wp-json\/wp\/v2\/pages"}],"about":[{"href":"https:\/\/albatrosendustri.com\/ar\/wp-json\/wp\/v2\/types\/page"}],"author":[{"embeddable":true,"href":"https:\/\/albatrosendustri.com\/ar\/wp-json\/wp\/v2\/users\/11"}],"replies":[{"embeddable":true,"href":"https:\/\/albatrosendustri.com\/ar\/wp-json\/wp\/v2\/comments?post=5180"}],"version-history":[{"count":0,"href":"https:\/\/albatrosendustri.com\/ar\/wp-json\/wp\/v2\/pages\/5180\/revisions"}],"up":[{"embeddable":true,"href":"https:\/\/albatrosendustri.com\/ar\/wp-json\/wp\/v2\/pages\/5176"}],"wp:attachment":[{"href":"https:\/\/albatrosendustri.com\/ar\/wp-json\/wp\/v2\/media?parent=5180"}],"curies":[{"name":"wp","href":"https:\/\/api.w.org\/{rel}","templated":true}]}}