{"id":4998,"date":"2024-08-19T14:47:01","date_gmt":"2024-08-19T11:47:01","guid":{"rendered":"https:\/\/albatrosendustri.com\/?page_id=4998"},"modified":"2024-09-27T10:16:30","modified_gmt":"2024-09-27T07:16:30","slug":"bunker","status":"publish","type":"page","link":"https:\/\/albatrosendustri.com\/ar\/urunlerimiz\/gida-makineleri\/bunker\/","title":{"rendered":"\u0645\u062e\u0628\u0623"},"content":{"rendered":"<h2>\n\t\t\u0645\u062e\u0628\u0623\n\t<\/h2>\n\t<div class=\"ast-breadcrumbs-wrapper\">\r\n\t\t\t<div class=\"ast-breadcrumbs-inner\"><nav role=\"navigation\" aria-label=\"Breadcrumbs\" class=\"breadcrumb-trail breadcrumbs\" ><div class=\"ast-breadcrumbs\"><ul class=\"trail-items\" ><li  class=\"trail-item trail-end\"><span><a href=\"https:\/\/albatrosendustri.com\/ar\/\" rel=\"home\"><span >\u0627\u0644\u0631\u0626\u064a\u0633\u064a\u0629<\/span><\/a><\/span><\/li><\/ul><\/div><\/nav><\/div>\r\n\t\t<\/div>\n\t<h3>\n\t\t\t\t\u0622\u0644\u0629 \u0627\u0644\u0642\u0628\u0648\n\t\t\t<\/h3>\n\t\t<p>Albatros End\u00fcstri&#8217;nin Bunker Makinesi, g\u0131da i\u015fleme s\u00fcre\u00e7lerinizde malzemelerin g\u00fcvenli ve verimli bir \u015fekilde depolanmas\u0131 ve ta\u015f\u0131nmas\u0131 i\u00e7in tasarlanm\u0131\u015ft\u0131r. Geni\u015f kapasiteli bunker sistemi, \u00f6zellikle hammadde ak\u0131\u015f\u0131n\u0131n kesintisiz devam etmesi gereken \u00fcretim hatlar\u0131nda \u00f6nemli bir rol oynar. Bunker makinemiz, dayan\u0131kl\u0131 yap\u0131s\u0131 ve hijyenik tasar\u0131m\u0131 ile g\u0131da sekt\u00f6r\u00fcn\u00fcn ihtiya\u00e7lar\u0131na m\u00fckemmel \u015fekilde uyum sa\u011flar.<\/p>\t\n\t<table border=\"1\" cellspacing=\"1\" cellpadding=\"1\">\n<tbody>\n<tr>\n<td><strong>\u0642\u062f\u0631\u0629 \u0639\u0627\u0644\u064a\u0629:<\/strong> \u0628\u0641\u0636\u0644 \u062d\u062c\u0645 \u0627\u0644\u062a\u062e\u0632\u064a\u0646 \u0627\u0644\u0643\u0628\u064a\u0631 \u060c \u064a\u0645\u0643\u0646\u0647\u0627 \u062a\u062e\u0632\u064a\u0646 \u0648\u0646\u0642\u0644 \u0643\u0645\u064a\u0627\u062a \u0643\u0628\u064a\u0631\u0629 \u0645\u0646 \u0627\u0644\u0645\u0648\u0627\u062f \u0628\u0623\u0645\u0627\u0646.<\/td>\n<\/tr>\n<tr>\n<td><strong>\u062a\u062f\u0641\u0642 \u0641\u0639\u0627\u0644:<\/strong> \u0625\u0646\u0647 \u064a\u0648\u0641\u0631 \u0643\u0641\u0627\u0621\u0629 \u0639\u0627\u0644\u064a\u0629 \u0641\u064a \u0639\u0645\u0644\u064a\u0629 \u0627\u0644\u0625\u0646\u062a\u0627\u062c \u0645\u0646 \u062e\u0644\u0627\u0644 \u0636\u0645\u0627\u0646 \u062a\u0648\u062c\u064a\u0647 \u0627\u0644\u0645\u0646\u062a\u062c\u0627\u062a \u0625\u0644\u0649 \u062e\u0637 \u0627\u0644\u0645\u0639\u0627\u0644\u062c\u0629 \u062f\u0648\u0646 \u0627\u0646\u0642\u0637\u0627\u0639.<\/td>\n<\/tr>\n<tr>\n<td><strong>\u062a\u0635\u0645\u064a\u0645 \u0635\u062d\u064a:<\/strong> \u0648\u0647\u064a \u0645\u0635\u0646\u0648\u0639\u0629 \u0645\u0646 \u0645\u0627\u062f\u0629 \u0627\u0644\u0641\u0648\u0644\u0627\u0630 \u0627\u0644\u0645\u0642\u0627\u0648\u0645 \u0644\u0644\u0635\u062f\u0623 \u0648\u0644\u0647\u0627 \u0623\u0633\u0637\u062d \u0633\u0647\u0644\u0629 \u0627\u0644\u062a\u0646\u0638\u064a\u0641 \u0644\u0636\u0645\u0627\u0646 \u0633\u0644\u0627\u0645\u0629 \u0627\u0644\u0623\u063a\u0630\u064a\u0629.<\/td>\n<\/tr>\n<tr>\n<td><strong>\u062f\u0627\u0626\u0645 \u0648\u0637\u0648\u064a\u0644\u0629 \u0627\u0644\u0623\u0645\u062f:<\/strong> \u0645\u0635\u0645\u0645 \u0644\u062a\u062d\u0645\u0644 \u0638\u0631\u0648\u0641 \u0627\u0644\u0639\u0645\u0644 \u0627\u0644\u0642\u0627\u0633\u064a\u0629 \u060c \u0648\u064a\u0648\u0641\u0631 \u0627\u0633\u062a\u062e\u062f\u0627\u0645\u0627 \u0637\u0648\u064a\u0644 \u0627\u0644\u0623\u0645\u062f.<\/td>\n<\/tr>\n<tr>\n<td><strong>\u0627\u0633\u062a\u062e\u062f\u0627\u0645 \u0645\u0631\u0646:<\/strong> \u064a\u0645\u0643\u0646 \u062a\u0643\u064a\u064a\u0641\u0647 \u0645\u0639 \u062e\u0637\u0648\u0637 \u0627\u0644\u0625\u0646\u062a\u0627\u062c \u0648\u0623\u0646\u0648\u0627\u0639 \u0627\u0644\u0645\u0648\u0627\u062f \u0627\u0644\u0645\u062e\u062a\u0644\u0641\u0629 \u060c \u0645\u0645\u0627 \u064a\u062c\u0639\u0644\u0647 \u062d\u0644\u0627 \u0645\u062b\u0627\u0644\u064a\u0627 \u0641\u064a \u0639\u0645\u0644\u064a\u0627\u062a \u0645\u0639\u0627\u0644\u062c\u0629 \u0627\u0644\u0623\u063a\u0630\u064a\u0629 \u0627\u0644\u0645\u062e\u062a\u0644\u0641\u0629.<\/td>\n<\/tr>\n<\/tbody>\n<\/table>\n\t<p><strong>\u0644\u062f\u064a\u0646\u0627 \u0622\u0644\u0629 \u0627\u0644\u0642\u0628\u0648<\/strong>\u060c \u064a\u0642\u062f\u0645 \u0627\u0644\u062d\u0644 \u0627\u0644\u0623\u0645\u062b\u0644 \u0644\u062c\u0639\u0644 \u0639\u0645\u0644\u064a\u0627\u062a \u0625\u0646\u062a\u0627\u062c \u0627\u0644\u063a\u0630\u0627\u0621 \u0623\u0643\u062b\u0631 \u0643\u0641\u0627\u0621\u0629 \u0648\u0623\u0645\u0627\u0646\u0627 \u0648\u062e\u0627\u0644\u064a\u0629 \u0645\u0646 \u0627\u0644\u0645\u062a\u0627\u0639\u0628. \u064a\u0645\u0643\u0646\u0643 \u0627\u0644\u0627\u062a\u0635\u0627\u0644 \u0628\u0646\u0627 \u0644\u0644\u062d\u0635\u0648\u0644 \u0639\u0644\u0649 \u0645\u0632\u064a\u062f \u0645\u0646 \u0627\u0644\u0645\u0639\u0644\u0648\u0645\u0627\u062a.<\/p>","protected":false},"excerpt":{"rendered":"<p>Bunker Makinesi Albatros End\u00fcstri&#8217;nin Bunker [&hellip;]<\/p>","protected":false},"author":11,"featured_media":0,"parent":4987,"menu_order":0,"comment_status":"closed","ping_status":"closed","template":"","meta":{"site-sidebar-layout":"no-sidebar","site-content-layout":"page-builder","ast-site-content-layout":"full-width-container","site-content-style":"unboxed","site-sidebar-style":"unboxed","ast-global-header-display":"","ast-banner-title-visibility":"","ast-main-header-display":"","ast-hfb-above-header-display":"","ast-hfb-below-header-display":"","ast-hfb-mobile-header-display":"","site-post-title":"disabled","ast-breadcrumbs-content":"","ast-featured-img":"disabled","footer-sml-layout":"","theme-transparent-header-meta":"disabled","adv-header-id-meta":"","stick-header-meta":"disabled","header-above-stick-meta":"","header-main-stick-meta":"","header-below-stick-meta":"","astra-migrate-meta-layouts":"set","ast-page-background-enabled":"default","ast-page-background-meta":{"desktop":{"background-color":"","background-image":"","background-repeat":"repeat","background-position":"center center","background-size":"auto","background-attachment":"scroll","background-type":"","background-media":"","overlay-type":"","overlay-color":"","overlay-opacity":"","overlay-gradient":""},"tablet":{"background-color":"","background-image":"","background-repeat":"repeat","background-position":"center center","background-size":"auto","background-attachment":"scroll","background-type":"","background-media":"","overlay-type":"","overlay-color":"","overlay-opacity":"","overlay-gradient":""},"mobile":{"background-color":"","background-image":"","background-repeat":"repeat","background-position":"center center","background-size":"auto","background-attachment":"scroll","background-type":"","background-media":"","overlay-type":"","overlay-color":"","overlay-opacity":"","overlay-gradient":""}},"ast-content-background-meta":{"desktop":{"background-color":"var(--ast-global-color-5)","background-image":"","background-repeat":"repeat","background-position":"center center","background-size":"auto","background-attachment":"scroll","background-type":"","background-media":"","overlay-type":"","overlay-color":"","overlay-opacity":"","overlay-gradient":""},"tablet":{"background-color":"var(--ast-global-color-5)","background-image":"","background-repeat":"repeat","background-position":"center center","background-size":"auto","background-attachment":"scroll","background-type":"","background-media":"","overlay-type":"","overlay-color":"","overlay-opacity":"","overlay-gradient":""},"mobile":{"background-color":"var(--ast-global-color-5)","background-image":"","background-repeat":"repeat","background-position":"center center","background-size":"auto","background-attachment":"scroll","background-type":"","background-media":"","overlay-type":"","overlay-color":"","overlay-opacity":"","overlay-gradient":""}},"footnotes":""},"class_list":["post-4998","page","type-page","status-publish","hentry"],"_links":{"self":[{"href":"https:\/\/albatrosendustri.com\/ar\/wp-json\/wp\/v2\/pages\/4998","targetHints":{"allow":["GET"]}}],"collection":[{"href":"https:\/\/albatrosendustri.com\/ar\/wp-json\/wp\/v2\/pages"}],"about":[{"href":"https:\/\/albatrosendustri.com\/ar\/wp-json\/wp\/v2\/types\/page"}],"author":[{"embeddable":true,"href":"https:\/\/albatrosendustri.com\/ar\/wp-json\/wp\/v2\/users\/11"}],"replies":[{"embeddable":true,"href":"https:\/\/albatrosendustri.com\/ar\/wp-json\/wp\/v2\/comments?post=4998"}],"version-history":[{"count":1,"href":"https:\/\/albatrosendustri.com\/ar\/wp-json\/wp\/v2\/pages\/4998\/revisions"}],"predecessor-version":[{"id":5376,"href":"https:\/\/albatrosendustri.com\/ar\/wp-json\/wp\/v2\/pages\/4998\/revisions\/5376"}],"up":[{"embeddable":true,"href":"https:\/\/albatrosendustri.com\/ar\/wp-json\/wp\/v2\/pages\/4987"}],"wp:attachment":[{"href":"https:\/\/albatrosendustri.com\/ar\/wp-json\/wp\/v2\/media?parent=4998"}],"curies":[{"name":"wp","href":"https:\/\/api.w.org\/{rel}","templated":true}]}}