{"id":4987,"date":"2024-08-19T14:09:41","date_gmt":"2024-08-19T11:09:41","guid":{"rendered":"https:\/\/albatrosendustri.com\/?page_id=4987"},"modified":"2025-01-31T11:33:46","modified_gmt":"2025-01-31T08:33:46","slug":"gida-makineleri","status":"publish","type":"page","link":"https:\/\/albatrosendustri.com\/ar\/urunlerimiz\/gida-makineleri\/","title":{"rendered":"\u0627\u0644\u0645\u0627\u0643\u064a\u0646\u0627\u062a \u0627\u0644\u063a\u0630\u0627\u0626\u064a\u0629"},"content":{"rendered":"<h2>\n\t\t\u0627\u0644\u0645\u0627\u0643\u064a\u0646\u0627\u062a \u0627\u0644\u063a\u0630\u0627\u0626\u064a\u0629\n\t<\/h2>\n\t<div class=\"ast-breadcrumbs-wrapper\">\r\n\t\t\t<div class=\"ast-breadcrumbs-inner\"><nav role=\"navigation\" aria-label=\"Breadcrumbs\" class=\"breadcrumb-trail breadcrumbs\" ><div class=\"ast-breadcrumbs\"><ul class=\"trail-items\" ><li  class=\"trail-item trail-end\"><span><a href=\"https:\/\/albatrosendustri.com\/ar\/\" rel=\"home\"><span >\u0627\u0644\u0631\u0626\u064a\u0633\u064a\u0629<\/span><\/a><\/span><\/li><\/ul><\/div><\/nav><\/div>\r\n\t\t<\/div>\n\t<p><strong>Albatros End\u00fcstri,<\/strong> \u062a\u0642\u062f\u0645 \u0622\u0644\u0627\u062a \u063a\u0630\u0627\u0626\u064a\u0629 \u0639\u0627\u0644\u064a\u0629 \u0627\u0644\u062c\u0648\u062f\u0629 \u0645\u0646 \u0634\u0623\u0646\u0647\u0627 \u062a\u062d\u0633\u064a\u0646 \u0639\u0645\u0644\u064a\u0627\u062a \u062a\u062c\u0647\u064a\u0632 \u0627\u0644\u0623\u063a\u0630\u064a\u0629 \u0627\u0644\u062e\u0627\u0635\u0629 \u0628\u0643. \u062a\u0645 \u062a\u0635\u0645\u064a\u0645 \u0645\u062c\u0645\u0648\u0639\u0629 \u0648\u0627\u0633\u0639\u0629 \u0645\u0646 \u0645\u0646\u062a\u062c\u0627\u062a\u0646\u0627 \u0644\u062a\u062c\u0647\u064a\u0632 \u0648\u062a\u062d\u0636\u064a\u0631 \u0623\u0646\u0648\u0627\u0639 \u0645\u062e\u062a\u0644\u0641\u0629 \u0645\u0646 \u0627\u0644\u0623\u0637\u0639\u0645\u0629\u060c \u0645\u0645\u0627 \u064a\u0636\u0645\u0646 \u0623\u0642\u0635\u0649 \u0642\u062f\u0631 \u0645\u0646 \u0627\u0644\u0643\u0641\u0627\u0621\u0629 \u0648\u0627\u0644\u0646\u0638\u0627\u0641\u0629 \u0641\u064a \u0643\u0644 \u0645\u0631\u062d\u0644\u0629. \u0648\u062a\u062a\u0631\u0627\u0648\u062d \u0647\u0630\u0647 \u0627\u0644\u0645\u0646\u062a\u062c\u0627\u062a \u0645\u0646 \u0622\u0644\u0627\u062a \u063a\u0631\u0628\u0644\u0629 \u0627\u0644\u062f\u0642\u064a\u0642 \u0625\u0644\u0649 \u0622\u0644\u0627\u062a \u0645\u0639\u0627\u0644\u062c\u0629 \u0627\u0644\u0641\u0648\u0644 \u0627\u0644\u0633\u0648\u062f\u0627\u0646\u064a. \u064a\u062a\u0645 \u062a\u0635\u0646\u064a\u0639 \u0622\u0644\u0627\u062a\u0646\u0627 \u0627\u0644\u063a\u0630\u0627\u0626\u064a\u0629 \u0628\u0645\u0648\u0627\u062f \u0645\u062a\u064a\u0646\u0629 \u0648\u062a\u0643\u0646\u0648\u0644\u0648\u062c\u064a\u0627 \u0645\u062a\u0642\u062f\u0645\u0629 \u0648\u0645\u0635\u0645\u0645\u0629 \u0644\u062a\u0646\u0627\u0633\u0628 \u0645\u062a\u0637\u0644\u0628\u0627\u062a\u0643 \u0627\u0644\u0635\u0646\u0627\u0639\u064a\u0629.<\/p>\n\t\t\t\t<img decoding=\"async\" src=\"https:\/\/albatrosendustri.com\/wp-content\/uploads\/2024\/08\/Adsiz-tasarim-3-3.png\" alt=\"Ads\u0131z tasar\u0131m (3)\" itemprop=\"image\" height=\"768\" width=\"768\" title=\"Ads\u0131z tasar\u0131m (3)\" onerror=\"this.style.display='none'\"  \/>\n\t<h3>\u0645\u062e\u0628\u0623<br \/>\n\u0627\u0644\u0639\u0645\u0648\u062f\u064a\u0629<\/h3>\n<p><a href=\"https:\/\/albatrosendustri.com\/ar\/urunlerimiz\/gida-makineleri\/bunker\/\">\u0645\u0631\u0627\u062c\u0639\u0629 \u0627\u0644\u0645\u0646\u062a\u062c<\/a>\u00a0<\/p>\n\t\t\t\t<img decoding=\"async\" src=\"https:\/\/albatrosendustri.com\/wp-content\/uploads\/2024\/08\/Adsiz-tasarim-4-3.png\" alt=\"Ads\u0131z tasar\u0131m (4)\" itemprop=\"image\" height=\"768\" width=\"768\" title=\"Ads\u0131z tasar\u0131m (4)\" onerror=\"this.style.display='none'\"  \/>\n\t<h3>\u0622\u0644\u0629 \u0639\u062c\u0646 \u0639\u062c\u064a\u0646 \u0627\u0644\u062e\u0628\u0632<\/h3>\n<p><a href=\"https:\/\/albatrosendustri.com\/ar\/urunlerimiz\/gida-makineleri\/ekmek-hamuru-yogurma-makinesi\/\">\u0645\u0631\u0627\u062c\u0639\u0629 \u0627\u0644\u0645\u0646\u062a\u062c<\/a><\/p>\n\t\t\t\t<img decoding=\"async\" src=\"https:\/\/albatrosendustri.com\/wp-content\/uploads\/2024\/08\/Adsiz-tasarim-8-2.png\" alt=\"Ads\u0131z tasar\u0131m (8)\" itemprop=\"image\" height=\"768\" width=\"768\" title=\"Ads\u0131z tasar\u0131m (8)\" onerror=\"this.style.display='none'\"  \/>\n\t<h3>\u063a\u0631\u0628\u0627\u0644<br \/>\n\u0627\u0644\u0639\u0645\u0648\u062f\u064a\u0629<\/h3>\n<p><a href=\"https:\/\/albatrosendustri.com\/ar\/urunlerimiz\/gida-makineleri\/elek-makinesi\/\">\u0645\u0631\u0627\u062c\u0639\u0629 \u0627\u0644\u0645\u0646\u062a\u062c<\/a><\/p>\n\t\t\t\t<img decoding=\"async\" src=\"https:\/\/albatrosendustri.com\/wp-content\/uploads\/2024\/08\/Adsiz-tasarim-11-2.png\" alt=\"Ads\u0131z tasar\u0131m (11)\" itemprop=\"image\" height=\"768\" width=\"768\" title=\"Ads\u0131z tasar\u0131m (11)\" onerror=\"this.style.display='none'\"  \/>\n\t<h3>\u0622\u0644\u0629 \u062a\u062c\u0641\u064a\u0641 \u0627\u0644\u0641\u0648\u0644 \u0627\u0644\u0633\u0648\u062f\u0627\u0646\u064a \u0628\u0627\u0644\u0628\u0646\u062f\u0642<\/h3>\n<p><a href=\"https:\/\/albatrosendustri.com\/ar\/urunlerimiz\/gida-makineleri\/findik-fistik-kurutma-makinesi\/\">\u0645\u0631\u0627\u062c\u0639\u0629 \u0627\u0644\u0645\u0646\u062a\u062c<\/a><\/p>\n\t\t\t\t<img decoding=\"async\" src=\"https:\/\/albatrosendustri.com\/wp-content\/uploads\/2024\/08\/Adsiz-tasarim-11-1.png\" alt=\"Ads\u0131z tasar\u0131m (11)\" itemprop=\"image\" height=\"768\" width=\"768\" title=\"Ads\u0131z tasar\u0131m (11)\" onerror=\"this.style.display='none'\"  \/>\n\t<h3>\u062a\u062d\u0645\u064a\u0635 \u0627\u0644\u0641\u0648\u0644 \u0627\u0644\u0633\u0648\u062f\u0627\u0646\u064a<br \/> \u0627\u0644\u0639\u0645\u0648\u062f\u064a\u0629<\/h3>\n<p><a href=\"https:\/\/albatrosendustri.com\/ar\/urunlerimiz\/gida-makineleri\/fistik-kavlatma-makinesi-2\/\">\u0645\u0631\u0627\u062c\u0639\u0629 \u0627\u0644\u0645\u0646\u062a\u062c<\/a><\/p>\n\t\t\t\t<img decoding=\"async\" src=\"https:\/\/albatrosendustri.com\/wp-content\/uploads\/2024\/08\/Adsiz-tasarim-21-1.png\" alt=\"Ads\u0131z tasar\u0131m (21)\" itemprop=\"image\" height=\"768\" width=\"768\" title=\"Ads\u0131z tasar\u0131m (21)\" onerror=\"this.style.display='none'\"  \/>\n\t<h3>\u062a\u062d\u0645\u064a\u0635 \u0627\u0644\u0641\u0633\u062a\u0642 \u0627\u0644\u062d\u0644\u0628\u064a<br \/>\n\u0627\u0644\u0639\u0645\u0648\u062f\u064a\u0629<\/h3>\n<p><a href=\"https:\/\/albatrosendustri.com\/ar\/urunlerimiz\/gida-makineleri\/fistik-kavurma-makinesi\/\">\u0645\u0631\u0627\u062c\u0639\u0629 \u0627\u0644\u0645\u0646\u062a\u062c<\/a><\/p>\n\t\t\t\t<img decoding=\"async\" src=\"https:\/\/albatrosendustri.com\/wp-content\/uploads\/2024\/08\/Adsiz-tasarim-8-4.png\" alt=\"Ads\u0131z tasar\u0131m (8)\" itemprop=\"image\" height=\"768\" width=\"768\" title=\"Ads\u0131z tasar\u0131m (8)\" onerror=\"this.style.display='none'\"  \/>\n\t<h3>\u0633\u062d\u0642 \u0627\u0644\u0641\u0648\u0644 \u0627\u0644\u0633\u0648\u062f\u0627\u0646\u064a<br \/>\n\u0627\u0644\u0639\u0645\u0648\u062f\u064a\u0629<\/h3>\n<p><a href=\"https:\/\/albatrosendustri.com\/ar\/urunlerimiz\/gida-makineleri\/fistik-kirma-makinesi\/\">\u0645\u0631\u0627\u062c\u0639\u0629 \u0627\u0644\u0645\u0646\u062a\u062c<\/a><\/p>\n\t\t\t\t<img decoding=\"async\" src=\"https:\/\/albatrosendustri.com\/wp-content\/uploads\/2024\/08\/Adsiz-tasarim-14-1.png\" alt=\"Ads\u0131z tasar\u0131m (14)\" itemprop=\"image\" height=\"768\" width=\"768\" title=\"Ads\u0131z tasar\u0131m (14)\" onerror=\"this.style.display='none'\"  \/>\n\t<h3>\u0623\u0631\u0632 \u0628\u0627\u0644\u0641\u0648\u0644 \u0627\u0644\u0633\u0648\u062f\u0627\u0646\u064a<br \/>\n\u0627\u0644\u0639\u0645\u0648\u062f\u064a\u0629<\/h3>\n<p><a href=\"https:\/\/albatrosendustri.com\/ar\/urunlerimiz\/gida-makineleri\/fistik-pirinc-makinesi\/\">\u0645\u0631\u0627\u062c\u0639\u0629 \u0627\u0644\u0645\u0646\u062a\u062c<\/a><\/p>\n\t\t\t\t<img decoding=\"async\" src=\"https:\/\/albatrosendustri.com\/wp-content\/uploads\/2024\/08\/Adsiz-tasarim-19-1.png\" alt=\"Ads\u0131z tasar\u0131m (19)\" itemprop=\"image\" height=\"768\" width=\"768\" title=\"Ads\u0131z tasar\u0131m (19)\" onerror=\"this.style.display='none'\"  \/>\n\t<h3>\u0627\u0644\u062d\u0628\u0648\u0628 \u0627\u0644\u062e\u0641\u064a\u0641\u0629<br \/>\n\u0627\u0644\u0639\u0645\u0648\u062f\u064a\u0629<\/h3>\n<p><a href=\"https:\/\/albatrosendustri.com\/ar\/urunlerimiz\/gida-makineleri\/hafif-tane-makinesi\/\">\u0645\u0631\u0627\u062c\u0639\u0629 \u0627\u0644\u0645\u0646\u062a\u062c<\/a><\/p>\n\t\t\t\t<img decoding=\"async\" src=\"https:\/\/albatrosendustri.com\/wp-content\/uploads\/2024\/08\/Adsiz-tasarim-6.png\" alt=\"Ads\u0131z tasar\u0131m (6)\" itemprop=\"image\" height=\"768\" width=\"768\" title=\"Ads\u0131z tasar\u0131m (6)\" onerror=\"this.style.display='none'\"  \/>\n\t<h3>\u0627\u0646\u062d\u0631\u0627\u0641<br \/>\n\u0627\u0644\u0639\u0645\u0648\u062f\u064a\u0629<\/h3>\n<p><a href=\"https:\/\/albatrosendustri.com\/ar\/urunlerimiz\/gida-makineleri\/savurma-makinesi\/\">\u0645\u0631\u0627\u062c\u0639\u0629 \u0627\u0644\u0645\u0646\u062a\u062c<\/a><\/p>\n\t\t\t\t<img decoding=\"async\" src=\"https:\/\/albatrosendustri.com\/wp-content\/uploads\/2024\/08\/Adsiz-tasarim-13-3.png\" alt=\"Ads\u0131z tasar\u0131m (13)\" itemprop=\"image\" height=\"768\" width=\"768\" title=\"Ads\u0131z tasar\u0131m (13)\" onerror=\"this.style.display='none'\"  \/>\n\t<h3>\u0645\u0627\u0643\u064a\u0646\u0629 \u062a\u062d\u0645\u064a\u0635 \u0627\u0644\u062c\u0648\u0632 \u0627\u0644\u0631\u0637\u0628<\/h3>\n<p><a href=\"https:\/\/albatrosendustri.com\/ar\/urunlerimiz\/gida-makineleri\/yas-ceviz-kavlatma-makinesi\/\">\u0645\u0631\u0627\u062c\u0639\u0629 \u0627\u0644\u0645\u0646\u062a\u062c<\/a><\/p>\n\t\t\t\t<img decoding=\"async\" src=\"https:\/\/albatrosendustri.com\/wp-content\/uploads\/2024\/08\/Adsiz-tasarim-12-3.png\" alt=\"Ads\u0131z tasar\u0131m (12)\" itemprop=\"image\" height=\"768\" width=\"768\" title=\"Ads\u0131z tasar\u0131m (12)\" onerror=\"this.style.display='none'\"  \/>\n\t<h3>\u0637\u0644\u0627\u0621 \u062f\u0631\u0627\u062c\u064a <br \/> \u0627\u0644\u0639\u0645\u0648\u062f\u064a\u0629<\/h3>\n<p><a href=\"https:\/\/albatrosendustri.com\/ar\/urunlerimiz\/draje-kaplama-makinesi\/\">\u0645\u0631\u0627\u062c\u0639\u0629 \u0627\u0644\u0645\u0646\u062a\u062c<\/a><\/p>\n\t\t\t\t<img decoding=\"async\" src=\"https:\/\/albatrosendustri.com\/wp-content\/uploads\/2024\/08\/Adsiz-tasarim-3-4.png\" alt=\"Ads\u0131z tasar\u0131m (3)\" itemprop=\"image\" height=\"768\" width=\"768\" title=\"Ads\u0131z tasar\u0131m (3)\" onerror=\"this.style.display='none'\"  \/>\n\t<h3>\u062e\u0644\u0627\u0637<br \/>\n\u0627\u0644\u0639\u0645\u0648\u062f\u064a\u0629<\/h3>\n<p><a href=\"https:\/\/albatrosendustri.com\/ar\/urunlerimiz\/gida-makineleri\/mikser\/\">\u0645\u0631\u0627\u062c\u0639\u0629 \u0627\u0644\u0645\u0646\u062a\u062c<\/a><\/p>\n\t\t\t\t<img decoding=\"async\" src=\"https:\/\/albatrosendustri.com\/wp-content\/uploads\/2024\/08\/Adsiz-tasarim-1-3.png\" alt=\"Ads\u0131z tasar\u0131m (1)\" itemprop=\"image\" height=\"768\" width=\"768\" title=\"Ads\u0131z tasar\u0131m (1)\" onerror=\"this.style.display='none'\"  \/>\n\t<h3>\u063a\u0633\u0644 \u0627\u0644\u0641\u0627\u0643\u0647\u0629 \u0648\u0627\u0644\u062e\u0636\u0631\u0648\u0627\u062a<br \/>\n\u0627\u0644\u0639\u0645\u0648\u062f\u064a\u0629<\/h3>\n<p><a href=\"https:\/\/albatrosendustri.com\/ar\/urunlerimiz\/gida-makineleri\/meyve-sebze-yikama-makinesi\/\">\u0645\u0631\u0627\u062c\u0639\u0629 \u0627\u0644\u0645\u0646\u062a\u062c<\/a><\/p>\n\t\t\t\t<img decoding=\"async\" src=\"https:\/\/albatrosendustri.com\/wp-content\/uploads\/2024\/08\/Adsiz-tasarim-8-5.png\" alt=\"Ads\u0131z tasar\u0131m (8)\" itemprop=\"image\" height=\"768\" width=\"768\" title=\"Ads\u0131z tasar\u0131m (8)\" onerror=\"this.style.display='none'\"  \/>\n\t<h3>\u0645\u0627\u0643\u064a\u0646\u0629 \u0627\u0644\u062a\u0639\u0628\u0626\u0629 \u0648 <br \/>\u0627\u0644\u062a\u0631\u0643\u064a\u0628\u0627\u062a<\/h3>\n<p><a href=\"https:\/\/albatrosendustri.com\/ar\/urunlerimiz\/gida-makineleri\/gida-tesisatlari\/\">\u0645\u0631\u0627\u062c\u0639\u0629 \u0627\u0644\u0645\u0646\u062a\u062c<\/a><\/p>","protected":false},"excerpt":{"rendered":"<p>Albatros End\u00fcstri, g\u0131da i\u015fleme s\u00fcre\u00e7lerinizi [&hellip;]<\/p>","protected":false},"author":11,"featured_media":0,"parent":4751,"menu_order":0,"comment_status":"closed","ping_status":"closed","template":"","meta":{"site-sidebar-layout":"no-sidebar","site-content-layout":"page-builder","ast-site-content-layout":"full-width-container","site-content-style":"unboxed","site-sidebar-style":"unboxed","ast-global-header-display":"","ast-banner-title-visibility":"","ast-main-header-display":"","ast-hfb-above-header-display":"","ast-hfb-below-header-display":"","ast-hfb-mobile-header-display":"","site-post-title":"disabled","ast-breadcrumbs-content":"","ast-featured-img":"disabled","footer-sml-layout":"","theme-transparent-header-meta":"disabled","adv-header-id-meta":"","stick-header-meta":"disabled","header-above-stick-meta":"","header-main-stick-meta":"","header-below-stick-meta":"","astra-migrate-meta-layouts":"set","ast-page-background-enabled":"default","ast-page-background-meta":{"desktop":{"background-color":"","background-image":"","background-repeat":"repeat","background-position":"center center","background-size":"auto","background-attachment":"scroll","background-type":"","background-media":"","overlay-type":"","overlay-color":"","overlay-opacity":"","overlay-gradient":""},"tablet":{"background-color":"","background-image":"","background-repeat":"repeat","background-position":"center center","background-size":"auto","background-attachment":"scroll","background-type":"","background-media":"","overlay-type":"","overlay-color":"","overlay-opacity":"","overlay-gradient":""},"mobile":{"background-color":"","background-image":"","background-repeat":"repeat","background-position":"center center","background-size":"auto","background-attachment":"scroll","background-type":"","background-media":"","overlay-type":"","overlay-color":"","overlay-opacity":"","overlay-gradient":""}},"ast-content-background-meta":{"desktop":{"background-color":"var(--ast-global-color-5)","background-image":"","background-repeat":"repeat","background-position":"center center","background-size":"auto","background-attachment":"scroll","background-type":"","background-media":"","overlay-type":"","overlay-color":"","overlay-opacity":"","overlay-gradient":""},"tablet":{"background-color":"var(--ast-global-color-5)","background-image":"","background-repeat":"repeat","background-position":"center center","background-size":"auto","background-attachment":"scroll","background-type":"","background-media":"","overlay-type":"","overlay-color":"","overlay-opacity":"","overlay-gradient":""},"mobile":{"background-color":"var(--ast-global-color-5)","background-image":"","background-repeat":"repeat","background-position":"center center","background-size":"auto","background-attachment":"scroll","background-type":"","background-media":"","overlay-type":"","overlay-color":"","overlay-opacity":"","overlay-gradient":""}},"footnotes":""},"class_list":["post-4987","page","type-page","status-publish","hentry"],"_links":{"self":[{"href":"https:\/\/albatrosendustri.com\/ar\/wp-json\/wp\/v2\/pages\/4987","targetHints":{"allow":["GET"]}}],"collection":[{"href":"https:\/\/albatrosendustri.com\/ar\/wp-json\/wp\/v2\/pages"}],"about":[{"href":"https:\/\/albatrosendustri.com\/ar\/wp-json\/wp\/v2\/types\/page"}],"author":[{"embeddable":true,"href":"https:\/\/albatrosendustri.com\/ar\/wp-json\/wp\/v2\/users\/11"}],"replies":[{"embeddable":true,"href":"https:\/\/albatrosendustri.com\/ar\/wp-json\/wp\/v2\/comments?post=4987"}],"version-history":[{"count":1,"href":"https:\/\/albatrosendustri.com\/ar\/wp-json\/wp\/v2\/pages\/4987\/revisions"}],"predecessor-version":[{"id":5382,"href":"https:\/\/albatrosendustri.com\/ar\/wp-json\/wp\/v2\/pages\/4987\/revisions\/5382"}],"up":[{"embeddable":true,"href":"https:\/\/albatrosendustri.com\/ar\/wp-json\/wp\/v2\/pages\/4751"}],"wp:attachment":[{"href":"https:\/\/albatrosendustri.com\/ar\/wp-json\/wp\/v2\/media?parent=4987"}],"curies":[{"name":"wp","href":"https:\/\/api.w.org\/{rel}","templated":true}]}}