{"id":4861,"date":"2024-08-14T20:50:13","date_gmt":"2024-08-14T17:50:13","guid":{"rendered":"https:\/\/albatrosendustri.com\/?page_id=4861"},"modified":"2024-08-16T16:33:35","modified_gmt":"2024-08-16T13:33:35","slug":"teklif-al","status":"publish","type":"page","link":"https:\/\/albatrosendustri.com\/ar\/teklif-al\/","title":{"rendered":"\u0627\u062d\u0635\u0644 \u0639\u0644\u0649 \u0627\u0644\u0639\u0631\u0636"},"content":{"rendered":"<h2>\n\t\t\u0627\u062d\u0635\u0644 \u0639\u0644\u0649 \u0627\u0644\u0639\u0631\u0636\n\t<\/h2>\n\t<div class=\"ast-breadcrumbs-wrapper\">\r\n\t\t\t<div class=\"ast-breadcrumbs-inner\"><nav role=\"navigation\" aria-label=\"Breadcrumbs\" class=\"breadcrumb-trail breadcrumbs\" ><div class=\"ast-breadcrumbs\"><ul class=\"trail-items\" ><li  class=\"trail-item trail-end\"><span><a href=\"https:\/\/albatrosendustri.com\/ar\/\" rel=\"home\"><span >\u0627\u0644\u0631\u0626\u064a\u0633\u064a\u0629<\/span><\/a><\/span><\/li><\/ul><\/div><\/nav><\/div>\r\n\t\t<\/div>\n\t\t\t\t<img decoding=\"async\" src=\"https:\/\/albatrosendustri.com\/wp-content\/uploads\/2024\/08\/a-2.png\" alt=\"a (2)\" itemprop=\"image\" height=\"500\" width=\"1500\" title=\"a (2)\" onerror=\"this.style.display='none'\"  \/>\n<h2>\n\t\t\u0627\u062d\u0635\u0644 \u0639\u0644\u0649 \u0627\u0644\u0639\u0631\u0636\n\t<\/h2>\n\t<p>\u0627\u062a\u0635\u0644 \u0628\u0646\u0627 \u0644\u0644\u062d\u0635\u0648\u0644 \u0639\u0644\u0649 \u0627\u0644\u062d\u0644\u0648\u0644 \u0627\u0644\u0623\u0643\u062b\u0631 \u0645\u0644\u0627\u0621\u0645\u0629 \u0644\u0627\u062d\u062a\u064a\u0627\u062c\u0627\u062a\u0643! \u064a\u0645\u0643\u0646\u0643 \u0645\u0644\u0621 \u0627\u0644\u0646\u0645\u0648\u0630\u062c \u0623\u062f\u0646\u0627\u0647 \u0644\u0644\u062d\u0635\u0648\u0644 \u0639\u0644\u0649 \u0645\u0639\u0644\u0648\u0645\u0627\u062a \u0645\u0641\u0635\u0644\u0629 \u062d\u0648\u0644 \u0645\u0646\u062a\u062c\u0627\u062a\u0646\u0627 \u0648\u062e\u062f\u0645\u0627\u062a\u0646\u0627 \u0648\u0644\u0644\u062a\u0639\u0631\u0641 \u0639\u0644\u0649 \u0639\u0631\u0636 \u0627\u0644\u0623\u0633\u0639\u0627\u0631 \u0627\u0644\u062e\u0627\u0635 \u0628\u0646\u0627 \u0644\u0643. \u0633\u0648\u0641 \u0646\u062a\u0635\u0644 \u0628\u0643 \u0641\u064a \u0623\u0642\u0631\u0628 \u0648\u0642\u062a \u0645\u0645\u0643\u0646.<\/p>","protected":false},"excerpt":{"rendered":"<p>Teklif Al \u0130htiya\u00e7lar\u0131n\u0131za en uygun [&hellip;]<\/p>","protected":false},"author":11,"featured_media":0,"parent":0,"menu_order":0,"comment_status":"closed","ping_status":"closed","template":"","meta":{"site-sidebar-layout":"no-sidebar","site-content-layout":"page-builder","ast-site-content-layout":"full-width-container","site-content-style":"unboxed","site-sidebar-style":"unboxed","ast-global-header-display":"","ast-banner-title-visibility":"","ast-main-header-display":"","ast-hfb-above-header-display":"","ast-hfb-below-header-display":"","ast-hfb-mobile-header-display":"","site-post-title":"disabled","ast-breadcrumbs-content":"","ast-featured-img":"disabled","footer-sml-layout":"","theme-transparent-header-meta":"disabled","adv-header-id-meta":"","stick-header-meta":"disabled","header-above-stick-meta":"","header-main-stick-meta":"","header-below-stick-meta":"","astra-migrate-meta-layouts":"set","ast-page-background-enabled":"default","ast-page-background-meta":{"desktop":{"background-color":"","background-image":"","background-repeat":"repeat","background-position":"center center","background-size":"auto","background-attachment":"scroll","background-type":"","background-media":"","overlay-type":"","overlay-color":"","overlay-opacity":"","overlay-gradient":""},"tablet":{"background-color":"","background-image":"","background-repeat":"repeat","background-position":"center center","background-size":"auto","background-attachment":"scroll","background-type":"","background-media":"","overlay-type":"","overlay-color":"","overlay-opacity":"","overlay-gradient":""},"mobile":{"background-color":"","background-image":"","background-repeat":"repeat","background-position":"center center","background-size":"auto","background-attachment":"scroll","background-type":"","background-media":"","overlay-type":"","overlay-color":"","overlay-opacity":"","overlay-gradient":""}},"ast-content-background-meta":{"desktop":{"background-color":"var(--ast-global-color-5)","background-image":"","background-repeat":"repeat","background-position":"center center","background-size":"auto","background-attachment":"scroll","background-type":"","background-media":"","overlay-type":"","overlay-color":"","overlay-opacity":"","overlay-gradient":""},"tablet":{"background-color":"var(--ast-global-color-5)","background-image":"","background-repeat":"repeat","background-position":"center center","background-size":"auto","background-attachment":"scroll","background-type":"","background-media":"","overlay-type":"","overlay-color":"","overlay-opacity":"","overlay-gradient":""},"mobile":{"background-color":"var(--ast-global-color-5)","background-image":"","background-repeat":"repeat","background-position":"center center","background-size":"auto","background-attachment":"scroll","background-type":"","background-media":"","overlay-type":"","overlay-color":"","overlay-opacity":"","overlay-gradient":""}},"footnotes":""},"class_list":["post-4861","page","type-page","status-publish","hentry"],"_links":{"self":[{"href":"https:\/\/albatrosendustri.com\/ar\/wp-json\/wp\/v2\/pages\/4861","targetHints":{"allow":["GET"]}}],"collection":[{"href":"https:\/\/albatrosendustri.com\/ar\/wp-json\/wp\/v2\/pages"}],"about":[{"href":"https:\/\/albatrosendustri.com\/ar\/wp-json\/wp\/v2\/types\/page"}],"author":[{"embeddable":true,"href":"https:\/\/albatrosendustri.com\/ar\/wp-json\/wp\/v2\/users\/11"}],"replies":[{"embeddable":true,"href":"https:\/\/albatrosendustri.com\/ar\/wp-json\/wp\/v2\/comments?post=4861"}],"version-history":[{"count":0,"href":"https:\/\/albatrosendustri.com\/ar\/wp-json\/wp\/v2\/pages\/4861\/revisions"}],"wp:attachment":[{"href":"https:\/\/albatrosendustri.com\/ar\/wp-json\/wp\/v2\/media?parent=4861"}],"curies":[{"name":"wp","href":"https:\/\/api.w.org\/{rel}","templated":true}]}}