{"id":4751,"date":"2024-08-13T17:17:03","date_gmt":"2024-08-13T14:17:03","guid":{"rendered":"https:\/\/albatrosendustri.com\/?page_id=4751"},"modified":"2025-02-11T00:01:48","modified_gmt":"2025-02-10T21:01:48","slug":"urunlerimiz","status":"publish","type":"page","link":"https:\/\/albatrosendustri.com\/ar\/urunlerimiz\/","title":{"rendered":"\u0645\u0646\u062a\u062c\u0627\u062a\u0646\u0627"},"content":{"rendered":"<h2>\n\t\t\u0645\u0646\u062a\u062c\u0627\u062a\u0646\u0627\n\t<\/h2>\n\t<div class=\"ast-breadcrumbs-wrapper\">\r\n\t\t\t<div class=\"ast-breadcrumbs-inner\"><nav role=\"navigation\" aria-label=\"Breadcrumbs\" class=\"breadcrumb-trail breadcrumbs\" ><div class=\"ast-breadcrumbs\"><ul class=\"trail-items\" ><li  class=\"trail-item trail-end\"><span><a href=\"https:\/\/albatrosendustri.com\/ar\/\" rel=\"home\"><span >\u0627\u0644\u0631\u0626\u064a\u0633\u064a\u0629<\/span><\/a><\/span><\/li><\/ul><\/div><\/nav><\/div>\r\n\t\t<\/div>\n\t<p><strong>Albatros End\u00fcstri<\/strong> \u0646\u062a\u064a\u062c\u0629 \u0644\u0630\u0644\u0643 \u060c \u0646\u0642\u062f\u0645 \u062d\u0644\u0648\u0644 \u062a\u063a\u0644\u064a\u0641 \u0645\u0628\u062a\u0643\u0631\u0629 \u0648\u0639\u0627\u0644\u064a\u0629 \u0627\u0644\u062c\u0648\u062f\u0629. \u062a\u062a\u0643\u0648\u0646 \u0645\u062c\u0645\u0648\u0639\u0629 \u0645\u0646\u062a\u062c\u0627\u062a\u0646\u0627 \u0627\u0644\u0648\u0627\u0633\u0639\u0629 \u0645\u0646 \u0622\u0644\u0627\u062a \u0627\u0644\u062a\u0639\u0628\u0626\u0629 \u0648\u0627\u0644\u062a\u063a\u0644\u064a\u0641 \u0627\u0644\u062d\u062f\u064a\u062b\u0629 \u0627\u0644\u0645\u0635\u0645\u0645\u0629 \u0644\u062a\u0644\u0628\u064a\u0629 \u0627\u062d\u062a\u064a\u0627\u062c\u0627\u062a \u0627\u0644\u0642\u0637\u0627\u0639\u0627\u062a \u0627\u0644\u0645\u062e\u062a\u0644\u0641\u0629. \u0645\u062b\u0627\u0644\u064a\u0629 \u0644\u0644\u0639\u062f\u064a\u062f \u0645\u0646 \u0627\u0644\u0635\u0646\u0627\u0639\u0627\u062a \u0645\u062b\u0644 \u0627\u0644\u0645\u0648\u0627\u062f \u0627\u0644\u063a\u0630\u0627\u0626\u064a\u0629 \u0648\u0645\u0633\u062a\u062d\u0636\u0631\u0627\u062a \u0627\u0644\u062a\u062c\u0645\u064a\u0644 \u0648\u0627\u0644\u0645\u0648\u0627\u062f \u0627\u0644\u0643\u064a\u0645\u064a\u0627\u0626\u064a\u0629 \u0648\u0645\u0627 \u0625\u0644\u0649 \u0630\u0644\u0643 \u060c \u062a\u0633\u0627\u0639\u062f \u0623\u062c\u0647\u0632\u062a\u0646\u0627 \u0639\u0644\u0649 \u062a\u062d\u0633\u064a\u0646 \u0627\u0644\u0639\u0645\u0644\u064a\u0627\u062a \u0627\u0644\u062a\u062c\u0627\u0631\u064a\u0629 \u0645\u0639 \u0632\u064a\u0627\u062f\u0629 \u0627\u0644\u0625\u0646\u062a\u0627\u062c\u064a\u0629.<\/p>\n\t\t\t\t<img decoding=\"async\" src=\"https:\/\/albatrosendustri.com\/wp-content\/uploads\/2024\/08\/Adsiz-tasarim-3.png\" alt=\"Ads\u0131z tasar\u0131m (3)\" itemprop=\"image\" height=\"768\" width=\"768\" title=\"Ads\u0131z tasar\u0131m (3)\" onerror=\"this.style.display='none'\"  \/>\n\t<h3>\u0645\u0627\u0643\u064a\u0646\u0629 \u0627\u0644\u062a\u0639\u0628\u0626\u0629 \u0648<br \/>\n\u0627\u0644\u062a\u063a\u0644\u064a\u0641<\/h3>\n<p><a href=\"https:\/\/albatrosendustri.com\/ar\/urunlerimiz\/gida-makineleri\/\">\u0645\u0631\u0627\u062c\u0639\u0629 \u0627\u0644\u0645\u0646\u062a\u062c<\/a><\/p>\n\t\t\t\t<img decoding=\"async\" src=\"https:\/\/albatrosendustri.com\/wp-content\/uploads\/2024\/08\/Adsiz-tasarim-6-3.png\" alt=\"Ads\u0131z tasar\u0131m (6)\" itemprop=\"image\" height=\"768\" width=\"768\" title=\"Ads\u0131z tasar\u0131m (6)\" onerror=\"this.style.display='none'\"  \/>\n\t<h3>\u0627\u0644\u0645\u064a\u0643\u0627\u0646\u064a\u0643\u064a\u0629<br \/>\n\u0627\u0644\u062a\u0631\u0643\u064a\u0628<\/h3>\n<p><a href=\"https:\/\/albatrosendustri.com\/ar\/urunlerimiz\/mekanik-tesisat\/\">\u0645\u0631\u0627\u062c\u0639\u0629 \u0627\u0644\u0645\u0646\u062a\u062c<\/a><\/p>\n\t\t\t\t<img decoding=\"async\" src=\"https:\/\/albatrosendustri.com\/wp-content\/uploads\/2024\/08\/Adsiz-tasarim-29.png\" alt=\"Ads\u0131z tasar\u0131m (29)\" itemprop=\"image\" height=\"768\" width=\"768\" title=\"Ads\u0131z tasar\u0131m (29)\" onerror=\"this.style.display='none'\"  \/>\n\t<h3 class=\" translation-block\">\u0645\u0627\u0643\u064a\u0646\u0627\u062a \u0627\u0644\u0644\u0648\u0644\u0628<\/h3>\n<p><a href=\"https:\/\/albatrosendustri.com\/ar\/urunlerimiz\/helezon\/\">\u0645\u0631\u0627\u062c\u0639\u0629 \u0627\u0644\u0645\u0646\u062a\u062c<\/a><\/p>\n\t\t\t\t<img decoding=\"async\" src=\"https:\/\/albatrosendustri.com\/wp-content\/uploads\/2024\/08\/Adsiz-tasarim-3-2.png\" alt=\"\u0627\u0644\u062d\u0632\u0627\u0645 \u0627\u0644\u0646\u0627\u0642\u0644 L\" itemprop=\"image\" height=\"768\" width=\"768\" title=\"Ads\u0131z tasar\u0131m (3)\" onerror=\"this.style.display='none'\"  \/>\n\t<h3 class=\" translation-block\">\u0623\u062d\u0632\u0645\u0629 \u0627\u0644\u0646\u0642\u0644<\/h3>\n<p><a href=\"https:\/\/albatrosendustri.com\/ar\/urunlerimiz\/tasima-bantlari\/\">\u0645\u0631\u0627\u062c\u0639\u0629 \u0627\u0644\u0645\u0646\u062a\u062c<\/a><\/p>\n\t\t\t\t<img decoding=\"async\" src=\"https:\/\/albatrosendustri.com\/wp-content\/uploads\/2025\/02\/c9aa8ba0-f4cb-4a60-9656-e94f13dfa179.png\" alt=\"c9aa8ba0-f4cb-4a60-9656-e94f13dfa179\" itemprop=\"image\" height=\"768\" width=\"768\" title=\"c9aa8ba0-f4cb-4a60-9656-e94f13dfa179\" onerror=\"this.style.display='none'\"  \/>\n\t<h3>\u0622\u0644\u0629 \u062a\u0639\u0628\u0626\u0629 \u0648\u062a\u063a\u0644\u064a\u0641 \u0627\u0644\u0639\u0635\u064a<\/h3>\n<p><a href=\"https:\/\/albatrosendustri.com\/ar\/urunlerimiz\/stick-paketleme-ve-dolum-makinesi\/\">\u0645\u0631\u0627\u062c\u0639\u0629 \u0627\u0644\u0645\u0646\u062a\u062c<\/a>\u00a0<\/p>\n\t\t\t\t<img decoding=\"async\" src=\"https:\/\/albatrosendustri.com\/wp-content\/uploads\/2024\/08\/Adsiz-tasarim-5.png\" alt=\"Ads\u0131z tasar\u0131m (5)\" itemprop=\"image\" height=\"768\" width=\"768\" title=\"Ads\u0131z tasar\u0131m (5)\" onerror=\"this.style.display='none'\"  \/>\n\t<h3>\u0645\u0627\u0643\u064a\u0646\u0629 \u062a\u0639\u0628\u0626\u0629 \u0648\u062a\u063a\u0644\u064a\u0641 \u0627\u0644\u0633\u0648\u0627\u0626\u0644 \u0627\u0644\u0644\u0627\u0635\u0642\u0629<\/h3>\n<p><a href=\"https:\/\/albatrosendustri.com\/ar\/urunlerimiz\/stick-sivi-dolum-ve-paketleme-makinesi\/\">\u0645\u0631\u0627\u062c\u0639\u0629 \u0627\u0644\u0645\u0646\u062a\u062c<\/a><\/p>\n\t\t\t\t<img decoding=\"async\" src=\"https:\/\/albatrosendustri.com\/wp-content\/uploads\/2025\/02\/5b91a048-f580-4ba6-91b6-2cf72faa72d4.png\" alt=\"5b91a048-f580-4ba6-91b6-2cf72faa72d4\" itemprop=\"image\" height=\"768\" width=\"768\" title=\"5b91a048-f580-4ba6-91b6-2cf72faa72d4\" onerror=\"this.style.display='none'\"  \/>\n\t<h3 class=\" translation-block\">\u0622\u0644\u0629 \u062a\u0639\u0628\u0626\u0629 \u0627\u0644\u0645\u0633\u0627\u062d\u064a\u0642 \u0627\u0644\u0639\u0645\u0648\u062f\u064a\u0629<\/h3>\n<p><a href=\"https:\/\/albatrosendustri.com\/ar\/urunlerimiz\/stick-sivi-dolum-ve-paketleme-makinesi\/\">\u0645\u0631\u0627\u062c\u0639\u0629 \u0627\u0644\u0645\u0646\u062a\u062c<\/a><\/p>\n\t\t\t\t<img decoding=\"async\" src=\"https:\/\/albatrosendustri.com\/wp-content\/uploads\/2025\/02\/73433b73-c904-4986-8b98-08897d99e502.png\" alt=\"73433b73-c904-4986-8b98-08897d99e502\" itemprop=\"image\" height=\"768\" width=\"768\" title=\"73433b73-c904-4986-8b98-08897d99e502\" onerror=\"this.style.display='none'\"  \/>\n\t<h3 class=\" translation-block\">\u0622\u0644\u0629 \u062a\u0639\u0628\u0626\u0629 \u0627\u0644\u0623\u0643\u064a\u0627\u0633 \u0627\u0644\u062f\u0648\u064a\u0628\u0627\u0643<\/h3>\n<p><a href=\"https:\/\/albatrosendustri.com\/ar\/urunlerimiz\/stick-sivi-dolum-ve-paketleme-makinesi\/\">\u0645\u0631\u0627\u062c\u0639\u0629 \u0627\u0644\u0645\u0646\u062a\u062c<\/a><\/p>\n\t\t\t\t<img decoding=\"async\" src=\"https:\/\/albatrosendustri.com\/wp-content\/uploads\/2024\/08\/Adsiz-tasarim-5-4.png\" alt=\"Ads\u0131z tasar\u0131m (5)\" itemprop=\"image\" height=\"768\" width=\"768\" title=\"Ads\u0131z tasar\u0131m (5)\" onerror=\"this.style.display='none'\"  \/>\n\t<h3>\u062e\u0632\u0627\u0646\u0627\u062a \u0627\u0644\u062a\u0633\u062e\u064a\u0646 \u0648\u0627\u0644\u062e\u0644\u0637<\/h3>\n<p><a href=\"https:\/\/albatrosendustri.com\/ar\/urunlerimiz\/isitmali-ve-karistirici-tanklar\/\">\u0645\u0631\u0627\u062c\u0639\u0629 \u0627\u0644\u0645\u0646\u062a\u062c<\/a><\/p>\n\t\t\t\t<img decoding=\"async\" src=\"https:\/\/albatrosendustri.com\/wp-content\/uploads\/2024\/08\/Adsiz-tasarim-8-1.png\" alt=\"Zeytinya\u011f\u0131 Deplama Tank\u0131\" itemprop=\"image\" height=\"768\" width=\"768\" title=\"Ads\u0131z tasar\u0131m (8)\" onerror=\"this.style.display='none'\"  \/>\n\t<h3 class=\" translation-block\">\u062e\u0632\u0627\u0646\u0627\u062a \u0627\u0644\u062a\u062e\u0632\u064a\u0646<\/h3>\n<p><a href=\"https:\/\/albatrosendustri.com\/ar\/urunlerimiz\/stok-tanklari\/\">\u0645\u0631\u0627\u062c\u0639\u0629 \u0627\u0644\u0645\u0646\u062a\u062c<\/a><\/p>","protected":false},"excerpt":{"rendered":"<p>Albatros End\u00fcstri olarak, y\u00fcksek kaliteli [&hellip;]<\/p>","protected":false},"author":11,"featured_media":0,"parent":0,"menu_order":0,"comment_status":"closed","ping_status":"closed","template":"","meta":{"site-sidebar-layout":"no-sidebar","site-content-layout":"page-builder","ast-site-content-layout":"full-width-container","site-content-style":"unboxed","site-sidebar-style":"unboxed","ast-global-header-display":"","ast-banner-title-visibility":"","ast-main-header-display":"","ast-hfb-above-header-display":"","ast-hfb-below-header-display":"","ast-hfb-mobile-header-display":"","site-post-title":"disabled","ast-breadcrumbs-content":"","ast-featured-img":"disabled","footer-sml-layout":"","theme-transparent-header-meta":"disabled","adv-header-id-meta":"","stick-header-meta":"disabled","header-above-stick-meta":"","header-main-stick-meta":"","header-below-stick-meta":"","astra-migrate-meta-layouts":"set","ast-page-background-enabled":"default","ast-page-background-meta":{"desktop":{"background-color":"","background-image":"","background-repeat":"repeat","background-position":"center center","background-size":"auto","background-attachment":"scroll","background-type":"","background-media":"","overlay-type":"","overlay-color":"","overlay-opacity":"","overlay-gradient":""},"tablet":{"background-color":"","background-image":"","background-repeat":"repeat","background-position":"center center","background-size":"auto","background-attachment":"scroll","background-type":"","background-media":"","overlay-type":"","overlay-color":"","overlay-opacity":"","overlay-gradient":""},"mobile":{"background-color":"","background-image":"","background-repeat":"repeat","background-position":"center center","background-size":"auto","background-attachment":"scroll","background-type":"","background-media":"","overlay-type":"","overlay-color":"","overlay-opacity":"","overlay-gradient":""}},"ast-content-background-meta":{"desktop":{"background-color":"var(--ast-global-color-5)","background-image":"","background-repeat":"repeat","background-position":"center center","background-size":"auto","background-attachment":"scroll","background-type":"","background-media":"","overlay-type":"","overlay-color":"","overlay-opacity":"","overlay-gradient":""},"tablet":{"background-color":"var(--ast-global-color-5)","background-image":"","background-repeat":"repeat","background-position":"center center","background-size":"auto","background-attachment":"scroll","background-type":"","background-media":"","overlay-type":"","overlay-color":"","overlay-opacity":"","overlay-gradient":""},"mobile":{"background-color":"var(--ast-global-color-5)","background-image":"","background-repeat":"repeat","background-position":"center center","background-size":"auto","background-attachment":"scroll","background-type":"","background-media":"","overlay-type":"","overlay-color":"","overlay-opacity":"","overlay-gradient":""}},"footnotes":""},"class_list":["post-4751","page","type-page","status-publish","hentry"],"_links":{"self":[{"href":"https:\/\/albatrosendustri.com\/ar\/wp-json\/wp\/v2\/pages\/4751","targetHints":{"allow":["GET"]}}],"collection":[{"href":"https:\/\/albatrosendustri.com\/ar\/wp-json\/wp\/v2\/pages"}],"about":[{"href":"https:\/\/albatrosendustri.com\/ar\/wp-json\/wp\/v2\/types\/page"}],"author":[{"embeddable":true,"href":"https:\/\/albatrosendustri.com\/ar\/wp-json\/wp\/v2\/users\/11"}],"replies":[{"embeddable":true,"href":"https:\/\/albatrosendustri.com\/ar\/wp-json\/wp\/v2\/comments?post=4751"}],"version-history":[{"count":2,"href":"https:\/\/albatrosendustri.com\/ar\/wp-json\/wp\/v2\/pages\/4751\/revisions"}],"predecessor-version":[{"id":5394,"href":"https:\/\/albatrosendustri.com\/ar\/wp-json\/wp\/v2\/pages\/4751\/revisions\/5394"}],"wp:attachment":[{"href":"https:\/\/albatrosendustri.com\/ar\/wp-json\/wp\/v2\/media?parent=4751"}],"curies":[{"name":"wp","href":"https:\/\/api.w.org\/{rel}","templated":true}]}}